{"id":1319,"date":"2024-02-27T08:21:44","date_gmt":"2024-02-27T08:21:44","guid":{"rendered":"https:\/\/schulen-rapperswil.ch\/oberstufenzentrum\/?page_id=1319"},"modified":"2025-03-10T10:29:20","modified_gmt":"2025-03-10T10:29:20","slug":"mediathek","status":"publish","type":"page","link":"https:\/\/schulen-rapperswil.ch\/oberstufenzentrum\/angebot\/mediathek\/","title":{"rendered":"Mediathek\u00a0\u00a0"},"content":{"rendered":"\t\t<div data-elementor-type=\"wp-page\" data-elementor-id=\"1319\" class=\"elementor elementor-1319\" data-elementor-post-type=\"page\">\n\t\t\t\t<div class=\"elementor-element elementor-element-ae4cfe3 e-flex e-con-boxed e-con e-parent\" data-id=\"ae4cfe3\" data-element_type=\"container\" data-e-type=\"container\" data-settings=\"{&quot;background_background&quot;:&quot;classic&quot;}\">\n\t\t\t\t\t<div class=\"e-con-inner\">\n\t\t\t\t<div class=\"elementor-element elementor-element-fecb30c elementor-widget__width-auto elementor-widget elementor-widget-heading\" data-id=\"fecb30c\" data-element_type=\"widget\" data-e-type=\"widget\" data-widget_type=\"heading.default\">\n\t\t\t\t<div class=\"elementor-widget-container\">\n\t\t\t\t\t<h1 class=\"elementor-heading-title elementor-size-default\">Mediathek Rapperswil<\/h1>\t\t\t\t<\/div>\n\t\t\t\t<\/div>\n\t\t\t\t<div class=\"elementor-element elementor-element-ac0a54c elementor-widget elementor-widget-heading\" data-id=\"ac0a54c\" data-element_type=\"widget\" data-e-type=\"widget\" data-widget_type=\"heading.default\">\n\t\t\t\t<div class=\"elementor-widget-container\">\n\t\t\t\t\t<h3 class=\"elementor-heading-title elementor-size-default\">Bei uns findest du B\u00fccher, H\u00f6rb\u00fccher, Comics, Mangas, DVDs, CDs, Zeitschriften, Lesestoff auf e-reader<\/h3>\t\t\t\t<\/div>\n\t\t\t\t<\/div>\n\t\t\t\t\t<\/div>\n\t\t\t\t<\/div>\n\t\t<div class=\"elementor-element elementor-element-dac7d6d e-flex e-con-boxed e-con e-parent\" data-id=\"dac7d6d\" data-element_type=\"container\" data-e-type=\"container\" data-settings=\"{&quot;background_background&quot;:&quot;classic&quot;}\">\n\t\t\t\t\t<div class=\"e-con-inner\">\n\t\t<div class=\"elementor-element elementor-element-327643d e-flex e-con-boxed e-con e-child\" data-id=\"327643d\" data-element_type=\"container\" data-e-type=\"container\">\n\t\t\t\t\t<div class=\"e-con-inner\">\n\t\t<div class=\"elementor-element elementor-element-c7122b8 e-con-full e-flex e-con e-child\" data-id=\"c7122b8\" data-element_type=\"container\" data-e-type=\"container\">\n\t\t\t\t<div class=\"elementor-element elementor-element-f993cf4 elementor-widget elementor-widget-text-editor\" data-id=\"f993cf4\" data-element_type=\"widget\" data-e-type=\"widget\" data-widget_type=\"text-editor.default\">\n\t\t\t\t<div class=\"elementor-widget-container\">\n\t\t\t\t\t\t\t\t\t<p>Die Mediathek Bibliothek Rapperswil versteht sich als Informationszentrum, an zentraler Lage zwischen Oberstufenzentrum und Primarschule, mit einem aktuellen Medienangebot f\u00fcr &#8222;Jung und Alt&#8220;.\u00a0<\/p>\t\t\t\t\t\t\t\t<\/div>\n\t\t\t\t<\/div>\n\t\t\t\t<\/div>\n\t\t<div class=\"elementor-element elementor-element-786d6a2 e-con-full e-flex e-con e-child\" data-id=\"786d6a2\" data-element_type=\"container\" data-e-type=\"container\">\n\t\t\t\t<div class=\"elementor-element elementor-element-031ae1a elementor-widget elementor-widget-image\" data-id=\"031ae1a\" data-element_type=\"widget\" data-e-type=\"widget\" data-widget_type=\"image.default\">\n\t\t\t\t<div class=\"elementor-widget-container\">\n\t\t\t\t\t\t\t\t\t\t\t\t\t\t\t<img fetchpriority=\"high\" decoding=\"async\" width=\"800\" height=\"534\" src=\"https:\/\/schulen-rapperswil.ch\/oberstufenzentrum\/wp-content\/uploads\/2024\/02\/Schule-Rapperswil-BE-Oberstufenzentrum-Mediathek-1024x683.jpg\" class=\"attachment-large size-large wp-image-1797\" alt=\"\" srcset=\"https:\/\/schulen-rapperswil.ch\/oberstufenzentrum\/wp-content\/uploads\/2024\/02\/Schule-Rapperswil-BE-Oberstufenzentrum-Mediathek-1024x683.jpg 1024w, https:\/\/schulen-rapperswil.ch\/oberstufenzentrum\/wp-content\/uploads\/2024\/02\/Schule-Rapperswil-BE-Oberstufenzentrum-Mediathek-300x200.jpg 300w, https:\/\/schulen-rapperswil.ch\/oberstufenzentrum\/wp-content\/uploads\/2024\/02\/Schule-Rapperswil-BE-Oberstufenzentrum-Mediathek-768x512.jpg 768w, https:\/\/schulen-rapperswil.ch\/oberstufenzentrum\/wp-content\/uploads\/2024\/02\/Schule-Rapperswil-BE-Oberstufenzentrum-Mediathek.jpg 1500w\" sizes=\"(max-width: 800px) 100vw, 800px\" \/>\t\t\t\t\t\t\t\t\t\t\t\t\t\t\t<\/div>\n\t\t\t\t<\/div>\n\t\t\t\t<\/div>\n\t\t\t\t\t<\/div>\n\t\t\t\t<\/div>\n\t\t\t\t\t<\/div>\n\t\t\t\t<\/div>\n\t\t<div class=\"elementor-element elementor-element-e5c87f3 e-flex e-con-boxed e-con e-parent\" data-id=\"e5c87f3\" data-element_type=\"container\" data-e-type=\"container\" data-settings=\"{&quot;background_background&quot;:&quot;classic&quot;}\">\n\t\t\t\t\t<div class=\"e-con-inner\">\n\t\t<div class=\"elementor-element elementor-element-aa7ca97 e-con-full e-flex e-con e-child\" data-id=\"aa7ca97\" data-element_type=\"container\" data-e-type=\"container\" data-settings=\"{&quot;background_background&quot;:&quot;classic&quot;}\">\n\t\t\t\t<div class=\"elementor-element elementor-element-a7b3062 elementor-widget elementor-widget-heading\" data-id=\"a7b3062\" data-element_type=\"widget\" data-e-type=\"widget\" data-widget_type=\"heading.default\">\n\t\t\t\t<div class=\"elementor-widget-container\">\n\t\t\t\t\t<h3 class=\"elementor-heading-title elementor-size-default\">Angebot<\/h3>\t\t\t\t<\/div>\n\t\t\t\t<\/div>\n\t\t\t\t<div class=\"elementor-element elementor-element-2bb6c49 elementor-widget elementor-widget-text-editor\" data-id=\"2bb6c49\" data-element_type=\"widget\" data-e-type=\"widget\" data-widget_type=\"text-editor.default\">\n\t\t\t\t<div class=\"elementor-widget-container\">\n\t\t\t\t\t\t\t\t\t<p>B\u00fccher, H\u00f6rb\u00fccher, Comics, Mangas, DVDs, CDs, Zeitschriften, Lesestoff auf e-reader\u00a0<\/p>\t\t\t\t\t\t\t\t<\/div>\n\t\t\t\t<\/div>\n\t\t\t\t<\/div>\n\t\t<div class=\"elementor-element elementor-element-98cf887 e-con-full e-flex e-con e-child\" data-id=\"98cf887\" data-element_type=\"container\" data-e-type=\"container\" data-settings=\"{&quot;background_background&quot;:&quot;classic&quot;}\">\n\t\t\t\t<div class=\"elementor-element elementor-element-5de42ef elementor-widget elementor-widget-heading\" data-id=\"5de42ef\" data-element_type=\"widget\" data-e-type=\"widget\" data-widget_type=\"heading.default\">\n\t\t\t\t<div class=\"elementor-widget-container\">\n\t\t\t\t\t<h3 class=\"elementor-heading-title elementor-size-default\">Ausleihfrist<\/h3>\t\t\t\t<\/div>\n\t\t\t\t<\/div>\n\t\t\t\t<div class=\"elementor-element elementor-element-ebea3ca elementor-widget elementor-widget-text-editor\" data-id=\"ebea3ca\" data-element_type=\"widget\" data-e-type=\"widget\" data-widget_type=\"text-editor.default\">\n\t\t\t\t<div class=\"elementor-widget-container\">\n\t\t\t\t\t\t\t\t\t<p>Alle Medien k\u00f6nnen mindestens vier Wochen ausgeliehen werden.\u00a0<\/p>\t\t\t\t\t\t\t\t<\/div>\n\t\t\t\t<\/div>\n\t\t\t\t<\/div>\n\t\t<div class=\"elementor-element elementor-element-13a6a1e e-con-full e-flex e-con e-child\" data-id=\"13a6a1e\" data-element_type=\"container\" data-e-type=\"container\" data-settings=\"{&quot;background_background&quot;:&quot;classic&quot;}\">\n\t\t\t\t<div class=\"elementor-element elementor-element-a4c0eb4 elementor-widget elementor-widget-heading\" data-id=\"a4c0eb4\" data-element_type=\"widget\" data-e-type=\"widget\" data-widget_type=\"heading.default\">\n\t\t\t\t<div class=\"elementor-widget-container\">\n\t\t\t\t\t<h3 class=\"elementor-heading-title elementor-size-default\">Geb\u00fchren<\/h3>\t\t\t\t<\/div>\n\t\t\t\t<\/div>\n\t\t\t\t<div class=\"elementor-element elementor-element-a6b8719 elementor-widget elementor-widget-text-editor\" data-id=\"a6b8719\" data-element_type=\"widget\" data-e-type=\"widget\" data-widget_type=\"text-editor.default\">\n\t\t\t\t<div class=\"elementor-widget-container\">\n\t\t\t\t\t\t\t\t\t<p>Die Ausleihe von B\u00fcchern, Zeitschriften und CDs ist f\u00fcr SUS kostenlos. Werden die Medien nicht rechtzeitig zur\u00fcckgebracht, entstehen Mahngeb\u00fchren. F\u00fcr die Ausleihe von DVDs wird eine Jahresgeb\u00fchr von CHF 5.- erhoben.\u00a0<\/p>\t\t\t\t\t\t\t\t<\/div>\n\t\t\t\t<\/div>\n\t\t\t\t<\/div>\n\t\t\t\t\t<\/div>\n\t\t\t\t<\/div>\n\t\t<div class=\"elementor-element elementor-element-b23b442 e-flex e-con-boxed e-con e-parent\" data-id=\"b23b442\" data-element_type=\"container\" data-e-type=\"container\" data-settings=\"{&quot;background_background&quot;:&quot;classic&quot;}\">\n\t\t\t\t\t<div class=\"e-con-inner\">\n\t\t<div class=\"elementor-element elementor-element-b5634e9 e-con-full e-flex e-con e-child\" data-id=\"b5634e9\" data-element_type=\"container\" data-e-type=\"container\">\n\t\t<div class=\"elementor-element elementor-element-2719e9d e-con-full e-flex e-con e-child\" data-id=\"2719e9d\" data-element_type=\"container\" data-e-type=\"container\">\n\t\t\t\t<div class=\"elementor-element elementor-element-f674a0e elementor-widget elementor-widget-heading\" data-id=\"f674a0e\" data-element_type=\"widget\" data-e-type=\"widget\" data-widget_type=\"heading.default\">\n\t\t\t\t<div class=\"elementor-widget-container\">\n\t\t\t\t\t<h3 class=\"elementor-heading-title elementor-size-default\">\u00d6ffnungszeiten<\/h3>\t\t\t\t<\/div>\n\t\t\t\t<\/div>\n\t\t\t\t<\/div>\n\t\t<div class=\"elementor-element elementor-element-eb8a04a e-con-full e-flex e-con e-child\" data-id=\"eb8a04a\" data-element_type=\"container\" data-e-type=\"container\">\n\t\t\t\t<div class=\"elementor-element elementor-element-612d6bf elementor-widget elementor-widget-text-editor\" data-id=\"612d6bf\" data-element_type=\"widget\" data-e-type=\"widget\" data-widget_type=\"text-editor.default\">\n\t\t\t\t<div class=\"elementor-widget-container\">\n\t\t\t\t\t\t\t\t\t<p>Dienstag und Donnerstag<\/p>\t\t\t\t\t\t\t\t<\/div>\n\t\t\t\t<\/div>\n\t\t\t\t<\/div>\n\t\t<div class=\"elementor-element elementor-element-fe92d39 e-con-full e-flex e-con e-child\" data-id=\"fe92d39\" data-element_type=\"container\" data-e-type=\"container\">\n\t\t\t\t<div class=\"elementor-element elementor-element-d197e32 elementor-widget elementor-widget-text-editor\" data-id=\"d197e32\" data-element_type=\"widget\" data-e-type=\"widget\" data-widget_type=\"text-editor.default\">\n\t\t\t\t<div class=\"elementor-widget-container\">\n\t\t\t\t\t\t\t\t\t<p>9.00 Uhr \u2013 11.00 Uhr<\/p>\t\t\t\t\t\t\t\t<\/div>\n\t\t\t\t<\/div>\n\t\t\t\t<\/div>\n\t\t<div class=\"elementor-element elementor-element-2f3d03d e-con-full e-flex e-con e-child\" data-id=\"2f3d03d\" data-element_type=\"container\" data-e-type=\"container\">\n\t\t\t\t<div class=\"elementor-element elementor-element-ef6147c elementor-widget elementor-widget-text-editor\" data-id=\"ef6147c\" data-element_type=\"widget\" data-e-type=\"widget\" data-widget_type=\"text-editor.default\">\n\t\t\t\t<div class=\"elementor-widget-container\">\n\t\t\t\t\t\t\t\t\t<p>Mittwoch\u00a0<\/p>\t\t\t\t\t\t\t\t<\/div>\n\t\t\t\t<\/div>\n\t\t\t\t<\/div>\n\t\t<div class=\"elementor-element elementor-element-f807152 e-con-full e-flex e-con e-child\" data-id=\"f807152\" data-element_type=\"container\" data-e-type=\"container\">\n\t\t\t\t<div class=\"elementor-element elementor-element-4580134 elementor-widget elementor-widget-text-editor\" data-id=\"4580134\" data-element_type=\"widget\" data-e-type=\"widget\" data-widget_type=\"text-editor.default\">\n\t\t\t\t<div class=\"elementor-widget-container\">\n\t\t\t\t\t\t\t\t\t<p>16.00 Uhr \u2013 20.00 Uhr<\/p>\t\t\t\t\t\t\t\t<\/div>\n\t\t\t\t<\/div>\n\t\t\t\t<\/div>\n\t\t<div class=\"elementor-element elementor-element-e132492 e-con-full e-flex e-con e-child\" data-id=\"e132492\" data-element_type=\"container\" data-e-type=\"container\">\n\t\t\t\t<div class=\"elementor-element elementor-element-47063cf elementor-widget elementor-widget-text-editor\" data-id=\"47063cf\" data-element_type=\"widget\" data-e-type=\"widget\" data-widget_type=\"text-editor.default\">\n\t\t\t\t<div class=\"elementor-widget-container\">\n\t\t\t\t\t\t\t\t\t<p>W\u00e4hrend den Schulferien bleibt die Mediathek geschlossen. In dieser Zeit werden keine R\u00fcckrufe versandt.&nbsp;<\/p>\t\t\t\t\t\t\t\t<\/div>\n\t\t\t\t<\/div>\n\t\t\t\t<\/div>\n\t\t\t\t<\/div>\n\t\t<div class=\"elementor-element elementor-element-2851445 e-con-full e-flex e-con e-child\" data-id=\"2851445\" data-element_type=\"container\" data-e-type=\"container\">\n\t\t\t\t<div class=\"elementor-element elementor-element-66ea329 elementor-widget elementor-widget-heading\" data-id=\"66ea329\" data-element_type=\"widget\" data-e-type=\"widget\" data-widget_type=\"heading.default\">\n\t\t\t\t<div class=\"elementor-widget-container\">\n\t\t\t\t\t<h3 class=\"elementor-heading-title elementor-size-default\">Leitung<\/h3>\t\t\t\t<\/div>\n\t\t\t\t<\/div>\n\t\t\t\t<div class=\"elementor-element elementor-element-c19064e elementor-widget elementor-widget-text-editor\" data-id=\"c19064e\" data-element_type=\"widget\" data-e-type=\"widget\" data-widget_type=\"text-editor.default\">\n\t\t\t\t<div class=\"elementor-widget-container\">\n\t\t\t\t\t\t\t\t\t<p>Anita Scherer<\/p><p>Telefon:<br \/><a href=\"tel:0318792898\" target=\"_blank\" rel=\"noopener\">031 879 28 98<\/a><br \/>(nur w\u00e4hrend den \u00d6ffnungszeiten bedient)<\/p><p>E-Mail:<br \/><a href=\"mailto:mediathek@schulen-rapperswil.ch \" target=\"_blank\" rel=\"noopener\">mediathek@schulen-rapperswil.ch <\/a><\/p><p>Internet:<br \/><a href=\"http:\/\/mediathek-rapperswil-be.ch\" target=\"_blank\" rel=\"noopener\">mediathek-rapperswil-be.ch <\/a><\/p>\t\t\t\t\t\t\t\t<\/div>\n\t\t\t\t<\/div>\n\t\t\t\t<\/div>\n\t\t\t\t\t<\/div>\n\t\t\t\t<\/div>\n\t\t\t\t<\/div>\n\t\t","protected":false},"excerpt":{"rendered":"<p>Mediathek Rapperswil Bei uns findest du B\u00fccher, H\u00f6rb\u00fccher, Comics, Mangas, DVDs, CDs, Zeitschriften, Lesestoff auf e-reader Die Mediathek Bibliothek Rapperswil versteht sich als Informationszentrum, an zentraler Lage zwischen Oberstufenzentrum und Primarschule, mit einem aktuellen Medienangebot f\u00fcr &#8222;Jung und Alt&#8220;.\u00a0 Angebot B\u00fccher, H\u00f6rb\u00fccher, Comics, Mangas, DVDs, CDs, Zeitschriften, Lesestoff auf e-reader\u00a0 Ausleihfrist Alle Medien k\u00f6nnen mindestens [&hellip;]<\/p>\n","protected":false},"author":1,"featured_media":0,"parent":529,"menu_order":0,"comment_status":"closed","ping_status":"closed","template":"","meta":{"footnotes":""},"class_list":["post-1319","page","type-page","status-publish","hentry"],"yoast_head":"<!-- This site is optimized with the Yoast SEO plugin v27.4 - https:\/\/yoast.com\/product\/yoast-seo-wordpress\/ -->\n<title>Mediathek\u00a0\u00a0 - Schulen Rapperswil \u2013 Oberstufenzentrum<\/title>\n<meta name=\"robots\" content=\"index, follow, max-snippet:-1, max-image-preview:large, max-video-preview:-1\" \/>\n<link rel=\"canonical\" href=\"https:\/\/schulen-rapperswil.ch\/oberstufenzentrum\/angebot\/mediathek\/\" \/>\n<meta property=\"og:locale\" content=\"de_DE\" \/>\n<meta property=\"og:type\" content=\"article\" \/>\n<meta property=\"og:title\" content=\"Mediathek\u00a0\u00a0 - Schulen Rapperswil \u2013 Oberstufenzentrum\" \/>\n<meta property=\"og:description\" content=\"Mediathek Rapperswil Bei uns findest du B\u00fccher, H\u00f6rb\u00fccher, Comics, Mangas, DVDs, CDs, Zeitschriften, Lesestoff auf e-reader Die Mediathek Bibliothek Rapperswil versteht sich als Informationszentrum, an zentraler Lage zwischen Oberstufenzentrum und Primarschule, mit einem aktuellen Medienangebot f\u00fcr &#8222;Jung und Alt&#8220;.\u00a0 Angebot B\u00fccher, H\u00f6rb\u00fccher, Comics, Mangas, DVDs, CDs, Zeitschriften, Lesestoff auf e-reader\u00a0 Ausleihfrist Alle Medien k\u00f6nnen mindestens [&hellip;]\" \/>\n<meta property=\"og:url\" content=\"https:\/\/schulen-rapperswil.ch\/oberstufenzentrum\/angebot\/mediathek\/\" \/>\n<meta property=\"og:site_name\" content=\"Schulen Rapperswil \u2013 Oberstufenzentrum\" \/>\n<meta property=\"article:modified_time\" content=\"2025-03-10T10:29:20+00:00\" \/>\n<meta property=\"og:image\" content=\"https:\/\/schulen-rapperswil.ch\/oberstufenzentrum\/wp-content\/uploads\/2024\/02\/Schule-Rapperswil-BE-Oberstufenzentrum-Mediathek.jpg\" \/>\n\t<meta property=\"og:image:width\" content=\"1500\" \/>\n\t<meta property=\"og:image:height\" content=\"1000\" \/>\n\t<meta property=\"og:image:type\" content=\"image\/jpeg\" \/>\n<meta name=\"twitter:card\" content=\"summary_large_image\" \/>\n<meta name=\"twitter:label1\" content=\"Gesch\u00e4tzte Lesezeit\" \/>\n\t<meta name=\"twitter:data1\" content=\"1\u00a0Minute\" \/>\n<script type=\"application\/ld+json\" class=\"yoast-schema-graph\">{\"@context\":\"https:\\\/\\\/schema.org\",\"@graph\":[{\"@type\":\"WebPage\",\"@id\":\"https:\\\/\\\/schulen-rapperswil.ch\\\/oberstufenzentrum\\\/angebot\\\/mediathek\\\/\",\"url\":\"https:\\\/\\\/schulen-rapperswil.ch\\\/oberstufenzentrum\\\/angebot\\\/mediathek\\\/\",\"name\":\"Mediathek\u00a0\u00a0 - Schulen Rapperswil \u2013 Oberstufenzentrum\",\"isPartOf\":{\"@id\":\"https:\\\/\\\/schulen-rapperswil.ch\\\/oberstufenzentrum\\\/#website\"},\"primaryImageOfPage\":{\"@id\":\"https:\\\/\\\/schulen-rapperswil.ch\\\/oberstufenzentrum\\\/angebot\\\/mediathek\\\/#primaryimage\"},\"image\":{\"@id\":\"https:\\\/\\\/schulen-rapperswil.ch\\\/oberstufenzentrum\\\/angebot\\\/mediathek\\\/#primaryimage\"},\"thumbnailUrl\":\"https:\\\/\\\/schulen-rapperswil.ch\\\/oberstufenzentrum\\\/wp-content\\\/uploads\\\/2024\\\/02\\\/Schule-Rapperswil-BE-Oberstufenzentrum-Mediathek-1024x683.jpg\",\"datePublished\":\"2024-02-27T08:21:44+00:00\",\"dateModified\":\"2025-03-10T10:29:20+00:00\",\"breadcrumb\":{\"@id\":\"https:\\\/\\\/schulen-rapperswil.ch\\\/oberstufenzentrum\\\/angebot\\\/mediathek\\\/#breadcrumb\"},\"inLanguage\":\"de\",\"potentialAction\":[{\"@type\":\"ReadAction\",\"target\":[\"https:\\\/\\\/schulen-rapperswil.ch\\\/oberstufenzentrum\\\/angebot\\\/mediathek\\\/\"]}]},{\"@type\":\"ImageObject\",\"inLanguage\":\"de\",\"@id\":\"https:\\\/\\\/schulen-rapperswil.ch\\\/oberstufenzentrum\\\/angebot\\\/mediathek\\\/#primaryimage\",\"url\":\"https:\\\/\\\/schulen-rapperswil.ch\\\/oberstufenzentrum\\\/wp-content\\\/uploads\\\/2024\\\/02\\\/Schule-Rapperswil-BE-Oberstufenzentrum-Mediathek.jpg\",\"contentUrl\":\"https:\\\/\\\/schulen-rapperswil.ch\\\/oberstufenzentrum\\\/wp-content\\\/uploads\\\/2024\\\/02\\\/Schule-Rapperswil-BE-Oberstufenzentrum-Mediathek.jpg\",\"width\":1500,\"height\":1000},{\"@type\":\"BreadcrumbList\",\"@id\":\"https:\\\/\\\/schulen-rapperswil.ch\\\/oberstufenzentrum\\\/angebot\\\/mediathek\\\/#breadcrumb\",\"itemListElement\":[{\"@type\":\"ListItem\",\"position\":1,\"name\":\"Startseite\",\"item\":\"https:\\\/\\\/schulen-rapperswil.ch\\\/oberstufenzentrum\\\/\"},{\"@type\":\"ListItem\",\"position\":2,\"name\":\"Angebot\",\"item\":\"https:\\\/\\\/schulen-rapperswil.ch\\\/oberstufenzentrum\\\/angebot\\\/\"},{\"@type\":\"ListItem\",\"position\":3,\"name\":\"Mediathek\u00a0\u00a0\"}]},{\"@type\":\"WebSite\",\"@id\":\"https:\\\/\\\/schulen-rapperswil.ch\\\/oberstufenzentrum\\\/#website\",\"url\":\"https:\\\/\\\/schulen-rapperswil.ch\\\/oberstufenzentrum\\\/\",\"name\":\"Schulen Rapperswil\",\"description\":\"Oberstufenzentrum\",\"publisher\":{\"@id\":\"https:\\\/\\\/schulen-rapperswil.ch\\\/oberstufenzentrum\\\/#organization\"},\"potentialAction\":[{\"@type\":\"SearchAction\",\"target\":{\"@type\":\"EntryPoint\",\"urlTemplate\":\"https:\\\/\\\/schulen-rapperswil.ch\\\/oberstufenzentrum\\\/?s={search_term_string}\"},\"query-input\":{\"@type\":\"PropertyValueSpecification\",\"valueRequired\":true,\"valueName\":\"search_term_string\"}}],\"inLanguage\":\"de\"},{\"@type\":\"Organization\",\"@id\":\"https:\\\/\\\/schulen-rapperswil.ch\\\/oberstufenzentrum\\\/#organization\",\"name\":\"Schulen Rapperswil Oberstufenzentrum\",\"url\":\"https:\\\/\\\/schulen-rapperswil.ch\\\/oberstufenzentrum\\\/\",\"logo\":{\"@type\":\"ImageObject\",\"inLanguage\":\"de\",\"@id\":\"https:\\\/\\\/schulen-rapperswil.ch\\\/oberstufenzentrum\\\/#\\\/schema\\\/logo\\\/image\\\/\",\"url\":\"https:\\\/\\\/schulen-rapperswil.ch\\\/oberstufenzentrum\\\/wp-content\\\/uploads\\\/2024\\\/02\\\/Schule-Rapperswil-BE-Oberstufenzentrum-Logo.svg\",\"contentUrl\":\"https:\\\/\\\/schulen-rapperswil.ch\\\/oberstufenzentrum\\\/wp-content\\\/uploads\\\/2024\\\/02\\\/Schule-Rapperswil-BE-Oberstufenzentrum-Logo.svg\",\"width\":1,\"height\":1,\"caption\":\"Schulen Rapperswil Oberstufenzentrum\"},\"image\":{\"@id\":\"https:\\\/\\\/schulen-rapperswil.ch\\\/oberstufenzentrum\\\/#\\\/schema\\\/logo\\\/image\\\/\"}}]}<\/script>\n<!-- \/ Yoast SEO plugin. -->","yoast_head_json":{"title":"Mediathek\u00a0\u00a0 - Schulen Rapperswil \u2013 Oberstufenzentrum","robots":{"index":"index","follow":"follow","max-snippet":"max-snippet:-1","max-image-preview":"max-image-preview:large","max-video-preview":"max-video-preview:-1"},"canonical":"https:\/\/schulen-rapperswil.ch\/oberstufenzentrum\/angebot\/mediathek\/","og_locale":"de_DE","og_type":"article","og_title":"Mediathek\u00a0\u00a0 - Schulen Rapperswil \u2013 Oberstufenzentrum","og_description":"Mediathek Rapperswil Bei uns findest du B\u00fccher, H\u00f6rb\u00fccher, Comics, Mangas, DVDs, CDs, Zeitschriften, Lesestoff auf e-reader Die Mediathek Bibliothek Rapperswil versteht sich als Informationszentrum, an zentraler Lage zwischen Oberstufenzentrum und Primarschule, mit einem aktuellen Medienangebot f\u00fcr &#8222;Jung und Alt&#8220;.\u00a0 Angebot B\u00fccher, H\u00f6rb\u00fccher, Comics, Mangas, DVDs, CDs, Zeitschriften, Lesestoff auf e-reader\u00a0 Ausleihfrist Alle Medien k\u00f6nnen mindestens [&hellip;]","og_url":"https:\/\/schulen-rapperswil.ch\/oberstufenzentrum\/angebot\/mediathek\/","og_site_name":"Schulen Rapperswil \u2013 Oberstufenzentrum","article_modified_time":"2025-03-10T10:29:20+00:00","og_image":[{"width":1500,"height":1000,"url":"https:\/\/schulen-rapperswil.ch\/oberstufenzentrum\/wp-content\/uploads\/2024\/02\/Schule-Rapperswil-BE-Oberstufenzentrum-Mediathek.jpg","type":"image\/jpeg"}],"twitter_card":"summary_large_image","twitter_misc":{"Gesch\u00e4tzte Lesezeit":"1\u00a0Minute"},"schema":{"@context":"https:\/\/schema.org","@graph":[{"@type":"WebPage","@id":"https:\/\/schulen-rapperswil.ch\/oberstufenzentrum\/angebot\/mediathek\/","url":"https:\/\/schulen-rapperswil.ch\/oberstufenzentrum\/angebot\/mediathek\/","name":"Mediathek\u00a0\u00a0 - Schulen Rapperswil \u2013 Oberstufenzentrum","isPartOf":{"@id":"https:\/\/schulen-rapperswil.ch\/oberstufenzentrum\/#website"},"primaryImageOfPage":{"@id":"https:\/\/schulen-rapperswil.ch\/oberstufenzentrum\/angebot\/mediathek\/#primaryimage"},"image":{"@id":"https:\/\/schulen-rapperswil.ch\/oberstufenzentrum\/angebot\/mediathek\/#primaryimage"},"thumbnailUrl":"https:\/\/schulen-rapperswil.ch\/oberstufenzentrum\/wp-content\/uploads\/2024\/02\/Schule-Rapperswil-BE-Oberstufenzentrum-Mediathek-1024x683.jpg","datePublished":"2024-02-27T08:21:44+00:00","dateModified":"2025-03-10T10:29:20+00:00","breadcrumb":{"@id":"https:\/\/schulen-rapperswil.ch\/oberstufenzentrum\/angebot\/mediathek\/#breadcrumb"},"inLanguage":"de","potentialAction":[{"@type":"ReadAction","target":["https:\/\/schulen-rapperswil.ch\/oberstufenzentrum\/angebot\/mediathek\/"]}]},{"@type":"ImageObject","inLanguage":"de","@id":"https:\/\/schulen-rapperswil.ch\/oberstufenzentrum\/angebot\/mediathek\/#primaryimage","url":"https:\/\/schulen-rapperswil.ch\/oberstufenzentrum\/wp-content\/uploads\/2024\/02\/Schule-Rapperswil-BE-Oberstufenzentrum-Mediathek.jpg","contentUrl":"https:\/\/schulen-rapperswil.ch\/oberstufenzentrum\/wp-content\/uploads\/2024\/02\/Schule-Rapperswil-BE-Oberstufenzentrum-Mediathek.jpg","width":1500,"height":1000},{"@type":"BreadcrumbList","@id":"https:\/\/schulen-rapperswil.ch\/oberstufenzentrum\/angebot\/mediathek\/#breadcrumb","itemListElement":[{"@type":"ListItem","position":1,"name":"Startseite","item":"https:\/\/schulen-rapperswil.ch\/oberstufenzentrum\/"},{"@type":"ListItem","position":2,"name":"Angebot","item":"https:\/\/schulen-rapperswil.ch\/oberstufenzentrum\/angebot\/"},{"@type":"ListItem","position":3,"name":"Mediathek\u00a0\u00a0"}]},{"@type":"WebSite","@id":"https:\/\/schulen-rapperswil.ch\/oberstufenzentrum\/#website","url":"https:\/\/schulen-rapperswil.ch\/oberstufenzentrum\/","name":"Schulen Rapperswil","description":"Oberstufenzentrum","publisher":{"@id":"https:\/\/schulen-rapperswil.ch\/oberstufenzentrum\/#organization"},"potentialAction":[{"@type":"SearchAction","target":{"@type":"EntryPoint","urlTemplate":"https:\/\/schulen-rapperswil.ch\/oberstufenzentrum\/?s={search_term_string}"},"query-input":{"@type":"PropertyValueSpecification","valueRequired":true,"valueName":"search_term_string"}}],"inLanguage":"de"},{"@type":"Organization","@id":"https:\/\/schulen-rapperswil.ch\/oberstufenzentrum\/#organization","name":"Schulen Rapperswil Oberstufenzentrum","url":"https:\/\/schulen-rapperswil.ch\/oberstufenzentrum\/","logo":{"@type":"ImageObject","inLanguage":"de","@id":"https:\/\/schulen-rapperswil.ch\/oberstufenzentrum\/#\/schema\/logo\/image\/","url":"https:\/\/schulen-rapperswil.ch\/oberstufenzentrum\/wp-content\/uploads\/2024\/02\/Schule-Rapperswil-BE-Oberstufenzentrum-Logo.svg","contentUrl":"https:\/\/schulen-rapperswil.ch\/oberstufenzentrum\/wp-content\/uploads\/2024\/02\/Schule-Rapperswil-BE-Oberstufenzentrum-Logo.svg","width":1,"height":1,"caption":"Schulen Rapperswil Oberstufenzentrum"},"image":{"@id":"https:\/\/schulen-rapperswil.ch\/oberstufenzentrum\/#\/schema\/logo\/image\/"}}]}},"_links":{"self":[{"href":"https:\/\/schulen-rapperswil.ch\/oberstufenzentrum\/wp-json\/wp\/v2\/pages\/1319","targetHints":{"allow":["GET"]}}],"collection":[{"href":"https:\/\/schulen-rapperswil.ch\/oberstufenzentrum\/wp-json\/wp\/v2\/pages"}],"about":[{"href":"https:\/\/schulen-rapperswil.ch\/oberstufenzentrum\/wp-json\/wp\/v2\/types\/page"}],"author":[{"embeddable":true,"href":"https:\/\/schulen-rapperswil.ch\/oberstufenzentrum\/wp-json\/wp\/v2\/users\/1"}],"replies":[{"embeddable":true,"href":"https:\/\/schulen-rapperswil.ch\/oberstufenzentrum\/wp-json\/wp\/v2\/comments?post=1319"}],"version-history":[{"count":40,"href":"https:\/\/schulen-rapperswil.ch\/oberstufenzentrum\/wp-json\/wp\/v2\/pages\/1319\/revisions"}],"predecessor-version":[{"id":3331,"href":"https:\/\/schulen-rapperswil.ch\/oberstufenzentrum\/wp-json\/wp\/v2\/pages\/1319\/revisions\/3331"}],"up":[{"embeddable":true,"href":"https:\/\/schulen-rapperswil.ch\/oberstufenzentrum\/wp-json\/wp\/v2\/pages\/529"}],"wp:attachment":[{"href":"https:\/\/schulen-rapperswil.ch\/oberstufenzentrum\/wp-json\/wp\/v2\/media?parent=1319"}],"curies":[{"name":"wp","href":"https:\/\/api.w.org\/{rel}","templated":true}]}}