{"id":1344,"date":"2024-02-27T08:38:06","date_gmt":"2024-02-27T08:38:06","guid":{"rendered":"https:\/\/schulen-rapperswil.ch\/oberstufenzentrum\/?page_id=1344"},"modified":"2025-09-02T14:07:57","modified_gmt":"2025-09-02T14:07:57","slug":"schulmodell","status":"publish","type":"page","link":"https:\/\/schulen-rapperswil.ch\/oberstufenzentrum\/portrait\/schulmodell\/","title":{"rendered":"Schulmodell"},"content":{"rendered":"\t\t<div data-elementor-type=\"wp-page\" data-elementor-id=\"1344\" class=\"elementor elementor-1344\" data-elementor-post-type=\"page\">\n\t\t\t\t<div class=\"elementor-element elementor-element-0058de1 e-flex e-con-boxed e-con e-parent\" data-id=\"0058de1\" data-element_type=\"container\" data-e-type=\"container\" data-settings=\"{&quot;background_background&quot;:&quot;classic&quot;}\">\n\t\t\t\t\t<div class=\"e-con-inner\">\n\t\t\t\t<div class=\"elementor-element elementor-element-457af7c elementor-widget__width-auto elementor-widget elementor-widget-heading\" data-id=\"457af7c\" data-element_type=\"widget\" data-e-type=\"widget\" data-widget_type=\"heading.default\">\n\t\t\t\t<div class=\"elementor-widget-container\">\n\t\t\t\t\t<h1 class=\"elementor-heading-title elementor-size-default\">Schulmodell <\/h1>\t\t\t\t<\/div>\n\t\t\t\t<\/div>\n\t\t\t\t<div class=\"elementor-element elementor-element-2cf9a77 elementor-widget elementor-widget-heading\" data-id=\"2cf9a77\" data-element_type=\"widget\" data-e-type=\"widget\" data-widget_type=\"heading.default\">\n\t\t\t\t<div class=\"elementor-widget-container\">\n\t\t\t\t\t<h3 class=\"elementor-heading-title elementor-size-default\">Wir arbeiten mit dem Schulmodell 3b<\/h3>\t\t\t\t<\/div>\n\t\t\t\t<\/div>\n\t\t\t\t\t<\/div>\n\t\t\t\t<\/div>\n\t\t<div class=\"elementor-element elementor-element-408ad60 e-flex e-con-boxed e-con e-parent\" data-id=\"408ad60\" data-element_type=\"container\" data-e-type=\"container\" data-settings=\"{&quot;background_background&quot;:&quot;classic&quot;}\">\n\t\t\t\t\t<div class=\"e-con-inner\">\n\t\t<div class=\"elementor-element elementor-element-973f9d7 e-flex e-con-boxed e-con e-child\" data-id=\"973f9d7\" data-element_type=\"container\" data-e-type=\"container\">\n\t\t\t\t\t<div class=\"e-con-inner\">\n\t\t<div class=\"elementor-element elementor-element-9eb4914 e-con-full e-flex e-con e-child\" data-id=\"9eb4914\" data-element_type=\"container\" data-e-type=\"container\">\n\t\t\t\t<div class=\"elementor-element elementor-element-735d767 elementor-widget elementor-widget-text-editor\" data-id=\"735d767\" data-element_type=\"widget\" data-e-type=\"widget\" data-widget_type=\"text-editor.default\">\n\t\t\t\t<div class=\"elementor-widget-container\">\n\t\t\t\t\t\t\t\t\t<p>Das OSZ befindet sich derzeit im Prozess der Schulentwicklung. Die Sch\u00fcler*innenzahlen stellen die Schule immer wieder vor Herausforderungen und geben den Anstoss, die Schulmodellentwicklung voranzutreiben. Die Auseinandersetzung mit den verschiedenen Modellen ist nicht nur eine sachliche und organisatorische Diskussion. Es geht dabei um die Gestaltung der F\u00f6rderung und bestm\u00f6glichen Begleitung der Jugendlichen w\u00e4hrend der Schulzeit.<\/p><p>Neu werden alle Jahrg\u00e4nge im Modell 3b unterrichtet.<\/p>\t\t\t\t\t\t\t\t<\/div>\n\t\t\t\t<\/div>\n\t\t\t\t<\/div>\n\t\t<div class=\"elementor-element elementor-element-9dee6f9 e-con-full e-flex e-con e-child\" data-id=\"9dee6f9\" data-element_type=\"container\" data-e-type=\"container\">\n\t\t\t\t<div class=\"elementor-element elementor-element-5e71858 elementor-widget elementor-widget-image\" data-id=\"5e71858\" data-element_type=\"widget\" data-e-type=\"widget\" data-widget_type=\"image.default\">\n\t\t\t\t<div class=\"elementor-widget-container\">\n\t\t\t\t\t\t\t\t\t\t\t\t\t\t\t<img decoding=\"async\" width=\"229\" height=\"173\" src=\"https:\/\/schulen-rapperswil.ch\/oberstufenzentrum\/wp-content\/uploads\/2024\/02\/Schule-Rapperswil-BE-Oberstufenzentrum-Schulmodell.svg\" class=\"attachment-large size-large wp-image-1958\" alt=\"\" \/>\t\t\t\t\t\t\t\t\t\t\t\t\t\t\t<\/div>\n\t\t\t\t<\/div>\n\t\t\t\t<\/div>\n\t\t\t\t\t<\/div>\n\t\t\t\t<\/div>\n\t\t<div class=\"elementor-element elementor-element-8f4b471 e-con-full e-flex e-con e-child\" data-id=\"8f4b471\" data-element_type=\"container\" data-e-type=\"container\">\n\t\t\t\t<div class=\"elementor-element elementor-element-670024c elementor-widget elementor-widget-heading\" data-id=\"670024c\" data-element_type=\"widget\" data-e-type=\"widget\" data-widget_type=\"heading.default\">\n\t\t\t\t<div class=\"elementor-widget-container\">\n\t\t\t\t\t<h3 class=\"elementor-heading-title elementor-size-default\">Modell 3b<\/h3>\t\t\t\t<\/div>\n\t\t\t\t<\/div>\n\t\t\t\t<div class=\"elementor-element elementor-element-16be2f7 elementor-widget elementor-widget-text-editor\" data-id=\"16be2f7\" data-element_type=\"widget\" data-e-type=\"widget\" data-widget_type=\"text-editor.default\">\n\t\t\t\t<div class=\"elementor-widget-container\">\n\t\t\t\t\t\t\t\t\t<p>Die Stammklassen sind niveaudurchmischt. In den Hauptf\u00e4chern Deutsch, Franz\u00f6sisch und Mathematik besuchen die Sch\u00fcler*innen den Niveauunterricht.<\/p>\t\t\t\t\t\t\t\t<\/div>\n\t\t\t\t<\/div>\n\t\t\t\t<\/div>\n\t\t<div class=\"elementor-element elementor-element-54a6d05 e-con-full e-flex e-con e-child\" data-id=\"54a6d05\" data-element_type=\"container\" data-e-type=\"container\">\n\t\t\t\t<\/div>\n\t\t\t\t\t<\/div>\n\t\t\t\t<\/div>\n\t\t\t\t<\/div>\n\t\t","protected":false},"excerpt":{"rendered":"<p>Schulmodell Wir arbeiten mit dem Schulmodell 3b Das OSZ befindet sich derzeit im Prozess der Schulentwicklung. Die Sch\u00fcler*innenzahlen stellen die Schule immer wieder vor Herausforderungen und geben den Anstoss, die Schulmodellentwicklung voranzutreiben. Die Auseinandersetzung mit den verschiedenen Modellen ist nicht nur eine sachliche und organisatorische Diskussion. Es geht dabei um die Gestaltung der F\u00f6rderung und [&hellip;]<\/p>\n","protected":false},"author":1,"featured_media":0,"parent":547,"menu_order":0,"comment_status":"closed","ping_status":"closed","template":"","meta":{"footnotes":""},"class_list":["post-1344","page","type-page","status-publish","hentry"],"yoast_head":"<!-- This site is optimized with the Yoast SEO plugin v27.4 - https:\/\/yoast.com\/product\/yoast-seo-wordpress\/ -->\n<title>Schulmodell - Schulen Rapperswil \u2013 Oberstufenzentrum<\/title>\n<meta name=\"robots\" content=\"index, follow, max-snippet:-1, max-image-preview:large, max-video-preview:-1\" \/>\n<link rel=\"canonical\" href=\"https:\/\/schulen-rapperswil.ch\/oberstufenzentrum\/portrait\/schulmodell\/\" \/>\n<meta property=\"og:locale\" content=\"de_DE\" \/>\n<meta property=\"og:type\" content=\"article\" \/>\n<meta property=\"og:title\" content=\"Schulmodell - Schulen Rapperswil \u2013 Oberstufenzentrum\" \/>\n<meta property=\"og:description\" content=\"Schulmodell Wir arbeiten mit dem Schulmodell 3b Das OSZ befindet sich derzeit im Prozess der Schulentwicklung. Die Sch\u00fcler*innenzahlen stellen die Schule immer wieder vor Herausforderungen und geben den Anstoss, die Schulmodellentwicklung voranzutreiben. Die Auseinandersetzung mit den verschiedenen Modellen ist nicht nur eine sachliche und organisatorische Diskussion. Es geht dabei um die Gestaltung der F\u00f6rderung und [&hellip;]\" \/>\n<meta property=\"og:url\" content=\"https:\/\/schulen-rapperswil.ch\/oberstufenzentrum\/portrait\/schulmodell\/\" \/>\n<meta property=\"og:site_name\" content=\"Schulen Rapperswil \u2013 Oberstufenzentrum\" \/>\n<meta property=\"article:modified_time\" content=\"2025-09-02T14:07:57+00:00\" \/>\n<meta name=\"twitter:card\" content=\"summary_large_image\" \/>\n<meta name=\"twitter:label1\" content=\"Gesch\u00e4tzte Lesezeit\" \/>\n\t<meta name=\"twitter:data1\" content=\"1\u00a0Minute\" \/>\n<script type=\"application\/ld+json\" class=\"yoast-schema-graph\">{\"@context\":\"https:\\\/\\\/schema.org\",\"@graph\":[{\"@type\":\"WebPage\",\"@id\":\"https:\\\/\\\/schulen-rapperswil.ch\\\/oberstufenzentrum\\\/portrait\\\/schulmodell\\\/\",\"url\":\"https:\\\/\\\/schulen-rapperswil.ch\\\/oberstufenzentrum\\\/portrait\\\/schulmodell\\\/\",\"name\":\"Schulmodell - Schulen Rapperswil \u2013 Oberstufenzentrum\",\"isPartOf\":{\"@id\":\"https:\\\/\\\/schulen-rapperswil.ch\\\/oberstufenzentrum\\\/#website\"},\"primaryImageOfPage\":{\"@id\":\"https:\\\/\\\/schulen-rapperswil.ch\\\/oberstufenzentrum\\\/portrait\\\/schulmodell\\\/#primaryimage\"},\"image\":{\"@id\":\"https:\\\/\\\/schulen-rapperswil.ch\\\/oberstufenzentrum\\\/portrait\\\/schulmodell\\\/#primaryimage\"},\"thumbnailUrl\":\"https:\\\/\\\/schulen-rapperswil.ch\\\/oberstufenzentrum\\\/wp-content\\\/uploads\\\/2024\\\/02\\\/Schule-Rapperswil-BE-Oberstufenzentrum-Schulmodell.svg\",\"datePublished\":\"2024-02-27T08:38:06+00:00\",\"dateModified\":\"2025-09-02T14:07:57+00:00\",\"breadcrumb\":{\"@id\":\"https:\\\/\\\/schulen-rapperswil.ch\\\/oberstufenzentrum\\\/portrait\\\/schulmodell\\\/#breadcrumb\"},\"inLanguage\":\"de\",\"potentialAction\":[{\"@type\":\"ReadAction\",\"target\":[\"https:\\\/\\\/schulen-rapperswil.ch\\\/oberstufenzentrum\\\/portrait\\\/schulmodell\\\/\"]}]},{\"@type\":\"ImageObject\",\"inLanguage\":\"de\",\"@id\":\"https:\\\/\\\/schulen-rapperswil.ch\\\/oberstufenzentrum\\\/portrait\\\/schulmodell\\\/#primaryimage\",\"url\":\"https:\\\/\\\/schulen-rapperswil.ch\\\/oberstufenzentrum\\\/wp-content\\\/uploads\\\/2024\\\/02\\\/Schule-Rapperswil-BE-Oberstufenzentrum-Schulmodell.svg\",\"contentUrl\":\"https:\\\/\\\/schulen-rapperswil.ch\\\/oberstufenzentrum\\\/wp-content\\\/uploads\\\/2024\\\/02\\\/Schule-Rapperswil-BE-Oberstufenzentrum-Schulmodell.svg\",\"width\":229,\"height\":173},{\"@type\":\"BreadcrumbList\",\"@id\":\"https:\\\/\\\/schulen-rapperswil.ch\\\/oberstufenzentrum\\\/portrait\\\/schulmodell\\\/#breadcrumb\",\"itemListElement\":[{\"@type\":\"ListItem\",\"position\":1,\"name\":\"Startseite\",\"item\":\"https:\\\/\\\/schulen-rapperswil.ch\\\/oberstufenzentrum\\\/\"},{\"@type\":\"ListItem\",\"position\":2,\"name\":\"Portrait\",\"item\":\"https:\\\/\\\/schulen-rapperswil.ch\\\/oberstufenzentrum\\\/portrait\\\/\"},{\"@type\":\"ListItem\",\"position\":3,\"name\":\"Schulmodell\"}]},{\"@type\":\"WebSite\",\"@id\":\"https:\\\/\\\/schulen-rapperswil.ch\\\/oberstufenzentrum\\\/#website\",\"url\":\"https:\\\/\\\/schulen-rapperswil.ch\\\/oberstufenzentrum\\\/\",\"name\":\"Schulen Rapperswil\",\"description\":\"Oberstufenzentrum\",\"publisher\":{\"@id\":\"https:\\\/\\\/schulen-rapperswil.ch\\\/oberstufenzentrum\\\/#organization\"},\"potentialAction\":[{\"@type\":\"SearchAction\",\"target\":{\"@type\":\"EntryPoint\",\"urlTemplate\":\"https:\\\/\\\/schulen-rapperswil.ch\\\/oberstufenzentrum\\\/?s={search_term_string}\"},\"query-input\":{\"@type\":\"PropertyValueSpecification\",\"valueRequired\":true,\"valueName\":\"search_term_string\"}}],\"inLanguage\":\"de\"},{\"@type\":\"Organization\",\"@id\":\"https:\\\/\\\/schulen-rapperswil.ch\\\/oberstufenzentrum\\\/#organization\",\"name\":\"Schulen Rapperswil Oberstufenzentrum\",\"url\":\"https:\\\/\\\/schulen-rapperswil.ch\\\/oberstufenzentrum\\\/\",\"logo\":{\"@type\":\"ImageObject\",\"inLanguage\":\"de\",\"@id\":\"https:\\\/\\\/schulen-rapperswil.ch\\\/oberstufenzentrum\\\/#\\\/schema\\\/logo\\\/image\\\/\",\"url\":\"https:\\\/\\\/schulen-rapperswil.ch\\\/oberstufenzentrum\\\/wp-content\\\/uploads\\\/2024\\\/02\\\/Schule-Rapperswil-BE-Oberstufenzentrum-Logo.svg\",\"contentUrl\":\"https:\\\/\\\/schulen-rapperswil.ch\\\/oberstufenzentrum\\\/wp-content\\\/uploads\\\/2024\\\/02\\\/Schule-Rapperswil-BE-Oberstufenzentrum-Logo.svg\",\"width\":1,\"height\":1,\"caption\":\"Schulen Rapperswil Oberstufenzentrum\"},\"image\":{\"@id\":\"https:\\\/\\\/schulen-rapperswil.ch\\\/oberstufenzentrum\\\/#\\\/schema\\\/logo\\\/image\\\/\"}}]}<\/script>\n<!-- \/ Yoast SEO plugin. -->","yoast_head_json":{"title":"Schulmodell - Schulen Rapperswil \u2013 Oberstufenzentrum","robots":{"index":"index","follow":"follow","max-snippet":"max-snippet:-1","max-image-preview":"max-image-preview:large","max-video-preview":"max-video-preview:-1"},"canonical":"https:\/\/schulen-rapperswil.ch\/oberstufenzentrum\/portrait\/schulmodell\/","og_locale":"de_DE","og_type":"article","og_title":"Schulmodell - Schulen Rapperswil \u2013 Oberstufenzentrum","og_description":"Schulmodell Wir arbeiten mit dem Schulmodell 3b Das OSZ befindet sich derzeit im Prozess der Schulentwicklung. Die Sch\u00fcler*innenzahlen stellen die Schule immer wieder vor Herausforderungen und geben den Anstoss, die Schulmodellentwicklung voranzutreiben. Die Auseinandersetzung mit den verschiedenen Modellen ist nicht nur eine sachliche und organisatorische Diskussion. Es geht dabei um die Gestaltung der F\u00f6rderung und [&hellip;]","og_url":"https:\/\/schulen-rapperswil.ch\/oberstufenzentrum\/portrait\/schulmodell\/","og_site_name":"Schulen Rapperswil \u2013 Oberstufenzentrum","article_modified_time":"2025-09-02T14:07:57+00:00","twitter_card":"summary_large_image","twitter_misc":{"Gesch\u00e4tzte Lesezeit":"1\u00a0Minute"},"schema":{"@context":"https:\/\/schema.org","@graph":[{"@type":"WebPage","@id":"https:\/\/schulen-rapperswil.ch\/oberstufenzentrum\/portrait\/schulmodell\/","url":"https:\/\/schulen-rapperswil.ch\/oberstufenzentrum\/portrait\/schulmodell\/","name":"Schulmodell - Schulen Rapperswil \u2013 Oberstufenzentrum","isPartOf":{"@id":"https:\/\/schulen-rapperswil.ch\/oberstufenzentrum\/#website"},"primaryImageOfPage":{"@id":"https:\/\/schulen-rapperswil.ch\/oberstufenzentrum\/portrait\/schulmodell\/#primaryimage"},"image":{"@id":"https:\/\/schulen-rapperswil.ch\/oberstufenzentrum\/portrait\/schulmodell\/#primaryimage"},"thumbnailUrl":"https:\/\/schulen-rapperswil.ch\/oberstufenzentrum\/wp-content\/uploads\/2024\/02\/Schule-Rapperswil-BE-Oberstufenzentrum-Schulmodell.svg","datePublished":"2024-02-27T08:38:06+00:00","dateModified":"2025-09-02T14:07:57+00:00","breadcrumb":{"@id":"https:\/\/schulen-rapperswil.ch\/oberstufenzentrum\/portrait\/schulmodell\/#breadcrumb"},"inLanguage":"de","potentialAction":[{"@type":"ReadAction","target":["https:\/\/schulen-rapperswil.ch\/oberstufenzentrum\/portrait\/schulmodell\/"]}]},{"@type":"ImageObject","inLanguage":"de","@id":"https:\/\/schulen-rapperswil.ch\/oberstufenzentrum\/portrait\/schulmodell\/#primaryimage","url":"https:\/\/schulen-rapperswil.ch\/oberstufenzentrum\/wp-content\/uploads\/2024\/02\/Schule-Rapperswil-BE-Oberstufenzentrum-Schulmodell.svg","contentUrl":"https:\/\/schulen-rapperswil.ch\/oberstufenzentrum\/wp-content\/uploads\/2024\/02\/Schule-Rapperswil-BE-Oberstufenzentrum-Schulmodell.svg","width":229,"height":173},{"@type":"BreadcrumbList","@id":"https:\/\/schulen-rapperswil.ch\/oberstufenzentrum\/portrait\/schulmodell\/#breadcrumb","itemListElement":[{"@type":"ListItem","position":1,"name":"Startseite","item":"https:\/\/schulen-rapperswil.ch\/oberstufenzentrum\/"},{"@type":"ListItem","position":2,"name":"Portrait","item":"https:\/\/schulen-rapperswil.ch\/oberstufenzentrum\/portrait\/"},{"@type":"ListItem","position":3,"name":"Schulmodell"}]},{"@type":"WebSite","@id":"https:\/\/schulen-rapperswil.ch\/oberstufenzentrum\/#website","url":"https:\/\/schulen-rapperswil.ch\/oberstufenzentrum\/","name":"Schulen Rapperswil","description":"Oberstufenzentrum","publisher":{"@id":"https:\/\/schulen-rapperswil.ch\/oberstufenzentrum\/#organization"},"potentialAction":[{"@type":"SearchAction","target":{"@type":"EntryPoint","urlTemplate":"https:\/\/schulen-rapperswil.ch\/oberstufenzentrum\/?s={search_term_string}"},"query-input":{"@type":"PropertyValueSpecification","valueRequired":true,"valueName":"search_term_string"}}],"inLanguage":"de"},{"@type":"Organization","@id":"https:\/\/schulen-rapperswil.ch\/oberstufenzentrum\/#organization","name":"Schulen Rapperswil Oberstufenzentrum","url":"https:\/\/schulen-rapperswil.ch\/oberstufenzentrum\/","logo":{"@type":"ImageObject","inLanguage":"de","@id":"https:\/\/schulen-rapperswil.ch\/oberstufenzentrum\/#\/schema\/logo\/image\/","url":"https:\/\/schulen-rapperswil.ch\/oberstufenzentrum\/wp-content\/uploads\/2024\/02\/Schule-Rapperswil-BE-Oberstufenzentrum-Logo.svg","contentUrl":"https:\/\/schulen-rapperswil.ch\/oberstufenzentrum\/wp-content\/uploads\/2024\/02\/Schule-Rapperswil-BE-Oberstufenzentrum-Logo.svg","width":1,"height":1,"caption":"Schulen Rapperswil Oberstufenzentrum"},"image":{"@id":"https:\/\/schulen-rapperswil.ch\/oberstufenzentrum\/#\/schema\/logo\/image\/"}}]}},"_links":{"self":[{"href":"https:\/\/schulen-rapperswil.ch\/oberstufenzentrum\/wp-json\/wp\/v2\/pages\/1344","targetHints":{"allow":["GET"]}}],"collection":[{"href":"https:\/\/schulen-rapperswil.ch\/oberstufenzentrum\/wp-json\/wp\/v2\/pages"}],"about":[{"href":"https:\/\/schulen-rapperswil.ch\/oberstufenzentrum\/wp-json\/wp\/v2\/types\/page"}],"author":[{"embeddable":true,"href":"https:\/\/schulen-rapperswil.ch\/oberstufenzentrum\/wp-json\/wp\/v2\/users\/1"}],"replies":[{"embeddable":true,"href":"https:\/\/schulen-rapperswil.ch\/oberstufenzentrum\/wp-json\/wp\/v2\/comments?post=1344"}],"version-history":[{"count":31,"href":"https:\/\/schulen-rapperswil.ch\/oberstufenzentrum\/wp-json\/wp\/v2\/pages\/1344\/revisions"}],"predecessor-version":[{"id":3794,"href":"https:\/\/schulen-rapperswil.ch\/oberstufenzentrum\/wp-json\/wp\/v2\/pages\/1344\/revisions\/3794"}],"up":[{"embeddable":true,"href":"https:\/\/schulen-rapperswil.ch\/oberstufenzentrum\/wp-json\/wp\/v2\/pages\/547"}],"wp:attachment":[{"href":"https:\/\/schulen-rapperswil.ch\/oberstufenzentrum\/wp-json\/wp\/v2\/media?parent=1344"}],"curies":[{"name":"wp","href":"https:\/\/api.w.org\/{rel}","templated":true}]}}