{"id":1355,"date":"2024-02-27T08:44:23","date_gmt":"2024-02-27T08:44:23","guid":{"rendered":"https:\/\/schulen-rapperswil.ch\/oberstufenzentrum\/?page_id=1355"},"modified":"2024-03-01T09:03:12","modified_gmt":"2024-03-01T09:03:12","slug":"leitbild","status":"publish","type":"page","link":"https:\/\/schulen-rapperswil.ch\/oberstufenzentrum\/portrait\/leitbild\/","title":{"rendered":"Leitbild\u00a0"},"content":{"rendered":"\t\t<div data-elementor-type=\"wp-page\" data-elementor-id=\"1355\" class=\"elementor elementor-1355\" data-elementor-post-type=\"page\">\n\t\t\t\t<div class=\"elementor-element elementor-element-0058de1 e-flex e-con-boxed e-con e-parent\" data-id=\"0058de1\" data-element_type=\"container\" data-e-type=\"container\" data-settings=\"{&quot;background_background&quot;:&quot;classic&quot;}\">\n\t\t\t\t\t<div class=\"e-con-inner\">\n\t\t\t\t<div class=\"elementor-element elementor-element-457af7c elementor-widget__width-auto elementor-widget elementor-widget-heading\" data-id=\"457af7c\" data-element_type=\"widget\" data-e-type=\"widget\" data-widget_type=\"heading.default\">\n\t\t\t\t<div class=\"elementor-widget-container\">\n\t\t\t\t\t<h1 class=\"elementor-heading-title elementor-size-default\">Leitbild <\/h1>\t\t\t\t<\/div>\n\t\t\t\t<\/div>\n\t\t\t\t<div class=\"elementor-element elementor-element-2cf9a77 elementor-widget elementor-widget-heading\" data-id=\"2cf9a77\" data-element_type=\"widget\" data-e-type=\"widget\" data-widget_type=\"heading.default\">\n\t\t\t\t<div class=\"elementor-widget-container\">\n\t\t\t\t\t<h3 class=\"elementor-heading-title elementor-size-default\">Unsere Werte und Ziele<\/h3>\t\t\t\t<\/div>\n\t\t\t\t<\/div>\n\t\t\t\t<div class=\"elementor-element elementor-element-0ee902d elementor-widget elementor-widget-image\" data-id=\"0ee902d\" data-element_type=\"widget\" data-e-type=\"widget\" data-widget_type=\"image.default\">\n\t\t\t\t<div class=\"elementor-widget-container\">\n\t\t\t\t\t\t\t\t\t\t\t\t\t\t\t<img decoding=\"async\" width=\"1\" height=\"1\" src=\"https:\/\/schulen-rapperswil.ch\/oberstufenzentrum\/wp-content\/uploads\/2024\/02\/Schule-Rapperswil-BE-Oberstufenzentrum-Leitbild.svg\" class=\"attachment-large size-large wp-image-1959\" alt=\"\" \/>\t\t\t\t\t\t\t\t\t\t\t\t\t\t\t<\/div>\n\t\t\t\t<\/div>\n\t\t\t\t\t<\/div>\n\t\t\t\t<\/div>\n\t\t<div class=\"elementor-element elementor-element-d720628 e-flex e-con-boxed e-con e-parent\" data-id=\"d720628\" data-element_type=\"container\" data-e-type=\"container\" data-settings=\"{&quot;background_background&quot;:&quot;classic&quot;}\">\n\t\t\t\t\t<div class=\"e-con-inner\">\n\t\t<div class=\"elementor-element elementor-element-c739f92 e-con-full e-flex e-con e-child\" data-id=\"c739f92\" data-element_type=\"container\" data-e-type=\"container\">\n\t\t\t\t<div class=\"elementor-element elementor-element-39228ba elementor-widget elementor-widget-heading\" data-id=\"39228ba\" data-element_type=\"widget\" data-e-type=\"widget\" data-widget_type=\"heading.default\">\n\t\t\t\t<div class=\"elementor-widget-container\">\n\t\t\t\t\t<h3 class=\"elementor-heading-title elementor-size-default\">WERTE UND ZIELE <\/h3>\t\t\t\t<\/div>\n\t\t\t\t<\/div>\n\t\t\t\t<div class=\"elementor-element elementor-element-473e22e elementor-widget elementor-widget-text-editor\" data-id=\"473e22e\" data-element_type=\"widget\" data-e-type=\"widget\" data-widget_type=\"text-editor.default\">\n\t\t\t\t<div class=\"elementor-widget-container\">\n\t\t\t\t\t\t\t\t\t<p>Wir&#8230;<\/p><ul><li>legen Wert auf erlebnisp\u00e4dagogische und kulturelle Aktivit\u00e4ten.<\/li><li>sind eine gesundheitsf\u00f6rdernde und bewegte Schule.<\/li><li>legen Wert auf einen kompetenten Umgang mit Informations- und Kommunikationstechnologien (ICT).<\/li><\/ul>\t\t\t\t\t\t\t\t<\/div>\n\t\t\t\t<\/div>\n\t\t\t\t<\/div>\n\t\t<div class=\"elementor-element elementor-element-5bff6f7 e-con-full e-flex e-con e-child\" data-id=\"5bff6f7\" data-element_type=\"container\" data-e-type=\"container\">\n\t\t\t\t<div class=\"elementor-element elementor-element-9068ab1 elementor-widget elementor-widget-heading\" data-id=\"9068ab1\" data-element_type=\"widget\" data-e-type=\"widget\" data-widget_type=\"heading.default\">\n\t\t\t\t<div class=\"elementor-widget-container\">\n\t\t\t\t\t<h3 class=\"elementor-heading-title elementor-size-default\">LEHREN UND LERNEN\u202f <\/h3>\t\t\t\t<\/div>\n\t\t\t\t<\/div>\n\t\t\t\t<div class=\"elementor-element elementor-element-ca51db1 elementor-widget elementor-widget-text-editor\" data-id=\"ca51db1\" data-element_type=\"widget\" data-e-type=\"widget\" data-widget_type=\"text-editor.default\">\n\t\t\t\t<div class=\"elementor-widget-container\">\n\t\t\t\t\t\t\t\t\t<p>Wir&#8230;<\/p><ul><li>haben ein durchl\u00e4ssiges und transparentes Schulmodell.<\/li><li>f\u00f6rdern selbstbestimmtes und selbstorganisiertes Lernen.<\/li><li>setzen ICT gezielt im Unterricht ein.<\/li><li>nehmen uns Zeit f\u00fcr einen lebendigen und beziehungsreichen Unterricht.<\/li><li>bereiten die Jugendlichen auf ihre Lebens- und Berufswelt vor.<\/li><\/ul>\t\t\t\t\t\t\t\t<\/div>\n\t\t\t\t<\/div>\n\t\t\t\t<\/div>\n\t\t<div class=\"elementor-element elementor-element-4f52bf2 e-con-full e-flex e-con e-child\" data-id=\"4f52bf2\" data-element_type=\"container\" data-e-type=\"container\">\n\t\t\t\t<div class=\"elementor-element elementor-element-6943ee1 elementor-widget elementor-widget-heading\" data-id=\"6943ee1\" data-element_type=\"widget\" data-e-type=\"widget\" data-widget_type=\"heading.default\">\n\t\t\t\t<div class=\"elementor-widget-container\">\n\t\t\t\t\t<h3 class=\"elementor-heading-title elementor-size-default\">SCHULKLIMA\u202f <\/h3>\t\t\t\t<\/div>\n\t\t\t\t<\/div>\n\t\t\t\t<div class=\"elementor-element elementor-element-287971a elementor-widget elementor-widget-text-editor\" data-id=\"287971a\" data-element_type=\"widget\" data-e-type=\"widget\" data-widget_type=\"text-editor.default\">\n\t\t\t\t<div class=\"elementor-widget-container\">\n\t\t\t\t\t\t\t\t\t<p>Wir&#8230;\u00a0<\/p><ul><li>pflegen ein Klima der Offenheit und des gegenseitigen Respekts.\u202f<\/li><li>unterst\u00fctzen einander.\u202f<\/li><li>tragen Konflikte konstruktiv aus.<\/li><li>halten uns an gemeinsame Regeln.\u202f<\/li><li>tragen Sorge zu Infrastruktur und Material.<\/li><\/ul>\t\t\t\t\t\t\t\t<\/div>\n\t\t\t\t<\/div>\n\t\t\t\t<\/div>\n\t\t<div class=\"elementor-element elementor-element-e462a9e e-con-full e-flex e-con e-child\" data-id=\"e462a9e\" data-element_type=\"container\" data-e-type=\"container\">\n\t\t\t\t<div class=\"elementor-element elementor-element-a76a112 elementor-widget elementor-widget-heading\" data-id=\"a76a112\" data-element_type=\"widget\" data-e-type=\"widget\" data-widget_type=\"heading.default\">\n\t\t\t\t<div class=\"elementor-widget-container\">\n\t\t\t\t\t<h3 class=\"elementor-heading-title elementor-size-default\">BEZIEHUNGEN NACH AUSSEN\u202f <\/h3>\t\t\t\t<\/div>\n\t\t\t\t<\/div>\n\t\t\t\t<div class=\"elementor-element elementor-element-ac9c405 elementor-widget elementor-widget-text-editor\" data-id=\"ac9c405\" data-element_type=\"widget\" data-e-type=\"widget\" data-widget_type=\"text-editor.default\">\n\t\t\t\t<div class=\"elementor-widget-container\">\n\t\t\t\t\t\t\t\t\t<p>Wir&#8230;<\/p><ul><li>arbeiten mit ausserschulischen Institutionen zusammen.\u202f<\/li><li>geben Informationen zweckm\u00e4ssig und rechtzeitig weiter.\u202f<\/li><li>pflegen einen regelm\u00e4ssigen Austausch mit den Eltern.<\/li><\/ul>\t\t\t\t\t\t\t\t<\/div>\n\t\t\t\t<\/div>\n\t\t\t\t<\/div>\n\t\t<div class=\"elementor-element elementor-element-e97898c e-con-full e-flex e-con e-child\" data-id=\"e97898c\" data-element_type=\"container\" data-e-type=\"container\">\n\t\t\t\t<div class=\"elementor-element elementor-element-fe1df23 elementor-widget elementor-widget-heading\" data-id=\"fe1df23\" data-element_type=\"widget\" data-e-type=\"widget\" data-widget_type=\"heading.default\">\n\t\t\t\t<div class=\"elementor-widget-container\">\n\t\t\t\t\t<h3 class=\"elementor-heading-title elementor-size-default\">SCHULQUALIT\u00c4T\u202f <\/h3>\t\t\t\t<\/div>\n\t\t\t\t<\/div>\n\t\t\t\t<div class=\"elementor-element elementor-element-7b0cf9c elementor-widget elementor-widget-text-editor\" data-id=\"7b0cf9c\" data-element_type=\"widget\" data-e-type=\"widget\" data-widget_type=\"text-editor.default\">\n\t\t\t\t<div class=\"elementor-widget-container\">\n\t\t\t\t\t\t\t\t\t<p>Wir&#8230;<\/p><ul><li>bilden uns systematisch und kontinuierlich weiter.<\/li><li>f\u00f6rdern und sichern die Qualit\u00e4tsentwicklung der ganzen Schule.<\/li><\/ul>\t\t\t\t\t\t\t\t<\/div>\n\t\t\t\t<\/div>\n\t\t\t\t<\/div>\n\t\t<div class=\"elementor-element elementor-element-39745f1 e-con-full e-flex e-con e-child\" data-id=\"39745f1\" data-element_type=\"container\" data-e-type=\"container\">\n\t\t\t\t<div class=\"elementor-element elementor-element-7e0b9a1 elementor-widget elementor-widget-heading\" data-id=\"7e0b9a1\" data-element_type=\"widget\" data-e-type=\"widget\" data-widget_type=\"heading.default\">\n\t\t\t\t<div class=\"elementor-widget-container\">\n\t\t\t\t\t<h3 class=\"elementor-heading-title elementor-size-default\">SCHULLEITUNG\u202f <\/h3>\t\t\t\t<\/div>\n\t\t\t\t<\/div>\n\t\t\t\t<div class=\"elementor-element elementor-element-597fa63 elementor-widget elementor-widget-text-editor\" data-id=\"597fa63\" data-element_type=\"widget\" data-e-type=\"widget\" data-widget_type=\"text-editor.default\">\n\t\t\t\t<div class=\"elementor-widget-container\">\n\t\t\t\t\t\t\t\t\t<p>Sie&#8230;<\/p><ul><li>f\u00fchrt nach festgelegten Grunds\u00e4tzen.\u202f<\/li><li>entwickelt Visionen und setzt langfristige Ziele.\u202f<\/li><li>sorgt f\u00fcr eine angemessene Infrastruktur und ausreichende Ressourcen f\u00fcr eine zukunftsgerichtete Schule.<\/li><\/ul>\t\t\t\t\t\t\t\t<\/div>\n\t\t\t\t<\/div>\n\t\t\t\t<\/div>\n\t\t\t\t\t<\/div>\n\t\t\t\t<\/div>\n\t\t\t\t<\/div>\n\t\t","protected":false},"excerpt":{"rendered":"<p>Leitbild Unsere Werte und Ziele WERTE UND ZIELE Wir&#8230; legen Wert auf erlebnisp\u00e4dagogische und kulturelle Aktivit\u00e4ten. sind eine gesundheitsf\u00f6rdernde und bewegte Schule. legen Wert auf einen kompetenten Umgang mit Informations- und Kommunikationstechnologien (ICT). LEHREN UND LERNEN\u202f Wir&#8230; haben ein durchl\u00e4ssiges und transparentes Schulmodell. f\u00f6rdern selbstbestimmtes und selbstorganisiertes Lernen. setzen ICT gezielt im Unterricht ein. nehmen [&hellip;]<\/p>\n","protected":false},"author":1,"featured_media":0,"parent":547,"menu_order":0,"comment_status":"closed","ping_status":"closed","template":"","meta":{"footnotes":""},"class_list":["post-1355","page","type-page","status-publish","hentry"],"yoast_head":"<!-- This site is optimized with the Yoast SEO plugin v27.4 - https:\/\/yoast.com\/product\/yoast-seo-wordpress\/ -->\n<title>Leitbild\u00a0 - Schulen Rapperswil \u2013 Oberstufenzentrum<\/title>\n<meta name=\"robots\" content=\"index, follow, max-snippet:-1, max-image-preview:large, max-video-preview:-1\" \/>\n<link rel=\"canonical\" href=\"https:\/\/schulen-rapperswil.ch\/oberstufenzentrum\/portrait\/leitbild\/\" \/>\n<meta property=\"og:locale\" content=\"de_DE\" \/>\n<meta property=\"og:type\" content=\"article\" \/>\n<meta property=\"og:title\" content=\"Leitbild\u00a0 - Schulen Rapperswil \u2013 Oberstufenzentrum\" \/>\n<meta property=\"og:description\" content=\"Leitbild Unsere Werte und Ziele WERTE UND ZIELE Wir&#8230; legen Wert auf erlebnisp\u00e4dagogische und kulturelle Aktivit\u00e4ten. sind eine gesundheitsf\u00f6rdernde und bewegte Schule. legen Wert auf einen kompetenten Umgang mit Informations- und Kommunikationstechnologien (ICT). LEHREN UND LERNEN\u202f Wir&#8230; haben ein durchl\u00e4ssiges und transparentes Schulmodell. f\u00f6rdern selbstbestimmtes und selbstorganisiertes Lernen. setzen ICT gezielt im Unterricht ein. nehmen [&hellip;]\" \/>\n<meta property=\"og:url\" content=\"https:\/\/schulen-rapperswil.ch\/oberstufenzentrum\/portrait\/leitbild\/\" \/>\n<meta property=\"og:site_name\" content=\"Schulen Rapperswil \u2013 Oberstufenzentrum\" \/>\n<meta property=\"article:modified_time\" content=\"2024-03-01T09:03:12+00:00\" \/>\n<meta property=\"og:image\" content=\"https:\/\/schulen-rapperswil.ch\/oberstufenzentrum\/wp-content\/uploads\/2024\/02\/Schule-Rapperswil-BE-Oberstufenzentrum-Leitbild.svg\" \/>\n<meta name=\"twitter:card\" content=\"summary_large_image\" \/>\n<meta name=\"twitter:label1\" content=\"Gesch\u00e4tzte Lesezeit\" \/>\n\t<meta name=\"twitter:data1\" content=\"2\u00a0Minuten\" \/>\n<script type=\"application\/ld+json\" class=\"yoast-schema-graph\">{\"@context\":\"https:\\\/\\\/schema.org\",\"@graph\":[{\"@type\":\"WebPage\",\"@id\":\"https:\\\/\\\/schulen-rapperswil.ch\\\/oberstufenzentrum\\\/portrait\\\/leitbild\\\/\",\"url\":\"https:\\\/\\\/schulen-rapperswil.ch\\\/oberstufenzentrum\\\/portrait\\\/leitbild\\\/\",\"name\":\"Leitbild\u00a0 - Schulen Rapperswil \u2013 Oberstufenzentrum\",\"isPartOf\":{\"@id\":\"https:\\\/\\\/schulen-rapperswil.ch\\\/oberstufenzentrum\\\/#website\"},\"primaryImageOfPage\":{\"@id\":\"https:\\\/\\\/schulen-rapperswil.ch\\\/oberstufenzentrum\\\/portrait\\\/leitbild\\\/#primaryimage\"},\"image\":{\"@id\":\"https:\\\/\\\/schulen-rapperswil.ch\\\/oberstufenzentrum\\\/portrait\\\/leitbild\\\/#primaryimage\"},\"thumbnailUrl\":\"https:\\\/\\\/schulen-rapperswil.ch\\\/oberstufenzentrum\\\/wp-content\\\/uploads\\\/2024\\\/02\\\/Schule-Rapperswil-BE-Oberstufenzentrum-Leitbild.svg\",\"datePublished\":\"2024-02-27T08:44:23+00:00\",\"dateModified\":\"2024-03-01T09:03:12+00:00\",\"breadcrumb\":{\"@id\":\"https:\\\/\\\/schulen-rapperswil.ch\\\/oberstufenzentrum\\\/portrait\\\/leitbild\\\/#breadcrumb\"},\"inLanguage\":\"de\",\"potentialAction\":[{\"@type\":\"ReadAction\",\"target\":[\"https:\\\/\\\/schulen-rapperswil.ch\\\/oberstufenzentrum\\\/portrait\\\/leitbild\\\/\"]}]},{\"@type\":\"ImageObject\",\"inLanguage\":\"de\",\"@id\":\"https:\\\/\\\/schulen-rapperswil.ch\\\/oberstufenzentrum\\\/portrait\\\/leitbild\\\/#primaryimage\",\"url\":\"https:\\\/\\\/schulen-rapperswil.ch\\\/oberstufenzentrum\\\/wp-content\\\/uploads\\\/2024\\\/02\\\/Schule-Rapperswil-BE-Oberstufenzentrum-Leitbild.svg\",\"contentUrl\":\"https:\\\/\\\/schulen-rapperswil.ch\\\/oberstufenzentrum\\\/wp-content\\\/uploads\\\/2024\\\/02\\\/Schule-Rapperswil-BE-Oberstufenzentrum-Leitbild.svg\"},{\"@type\":\"BreadcrumbList\",\"@id\":\"https:\\\/\\\/schulen-rapperswil.ch\\\/oberstufenzentrum\\\/portrait\\\/leitbild\\\/#breadcrumb\",\"itemListElement\":[{\"@type\":\"ListItem\",\"position\":1,\"name\":\"Startseite\",\"item\":\"https:\\\/\\\/schulen-rapperswil.ch\\\/oberstufenzentrum\\\/\"},{\"@type\":\"ListItem\",\"position\":2,\"name\":\"Portrait\",\"item\":\"https:\\\/\\\/schulen-rapperswil.ch\\\/oberstufenzentrum\\\/portrait\\\/\"},{\"@type\":\"ListItem\",\"position\":3,\"name\":\"Leitbild\u00a0\"}]},{\"@type\":\"WebSite\",\"@id\":\"https:\\\/\\\/schulen-rapperswil.ch\\\/oberstufenzentrum\\\/#website\",\"url\":\"https:\\\/\\\/schulen-rapperswil.ch\\\/oberstufenzentrum\\\/\",\"name\":\"Schulen Rapperswil\",\"description\":\"Oberstufenzentrum\",\"publisher\":{\"@id\":\"https:\\\/\\\/schulen-rapperswil.ch\\\/oberstufenzentrum\\\/#organization\"},\"potentialAction\":[{\"@type\":\"SearchAction\",\"target\":{\"@type\":\"EntryPoint\",\"urlTemplate\":\"https:\\\/\\\/schulen-rapperswil.ch\\\/oberstufenzentrum\\\/?s={search_term_string}\"},\"query-input\":{\"@type\":\"PropertyValueSpecification\",\"valueRequired\":true,\"valueName\":\"search_term_string\"}}],\"inLanguage\":\"de\"},{\"@type\":\"Organization\",\"@id\":\"https:\\\/\\\/schulen-rapperswil.ch\\\/oberstufenzentrum\\\/#organization\",\"name\":\"Schulen Rapperswil Oberstufenzentrum\",\"url\":\"https:\\\/\\\/schulen-rapperswil.ch\\\/oberstufenzentrum\\\/\",\"logo\":{\"@type\":\"ImageObject\",\"inLanguage\":\"de\",\"@id\":\"https:\\\/\\\/schulen-rapperswil.ch\\\/oberstufenzentrum\\\/#\\\/schema\\\/logo\\\/image\\\/\",\"url\":\"https:\\\/\\\/schulen-rapperswil.ch\\\/oberstufenzentrum\\\/wp-content\\\/uploads\\\/2024\\\/02\\\/Schule-Rapperswil-BE-Oberstufenzentrum-Logo.svg\",\"contentUrl\":\"https:\\\/\\\/schulen-rapperswil.ch\\\/oberstufenzentrum\\\/wp-content\\\/uploads\\\/2024\\\/02\\\/Schule-Rapperswil-BE-Oberstufenzentrum-Logo.svg\",\"width\":1,\"height\":1,\"caption\":\"Schulen Rapperswil Oberstufenzentrum\"},\"image\":{\"@id\":\"https:\\\/\\\/schulen-rapperswil.ch\\\/oberstufenzentrum\\\/#\\\/schema\\\/logo\\\/image\\\/\"}}]}<\/script>\n<!-- \/ Yoast SEO plugin. -->","yoast_head_json":{"title":"Leitbild\u00a0 - Schulen Rapperswil \u2013 Oberstufenzentrum","robots":{"index":"index","follow":"follow","max-snippet":"max-snippet:-1","max-image-preview":"max-image-preview:large","max-video-preview":"max-video-preview:-1"},"canonical":"https:\/\/schulen-rapperswil.ch\/oberstufenzentrum\/portrait\/leitbild\/","og_locale":"de_DE","og_type":"article","og_title":"Leitbild\u00a0 - Schulen Rapperswil \u2013 Oberstufenzentrum","og_description":"Leitbild Unsere Werte und Ziele WERTE UND ZIELE Wir&#8230; legen Wert auf erlebnisp\u00e4dagogische und kulturelle Aktivit\u00e4ten. sind eine gesundheitsf\u00f6rdernde und bewegte Schule. legen Wert auf einen kompetenten Umgang mit Informations- und Kommunikationstechnologien (ICT). LEHREN UND LERNEN\u202f Wir&#8230; haben ein durchl\u00e4ssiges und transparentes Schulmodell. f\u00f6rdern selbstbestimmtes und selbstorganisiertes Lernen. setzen ICT gezielt im Unterricht ein. nehmen [&hellip;]","og_url":"https:\/\/schulen-rapperswil.ch\/oberstufenzentrum\/portrait\/leitbild\/","og_site_name":"Schulen Rapperswil \u2013 Oberstufenzentrum","article_modified_time":"2024-03-01T09:03:12+00:00","og_image":[{"url":"https:\/\/schulen-rapperswil.ch\/oberstufenzentrum\/wp-content\/uploads\/2024\/02\/Schule-Rapperswil-BE-Oberstufenzentrum-Leitbild.svg","type":"","width":"","height":""}],"twitter_card":"summary_large_image","twitter_misc":{"Gesch\u00e4tzte Lesezeit":"2\u00a0Minuten"},"schema":{"@context":"https:\/\/schema.org","@graph":[{"@type":"WebPage","@id":"https:\/\/schulen-rapperswil.ch\/oberstufenzentrum\/portrait\/leitbild\/","url":"https:\/\/schulen-rapperswil.ch\/oberstufenzentrum\/portrait\/leitbild\/","name":"Leitbild\u00a0 - Schulen Rapperswil \u2013 Oberstufenzentrum","isPartOf":{"@id":"https:\/\/schulen-rapperswil.ch\/oberstufenzentrum\/#website"},"primaryImageOfPage":{"@id":"https:\/\/schulen-rapperswil.ch\/oberstufenzentrum\/portrait\/leitbild\/#primaryimage"},"image":{"@id":"https:\/\/schulen-rapperswil.ch\/oberstufenzentrum\/portrait\/leitbild\/#primaryimage"},"thumbnailUrl":"https:\/\/schulen-rapperswil.ch\/oberstufenzentrum\/wp-content\/uploads\/2024\/02\/Schule-Rapperswil-BE-Oberstufenzentrum-Leitbild.svg","datePublished":"2024-02-27T08:44:23+00:00","dateModified":"2024-03-01T09:03:12+00:00","breadcrumb":{"@id":"https:\/\/schulen-rapperswil.ch\/oberstufenzentrum\/portrait\/leitbild\/#breadcrumb"},"inLanguage":"de","potentialAction":[{"@type":"ReadAction","target":["https:\/\/schulen-rapperswil.ch\/oberstufenzentrum\/portrait\/leitbild\/"]}]},{"@type":"ImageObject","inLanguage":"de","@id":"https:\/\/schulen-rapperswil.ch\/oberstufenzentrum\/portrait\/leitbild\/#primaryimage","url":"https:\/\/schulen-rapperswil.ch\/oberstufenzentrum\/wp-content\/uploads\/2024\/02\/Schule-Rapperswil-BE-Oberstufenzentrum-Leitbild.svg","contentUrl":"https:\/\/schulen-rapperswil.ch\/oberstufenzentrum\/wp-content\/uploads\/2024\/02\/Schule-Rapperswil-BE-Oberstufenzentrum-Leitbild.svg"},{"@type":"BreadcrumbList","@id":"https:\/\/schulen-rapperswil.ch\/oberstufenzentrum\/portrait\/leitbild\/#breadcrumb","itemListElement":[{"@type":"ListItem","position":1,"name":"Startseite","item":"https:\/\/schulen-rapperswil.ch\/oberstufenzentrum\/"},{"@type":"ListItem","position":2,"name":"Portrait","item":"https:\/\/schulen-rapperswil.ch\/oberstufenzentrum\/portrait\/"},{"@type":"ListItem","position":3,"name":"Leitbild\u00a0"}]},{"@type":"WebSite","@id":"https:\/\/schulen-rapperswil.ch\/oberstufenzentrum\/#website","url":"https:\/\/schulen-rapperswil.ch\/oberstufenzentrum\/","name":"Schulen Rapperswil","description":"Oberstufenzentrum","publisher":{"@id":"https:\/\/schulen-rapperswil.ch\/oberstufenzentrum\/#organization"},"potentialAction":[{"@type":"SearchAction","target":{"@type":"EntryPoint","urlTemplate":"https:\/\/schulen-rapperswil.ch\/oberstufenzentrum\/?s={search_term_string}"},"query-input":{"@type":"PropertyValueSpecification","valueRequired":true,"valueName":"search_term_string"}}],"inLanguage":"de"},{"@type":"Organization","@id":"https:\/\/schulen-rapperswil.ch\/oberstufenzentrum\/#organization","name":"Schulen Rapperswil Oberstufenzentrum","url":"https:\/\/schulen-rapperswil.ch\/oberstufenzentrum\/","logo":{"@type":"ImageObject","inLanguage":"de","@id":"https:\/\/schulen-rapperswil.ch\/oberstufenzentrum\/#\/schema\/logo\/image\/","url":"https:\/\/schulen-rapperswil.ch\/oberstufenzentrum\/wp-content\/uploads\/2024\/02\/Schule-Rapperswil-BE-Oberstufenzentrum-Logo.svg","contentUrl":"https:\/\/schulen-rapperswil.ch\/oberstufenzentrum\/wp-content\/uploads\/2024\/02\/Schule-Rapperswil-BE-Oberstufenzentrum-Logo.svg","width":1,"height":1,"caption":"Schulen Rapperswil Oberstufenzentrum"},"image":{"@id":"https:\/\/schulen-rapperswil.ch\/oberstufenzentrum\/#\/schema\/logo\/image\/"}}]}},"_links":{"self":[{"href":"https:\/\/schulen-rapperswil.ch\/oberstufenzentrum\/wp-json\/wp\/v2\/pages\/1355","targetHints":{"allow":["GET"]}}],"collection":[{"href":"https:\/\/schulen-rapperswil.ch\/oberstufenzentrum\/wp-json\/wp\/v2\/pages"}],"about":[{"href":"https:\/\/schulen-rapperswil.ch\/oberstufenzentrum\/wp-json\/wp\/v2\/types\/page"}],"author":[{"embeddable":true,"href":"https:\/\/schulen-rapperswil.ch\/oberstufenzentrum\/wp-json\/wp\/v2\/users\/1"}],"replies":[{"embeddable":true,"href":"https:\/\/schulen-rapperswil.ch\/oberstufenzentrum\/wp-json\/wp\/v2\/comments?post=1355"}],"version-history":[{"count":37,"href":"https:\/\/schulen-rapperswil.ch\/oberstufenzentrum\/wp-json\/wp\/v2\/pages\/1355\/revisions"}],"predecessor-version":[{"id":2044,"href":"https:\/\/schulen-rapperswil.ch\/oberstufenzentrum\/wp-json\/wp\/v2\/pages\/1355\/revisions\/2044"}],"up":[{"embeddable":true,"href":"https:\/\/schulen-rapperswil.ch\/oberstufenzentrum\/wp-json\/wp\/v2\/pages\/547"}],"wp:attachment":[{"href":"https:\/\/schulen-rapperswil.ch\/oberstufenzentrum\/wp-json\/wp\/v2\/media?parent=1355"}],"curies":[{"name":"wp","href":"https:\/\/api.w.org\/{rel}","templated":true}]}}