{"id":1538,"date":"2024-02-28T12:28:25","date_gmt":"2024-02-28T12:28:25","guid":{"rendered":"https:\/\/schulen-rapperswil.ch\/oberstufenzentrum\/?page_id=1538"},"modified":"2024-03-01T09:07:15","modified_gmt":"2024-03-01T09:07:15","slug":"integrative-schule","status":"publish","type":"page","link":"https:\/\/schulen-rapperswil.ch\/oberstufenzentrum\/portrait\/integrative-schule\/","title":{"rendered":"Integrative Schule\u00a0\u00a0\u00a0"},"content":{"rendered":"\t\t<div data-elementor-type=\"wp-page\" data-elementor-id=\"1538\" class=\"elementor elementor-1538\" data-elementor-post-type=\"page\">\n\t\t\t\t<div class=\"elementor-element elementor-element-07fd5b6 e-flex e-con-boxed e-con e-parent\" data-id=\"07fd5b6\" data-element_type=\"container\" data-e-type=\"container\" data-settings=\"{&quot;background_background&quot;:&quot;classic&quot;}\">\n\t\t\t\t\t<div class=\"e-con-inner\">\n\t\t\t\t<div class=\"elementor-element elementor-element-4a635ef elementor-widget__width-auto elementor-widget elementor-widget-heading\" data-id=\"4a635ef\" data-element_type=\"widget\" data-e-type=\"widget\" data-widget_type=\"heading.default\">\n\t\t\t\t<div class=\"elementor-widget-container\">\n\t\t\t\t\t<h1 class=\"elementor-heading-title elementor-size-default\">Integrative Schule<\/h1>\t\t\t\t<\/div>\n\t\t\t\t<\/div>\n\t\t\t\t<div class=\"elementor-element elementor-element-1b15238 elementor-widget elementor-widget-heading\" data-id=\"1b15238\" data-element_type=\"widget\" data-e-type=\"widget\" data-widget_type=\"heading.default\">\n\t\t\t\t<div class=\"elementor-widget-container\">\n\t\t\t\t\t<h3 class=\"elementor-heading-title elementor-size-default\">\u00abWir sind alle verschieden, und das ist gut so, denn wir sind alle einzigartig. Ohne Vielfalt w\u00e4re das Leben sehr langweilig\u00bb<\/h3>\t\t\t\t<\/div>\n\t\t\t\t<\/div>\n\t\t\t\t<div class=\"elementor-element elementor-element-6025f33 elementor-widget elementor-widget-heading\" data-id=\"6025f33\" data-element_type=\"widget\" data-e-type=\"widget\" data-widget_type=\"heading.default\">\n\t\t\t\t<div class=\"elementor-widget-container\">\n\t\t\t\t\t<h6 class=\"elementor-heading-title elementor-size-default\">Catherine Pulsifer<\/h6>\t\t\t\t<\/div>\n\t\t\t\t<\/div>\n\t\t\t\t\t<\/div>\n\t\t\t\t<\/div>\n\t\t<div class=\"elementor-element elementor-element-7fefc46 e-flex e-con-boxed e-con e-parent\" data-id=\"7fefc46\" data-element_type=\"container\" data-e-type=\"container\" data-settings=\"{&quot;background_background&quot;:&quot;classic&quot;}\">\n\t\t\t\t\t<div class=\"e-con-inner\">\n\t\t<div class=\"elementor-element elementor-element-0aa5a50 e-flex e-con-boxed e-con e-child\" data-id=\"0aa5a50\" data-element_type=\"container\" data-e-type=\"container\">\n\t\t\t\t\t<div class=\"e-con-inner\">\n\t\t<div class=\"elementor-element elementor-element-1988fd5 e-con-full e-flex e-con e-child\" data-id=\"1988fd5\" data-element_type=\"container\" data-e-type=\"container\">\n\t\t\t\t<div class=\"elementor-element elementor-element-3b32a68 elementor-widget elementor-widget-text-editor\" data-id=\"3b32a68\" data-element_type=\"widget\" data-e-type=\"widget\" data-widget_type=\"text-editor.default\">\n\t\t\t\t<div class=\"elementor-widget-container\">\n\t\t\t\t\t\t\t\t\t<p>An unserem Oberstufenzentrum werden rund 175 Kinder beschult. Wir sind eine Schule f\u00fcr alle, das gilt auch f\u00fcr Sch\u00fcler*innen mit einer Lernbeeintr\u00e4chtigung, einer besonderen Begabung oder Fremdsprachigkeit. Es ist uns wichtig, die Vielfalt der Jugendlichen zu ber\u00fccksichtigen, ihre St\u00e4rken zu f\u00f6rdern und ein individuelles und selbstgesteuertes Lernen zu erm\u00f6glichen. Um die Jugendlichen bestm\u00f6glich auf ihrem Weg zu begleiten, sind wir auf eine gute Zusammenarbeit mit den Eltern angewiesen.\u00a0<\/p><p>Die Grundlage f\u00fcr eine \u00abSchule f\u00fcr alle\u00bb ist der integrative Unterricht. Integrativ heisst einschliessend. Unsere Schule ist bem\u00fcht alle einzuschliessen und damit das gelingt, erhalten die Sch\u00fcler*innen zus\u00e4tzliche Unterst\u00fctzung.<\/p>\t\t\t\t\t\t\t\t<\/div>\n\t\t\t\t<\/div>\n\t\t\t\t<\/div>\n\t\t<div class=\"elementor-element elementor-element-f4bd717 e-con-full e-flex e-con e-child\" data-id=\"f4bd717\" data-element_type=\"container\" data-e-type=\"container\">\n\t\t\t\t<div class=\"elementor-element elementor-element-80ca34f elementor-widget elementor-widget-image\" data-id=\"80ca34f\" data-element_type=\"widget\" data-e-type=\"widget\" data-widget_type=\"image.default\">\n\t\t\t\t<div class=\"elementor-widget-container\">\n\t\t\t\t\t\t\t\t\t\t\t\t\t\t\t<img decoding=\"async\" width=\"1\" height=\"1\" src=\"https:\/\/schulen-rapperswil.ch\/oberstufenzentrum\/wp-content\/uploads\/2024\/02\/Schule-Rapperswil-BE-Oberstufenzentrum-Integrative-Schule.svg\" class=\"attachment-large size-large wp-image-1957\" alt=\"\" \/>\t\t\t\t\t\t\t\t\t\t\t\t\t\t\t<\/div>\n\t\t\t\t<\/div>\n\t\t\t\t<\/div>\n\t\t\t\t\t<\/div>\n\t\t\t\t<\/div>\n\t\t<div class=\"elementor-element elementor-element-4655a13 e-con-full e-flex e-con e-child\" data-id=\"4655a13\" data-element_type=\"container\" data-e-type=\"container\">\n\t\t\t\t<div class=\"elementor-element elementor-element-26e1169 elementor-widget elementor-widget-heading\" data-id=\"26e1169\" data-element_type=\"widget\" data-e-type=\"widget\" data-widget_type=\"heading.default\">\n\t\t\t\t<div class=\"elementor-widget-container\">\n\t\t\t\t\t<h2 class=\"elementor-heading-title elementor-size-default\">MR (Massnahmen Regelschule)<\/h2>\t\t\t\t<\/div>\n\t\t\t\t<\/div>\n\t\t\t\t<\/div>\n\t\t<div class=\"elementor-element elementor-element-4741c59 e-con-full e-flex e-con e-child\" data-id=\"4741c59\" data-element_type=\"container\" data-e-type=\"container\">\n\t\t\t\t<div class=\"elementor-element elementor-element-f9a892b elementor-widget elementor-widget-heading\" data-id=\"f9a892b\" data-element_type=\"widget\" data-e-type=\"widget\" data-widget_type=\"heading.default\">\n\t\t\t\t<div class=\"elementor-widget-container\">\n\t\t\t\t\t<h3 class=\"elementor-heading-title elementor-size-default\">IF (integrative F\u00f6rderung)<\/h3>\t\t\t\t<\/div>\n\t\t\t\t<\/div>\n\t\t\t\t<div class=\"elementor-element elementor-element-1f0e001 elementor-widget elementor-widget-text-editor\" data-id=\"1f0e001\" data-element_type=\"widget\" data-e-type=\"widget\" data-widget_type=\"text-editor.default\">\n\t\t\t\t<div class=\"elementor-widget-container\">\n\t\t\t\t\t\t\t\t\t<p>Heilp\u00e4dagoginnen erfassen und begleiten Kinder und Jugendliche mit gr\u00f6sseren Lern- und\/oder Verhaltensschwierigkeiten. Sie unterrichten in verschiedenen Settings je nach Bedarf im Klassenunterricht, in Kleingruppen, im Teamteaching oder im Einzelunterricht.\u00a0<\/p><p>Es ist auch m\u00f6glich, dass die Heilp\u00e4dagogin mit der ganzen Klasse arbeitet.<\/p>\t\t\t\t\t\t\t\t<\/div>\n\t\t\t\t<\/div>\n\t\t\t\t<\/div>\n\t\t<div class=\"elementor-element elementor-element-c3b795a e-con-full e-flex e-con e-child\" data-id=\"c3b795a\" data-element_type=\"container\" data-e-type=\"container\">\n\t\t\t\t<div class=\"elementor-element elementor-element-22cc44d elementor-widget elementor-widget-heading\" data-id=\"22cc44d\" data-element_type=\"widget\" data-e-type=\"widget\" data-widget_type=\"heading.default\">\n\t\t\t\t<div class=\"elementor-widget-container\">\n\t\t\t\t\t<h3 class=\"elementor-heading-title elementor-size-default\">DaZ (Deutsch als Zweitsprache)<\/h3>\t\t\t\t<\/div>\n\t\t\t\t<\/div>\n\t\t\t\t<div class=\"elementor-element elementor-element-50edc47 elementor-widget elementor-widget-text-editor\" data-id=\"50edc47\" data-element_type=\"widget\" data-e-type=\"widget\" data-widget_type=\"text-editor.default\">\n\t\t\t\t<div class=\"elementor-widget-container\">\n\t\t\t\t\t\t\t\t\t<p>Kinder, die kein oder kaum Deutsch sprechen, setzen sich in Kleingruppen intensiv mit der deutschen Sprache auseinander. Sie werden gef\u00f6rdert, bis sie dem Unterricht in deutscher Sprache folgen k\u00f6nnen.\u00a0<\/p>\t\t\t\t\t\t\t\t<\/div>\n\t\t\t\t<\/div>\n\t\t\t\t<\/div>\n\t\t<div class=\"elementor-element elementor-element-ca2ff90 e-con-full e-flex e-con e-child\" data-id=\"ca2ff90\" data-element_type=\"container\" data-e-type=\"container\">\n\t\t\t\t<div class=\"elementor-element elementor-element-34b4e99 elementor-widget elementor-widget-heading\" data-id=\"34b4e99\" data-element_type=\"widget\" data-e-type=\"widget\" data-widget_type=\"heading.default\">\n\t\t\t\t<div class=\"elementor-widget-container\">\n\t\t\t\t\t<h3 class=\"elementor-heading-title elementor-size-default\">Logop\u00e4die<\/h3>\t\t\t\t<\/div>\n\t\t\t\t<\/div>\n\t\t\t\t<div class=\"elementor-element elementor-element-a831b23 elementor-widget elementor-widget-text-editor\" data-id=\"a831b23\" data-element_type=\"widget\" data-e-type=\"widget\" data-widget_type=\"text-editor.default\">\n\t\t\t\t<div class=\"elementor-widget-container\">\n\t\t\t\t\t\t\t\t\t<p>Logop\u00e4dinnen sind f\u00fcr die Abkl\u00e4rung, Beratung und F\u00f6rderung von Kindern mit Schwierigkeiten in der gesprochenen und der geschriebenen Sprache sowie der Stimme zust\u00e4ndig.\u00a0<\/p>\t\t\t\t\t\t\t\t<\/div>\n\t\t\t\t<\/div>\n\t\t\t\t<\/div>\n\t\t<div class=\"elementor-element elementor-element-ed38ddd e-con-full e-flex e-con e-child\" data-id=\"ed38ddd\" data-element_type=\"container\" data-e-type=\"container\">\n\t\t\t\t<div class=\"elementor-element elementor-element-8bf56aa elementor-widget elementor-widget-heading\" data-id=\"8bf56aa\" data-element_type=\"widget\" data-e-type=\"widget\" data-widget_type=\"heading.default\">\n\t\t\t\t<div class=\"elementor-widget-container\">\n\t\t\t\t\t<h3 class=\"elementor-heading-title elementor-size-default\">Psychomotorik<\/h3>\t\t\t\t<\/div>\n\t\t\t\t<\/div>\n\t\t\t\t<div class=\"elementor-element elementor-element-89c3e15 elementor-widget elementor-widget-text-editor\" data-id=\"89c3e15\" data-element_type=\"widget\" data-e-type=\"widget\" data-widget_type=\"text-editor.default\">\n\t\t\t\t<div class=\"elementor-widget-container\">\n\t\t\t\t\t\t\t\t\t<p>Die Psychomotorik befasst sich mit der Abkl\u00e4rung und Behandlung von Schwierigkeiten in der Wahrnehmung und Motorik. Sie st\u00e4rkt das Selbstwertgef\u00fchl und die Pers\u00f6nlichkeit. Die Therapie findet in Lyss statt.\u00a0<\/p>\t\t\t\t\t\t\t\t<\/div>\n\t\t\t\t<\/div>\n\t\t\t\t<\/div>\n\t\t<div class=\"elementor-element elementor-element-4d3ff36 e-con-full e-flex e-con e-child\" data-id=\"4d3ff36\" data-element_type=\"container\" data-e-type=\"container\">\n\t\t\t\t<div class=\"elementor-element elementor-element-dc6c070 elementor-widget elementor-widget-heading\" data-id=\"dc6c070\" data-element_type=\"widget\" data-e-type=\"widget\" data-widget_type=\"heading.default\">\n\t\t\t\t<div class=\"elementor-widget-container\">\n\t\t\t\t\t<h3 class=\"elementor-heading-title elementor-size-default\">BF (begabten F\u00f6rderung)<\/h3>\t\t\t\t<\/div>\n\t\t\t\t<\/div>\n\t\t\t\t<div class=\"elementor-element elementor-element-8edcf8f elementor-widget elementor-widget-text-editor\" data-id=\"8edcf8f\" data-element_type=\"widget\" data-e-type=\"widget\" data-widget_type=\"text-editor.default\">\n\t\t\t\t<div class=\"elementor-widget-container\">\n\t\t\t\t\t\t\t\t\t<p>Besonders begabte Kinder mit einem abgekl\u00e4rten IQ von 130 d\u00fcrfen einmal pro Woche das Angebot in Sch\u00fcpfen besuchen, wo sie nach ihren Interessen gef\u00f6rdert und gefordert werden.\u00a0<\/p>\t\t\t\t\t\t\t\t<\/div>\n\t\t\t\t<\/div>\n\t\t\t\t<\/div>\n\t\t<div class=\"elementor-element elementor-element-3ceb9e7 e-con-full e-flex e-con e-child\" data-id=\"3ceb9e7\" data-element_type=\"container\" data-e-type=\"container\">\n\t\t\t\t<div class=\"elementor-element elementor-element-375276e elementor-widget elementor-widget-heading\" data-id=\"375276e\" data-element_type=\"widget\" data-e-type=\"widget\" data-widget_type=\"heading.default\">\n\t\t\t\t<div class=\"elementor-widget-container\">\n\t\t\t\t\t<h3 class=\"elementor-heading-title elementor-size-default\">Verst\u00e4rkte sonderp\u00e4dagogische Massnahmen\n\nbVSA (besonderes Volksschulangebot)<\/h3>\t\t\t\t<\/div>\n\t\t\t\t<\/div>\n\t\t\t\t<div class=\"elementor-element elementor-element-51d9b54 elementor-widget elementor-widget-text-editor\" data-id=\"51d9b54\" data-element_type=\"widget\" data-e-type=\"widget\" data-widget_type=\"text-editor.default\">\n\t\t\t\t<div class=\"elementor-widget-container\">\n\t\t\t\t\t\t\t\t\t<p>Sch\u00fcler*innen mit verst\u00e4rktem Unterst\u00fctzungsbedarf werden nach M\u00f6glichkeit in der Regelschule integriert und durch eine Heilp\u00e4dagogin unterst\u00fctzt. Sie werden im integrativen besonderen Volksschulangebot beschult.\u00a0<\/p>\t\t\t\t\t\t\t\t<\/div>\n\t\t\t\t<\/div>\n\t\t\t\t<\/div>\n\t\t\t\t\t<\/div>\n\t\t\t\t<\/div>\n\t\t\t\t<\/div>\n\t\t","protected":false},"excerpt":{"rendered":"<p>Integrative Schule \u00abWir sind alle verschieden, und das ist gut so, denn wir sind alle einzigartig. Ohne Vielfalt w\u00e4re das Leben sehr langweilig\u00bb Catherine Pulsifer An unserem Oberstufenzentrum werden rund 175 Kinder beschult. Wir sind eine Schule f\u00fcr alle, das gilt auch f\u00fcr Sch\u00fcler*innen mit einer Lernbeeintr\u00e4chtigung, einer besonderen Begabung oder Fremdsprachigkeit. Es ist uns [&hellip;]<\/p>\n","protected":false},"author":1,"featured_media":0,"parent":547,"menu_order":0,"comment_status":"closed","ping_status":"closed","template":"","meta":{"footnotes":""},"class_list":["post-1538","page","type-page","status-publish","hentry"],"yoast_head":"<!-- This site is optimized with the Yoast SEO plugin v27.4 - https:\/\/yoast.com\/product\/yoast-seo-wordpress\/ -->\n<title>Integrative Schule\u00a0\u00a0\u00a0 - Schulen Rapperswil \u2013 Oberstufenzentrum<\/title>\n<meta name=\"robots\" content=\"index, follow, max-snippet:-1, max-image-preview:large, max-video-preview:-1\" \/>\n<link rel=\"canonical\" href=\"https:\/\/schulen-rapperswil.ch\/oberstufenzentrum\/portrait\/integrative-schule\/\" \/>\n<meta property=\"og:locale\" content=\"de_DE\" \/>\n<meta property=\"og:type\" content=\"article\" \/>\n<meta property=\"og:title\" content=\"Integrative Schule\u00a0\u00a0\u00a0 - Schulen Rapperswil \u2013 Oberstufenzentrum\" \/>\n<meta property=\"og:description\" content=\"Integrative Schule \u00abWir sind alle verschieden, und das ist gut so, denn wir sind alle einzigartig. Ohne Vielfalt w\u00e4re das Leben sehr langweilig\u00bb Catherine Pulsifer An unserem Oberstufenzentrum werden rund 175 Kinder beschult. Wir sind eine Schule f\u00fcr alle, das gilt auch f\u00fcr Sch\u00fcler*innen mit einer Lernbeeintr\u00e4chtigung, einer besonderen Begabung oder Fremdsprachigkeit. Es ist uns [&hellip;]\" \/>\n<meta property=\"og:url\" content=\"https:\/\/schulen-rapperswil.ch\/oberstufenzentrum\/portrait\/integrative-schule\/\" \/>\n<meta property=\"og:site_name\" content=\"Schulen Rapperswil \u2013 Oberstufenzentrum\" \/>\n<meta property=\"article:modified_time\" content=\"2024-03-01T09:07:15+00:00\" \/>\n<meta property=\"og:image\" content=\"https:\/\/schulen-rapperswil.ch\/oberstufenzentrum\/wp-content\/uploads\/2024\/02\/Schule-Rapperswil-BE-Oberstufenzentrum-Integrative-Schule.svg\" \/>\n<meta name=\"twitter:card\" content=\"summary_large_image\" \/>\n<meta name=\"twitter:label1\" content=\"Gesch\u00e4tzte Lesezeit\" \/>\n\t<meta name=\"twitter:data1\" content=\"2\u00a0Minuten\" \/>\n<script type=\"application\/ld+json\" class=\"yoast-schema-graph\">{\"@context\":\"https:\\\/\\\/schema.org\",\"@graph\":[{\"@type\":\"WebPage\",\"@id\":\"https:\\\/\\\/schulen-rapperswil.ch\\\/oberstufenzentrum\\\/portrait\\\/integrative-schule\\\/\",\"url\":\"https:\\\/\\\/schulen-rapperswil.ch\\\/oberstufenzentrum\\\/portrait\\\/integrative-schule\\\/\",\"name\":\"Integrative Schule\u00a0\u00a0\u00a0 - Schulen Rapperswil \u2013 Oberstufenzentrum\",\"isPartOf\":{\"@id\":\"https:\\\/\\\/schulen-rapperswil.ch\\\/oberstufenzentrum\\\/#website\"},\"primaryImageOfPage\":{\"@id\":\"https:\\\/\\\/schulen-rapperswil.ch\\\/oberstufenzentrum\\\/portrait\\\/integrative-schule\\\/#primaryimage\"},\"image\":{\"@id\":\"https:\\\/\\\/schulen-rapperswil.ch\\\/oberstufenzentrum\\\/portrait\\\/integrative-schule\\\/#primaryimage\"},\"thumbnailUrl\":\"https:\\\/\\\/schulen-rapperswil.ch\\\/oberstufenzentrum\\\/wp-content\\\/uploads\\\/2024\\\/02\\\/Schule-Rapperswil-BE-Oberstufenzentrum-Integrative-Schule.svg\",\"datePublished\":\"2024-02-28T12:28:25+00:00\",\"dateModified\":\"2024-03-01T09:07:15+00:00\",\"breadcrumb\":{\"@id\":\"https:\\\/\\\/schulen-rapperswil.ch\\\/oberstufenzentrum\\\/portrait\\\/integrative-schule\\\/#breadcrumb\"},\"inLanguage\":\"de\",\"potentialAction\":[{\"@type\":\"ReadAction\",\"target\":[\"https:\\\/\\\/schulen-rapperswil.ch\\\/oberstufenzentrum\\\/portrait\\\/integrative-schule\\\/\"]}]},{\"@type\":\"ImageObject\",\"inLanguage\":\"de\",\"@id\":\"https:\\\/\\\/schulen-rapperswil.ch\\\/oberstufenzentrum\\\/portrait\\\/integrative-schule\\\/#primaryimage\",\"url\":\"https:\\\/\\\/schulen-rapperswil.ch\\\/oberstufenzentrum\\\/wp-content\\\/uploads\\\/2024\\\/02\\\/Schule-Rapperswil-BE-Oberstufenzentrum-Integrative-Schule.svg\",\"contentUrl\":\"https:\\\/\\\/schulen-rapperswil.ch\\\/oberstufenzentrum\\\/wp-content\\\/uploads\\\/2024\\\/02\\\/Schule-Rapperswil-BE-Oberstufenzentrum-Integrative-Schule.svg\"},{\"@type\":\"BreadcrumbList\",\"@id\":\"https:\\\/\\\/schulen-rapperswil.ch\\\/oberstufenzentrum\\\/portrait\\\/integrative-schule\\\/#breadcrumb\",\"itemListElement\":[{\"@type\":\"ListItem\",\"position\":1,\"name\":\"Startseite\",\"item\":\"https:\\\/\\\/schulen-rapperswil.ch\\\/oberstufenzentrum\\\/\"},{\"@type\":\"ListItem\",\"position\":2,\"name\":\"Portrait\",\"item\":\"https:\\\/\\\/schulen-rapperswil.ch\\\/oberstufenzentrum\\\/portrait\\\/\"},{\"@type\":\"ListItem\",\"position\":3,\"name\":\"Integrative Schule\u00a0\u00a0\u00a0\"}]},{\"@type\":\"WebSite\",\"@id\":\"https:\\\/\\\/schulen-rapperswil.ch\\\/oberstufenzentrum\\\/#website\",\"url\":\"https:\\\/\\\/schulen-rapperswil.ch\\\/oberstufenzentrum\\\/\",\"name\":\"Schulen Rapperswil\",\"description\":\"Oberstufenzentrum\",\"publisher\":{\"@id\":\"https:\\\/\\\/schulen-rapperswil.ch\\\/oberstufenzentrum\\\/#organization\"},\"potentialAction\":[{\"@type\":\"SearchAction\",\"target\":{\"@type\":\"EntryPoint\",\"urlTemplate\":\"https:\\\/\\\/schulen-rapperswil.ch\\\/oberstufenzentrum\\\/?s={search_term_string}\"},\"query-input\":{\"@type\":\"PropertyValueSpecification\",\"valueRequired\":true,\"valueName\":\"search_term_string\"}}],\"inLanguage\":\"de\"},{\"@type\":\"Organization\",\"@id\":\"https:\\\/\\\/schulen-rapperswil.ch\\\/oberstufenzentrum\\\/#organization\",\"name\":\"Schulen Rapperswil Oberstufenzentrum\",\"url\":\"https:\\\/\\\/schulen-rapperswil.ch\\\/oberstufenzentrum\\\/\",\"logo\":{\"@type\":\"ImageObject\",\"inLanguage\":\"de\",\"@id\":\"https:\\\/\\\/schulen-rapperswil.ch\\\/oberstufenzentrum\\\/#\\\/schema\\\/logo\\\/image\\\/\",\"url\":\"https:\\\/\\\/schulen-rapperswil.ch\\\/oberstufenzentrum\\\/wp-content\\\/uploads\\\/2024\\\/02\\\/Schule-Rapperswil-BE-Oberstufenzentrum-Logo.svg\",\"contentUrl\":\"https:\\\/\\\/schulen-rapperswil.ch\\\/oberstufenzentrum\\\/wp-content\\\/uploads\\\/2024\\\/02\\\/Schule-Rapperswil-BE-Oberstufenzentrum-Logo.svg\",\"width\":1,\"height\":1,\"caption\":\"Schulen Rapperswil Oberstufenzentrum\"},\"image\":{\"@id\":\"https:\\\/\\\/schulen-rapperswil.ch\\\/oberstufenzentrum\\\/#\\\/schema\\\/logo\\\/image\\\/\"}}]}<\/script>\n<!-- \/ Yoast SEO plugin. -->","yoast_head_json":{"title":"Integrative Schule\u00a0\u00a0\u00a0 - Schulen Rapperswil \u2013 Oberstufenzentrum","robots":{"index":"index","follow":"follow","max-snippet":"max-snippet:-1","max-image-preview":"max-image-preview:large","max-video-preview":"max-video-preview:-1"},"canonical":"https:\/\/schulen-rapperswil.ch\/oberstufenzentrum\/portrait\/integrative-schule\/","og_locale":"de_DE","og_type":"article","og_title":"Integrative Schule\u00a0\u00a0\u00a0 - Schulen Rapperswil \u2013 Oberstufenzentrum","og_description":"Integrative Schule \u00abWir sind alle verschieden, und das ist gut so, denn wir sind alle einzigartig. Ohne Vielfalt w\u00e4re das Leben sehr langweilig\u00bb Catherine Pulsifer An unserem Oberstufenzentrum werden rund 175 Kinder beschult. Wir sind eine Schule f\u00fcr alle, das gilt auch f\u00fcr Sch\u00fcler*innen mit einer Lernbeeintr\u00e4chtigung, einer besonderen Begabung oder Fremdsprachigkeit. Es ist uns [&hellip;]","og_url":"https:\/\/schulen-rapperswil.ch\/oberstufenzentrum\/portrait\/integrative-schule\/","og_site_name":"Schulen Rapperswil \u2013 Oberstufenzentrum","article_modified_time":"2024-03-01T09:07:15+00:00","og_image":[{"url":"https:\/\/schulen-rapperswil.ch\/oberstufenzentrum\/wp-content\/uploads\/2024\/02\/Schule-Rapperswil-BE-Oberstufenzentrum-Integrative-Schule.svg","type":"","width":"","height":""}],"twitter_card":"summary_large_image","twitter_misc":{"Gesch\u00e4tzte Lesezeit":"2\u00a0Minuten"},"schema":{"@context":"https:\/\/schema.org","@graph":[{"@type":"WebPage","@id":"https:\/\/schulen-rapperswil.ch\/oberstufenzentrum\/portrait\/integrative-schule\/","url":"https:\/\/schulen-rapperswil.ch\/oberstufenzentrum\/portrait\/integrative-schule\/","name":"Integrative Schule\u00a0\u00a0\u00a0 - Schulen Rapperswil \u2013 Oberstufenzentrum","isPartOf":{"@id":"https:\/\/schulen-rapperswil.ch\/oberstufenzentrum\/#website"},"primaryImageOfPage":{"@id":"https:\/\/schulen-rapperswil.ch\/oberstufenzentrum\/portrait\/integrative-schule\/#primaryimage"},"image":{"@id":"https:\/\/schulen-rapperswil.ch\/oberstufenzentrum\/portrait\/integrative-schule\/#primaryimage"},"thumbnailUrl":"https:\/\/schulen-rapperswil.ch\/oberstufenzentrum\/wp-content\/uploads\/2024\/02\/Schule-Rapperswil-BE-Oberstufenzentrum-Integrative-Schule.svg","datePublished":"2024-02-28T12:28:25+00:00","dateModified":"2024-03-01T09:07:15+00:00","breadcrumb":{"@id":"https:\/\/schulen-rapperswil.ch\/oberstufenzentrum\/portrait\/integrative-schule\/#breadcrumb"},"inLanguage":"de","potentialAction":[{"@type":"ReadAction","target":["https:\/\/schulen-rapperswil.ch\/oberstufenzentrum\/portrait\/integrative-schule\/"]}]},{"@type":"ImageObject","inLanguage":"de","@id":"https:\/\/schulen-rapperswil.ch\/oberstufenzentrum\/portrait\/integrative-schule\/#primaryimage","url":"https:\/\/schulen-rapperswil.ch\/oberstufenzentrum\/wp-content\/uploads\/2024\/02\/Schule-Rapperswil-BE-Oberstufenzentrum-Integrative-Schule.svg","contentUrl":"https:\/\/schulen-rapperswil.ch\/oberstufenzentrum\/wp-content\/uploads\/2024\/02\/Schule-Rapperswil-BE-Oberstufenzentrum-Integrative-Schule.svg"},{"@type":"BreadcrumbList","@id":"https:\/\/schulen-rapperswil.ch\/oberstufenzentrum\/portrait\/integrative-schule\/#breadcrumb","itemListElement":[{"@type":"ListItem","position":1,"name":"Startseite","item":"https:\/\/schulen-rapperswil.ch\/oberstufenzentrum\/"},{"@type":"ListItem","position":2,"name":"Portrait","item":"https:\/\/schulen-rapperswil.ch\/oberstufenzentrum\/portrait\/"},{"@type":"ListItem","position":3,"name":"Integrative Schule\u00a0\u00a0\u00a0"}]},{"@type":"WebSite","@id":"https:\/\/schulen-rapperswil.ch\/oberstufenzentrum\/#website","url":"https:\/\/schulen-rapperswil.ch\/oberstufenzentrum\/","name":"Schulen Rapperswil","description":"Oberstufenzentrum","publisher":{"@id":"https:\/\/schulen-rapperswil.ch\/oberstufenzentrum\/#organization"},"potentialAction":[{"@type":"SearchAction","target":{"@type":"EntryPoint","urlTemplate":"https:\/\/schulen-rapperswil.ch\/oberstufenzentrum\/?s={search_term_string}"},"query-input":{"@type":"PropertyValueSpecification","valueRequired":true,"valueName":"search_term_string"}}],"inLanguage":"de"},{"@type":"Organization","@id":"https:\/\/schulen-rapperswil.ch\/oberstufenzentrum\/#organization","name":"Schulen Rapperswil Oberstufenzentrum","url":"https:\/\/schulen-rapperswil.ch\/oberstufenzentrum\/","logo":{"@type":"ImageObject","inLanguage":"de","@id":"https:\/\/schulen-rapperswil.ch\/oberstufenzentrum\/#\/schema\/logo\/image\/","url":"https:\/\/schulen-rapperswil.ch\/oberstufenzentrum\/wp-content\/uploads\/2024\/02\/Schule-Rapperswil-BE-Oberstufenzentrum-Logo.svg","contentUrl":"https:\/\/schulen-rapperswil.ch\/oberstufenzentrum\/wp-content\/uploads\/2024\/02\/Schule-Rapperswil-BE-Oberstufenzentrum-Logo.svg","width":1,"height":1,"caption":"Schulen Rapperswil Oberstufenzentrum"},"image":{"@id":"https:\/\/schulen-rapperswil.ch\/oberstufenzentrum\/#\/schema\/logo\/image\/"}}]}},"_links":{"self":[{"href":"https:\/\/schulen-rapperswil.ch\/oberstufenzentrum\/wp-json\/wp\/v2\/pages\/1538","targetHints":{"allow":["GET"]}}],"collection":[{"href":"https:\/\/schulen-rapperswil.ch\/oberstufenzentrum\/wp-json\/wp\/v2\/pages"}],"about":[{"href":"https:\/\/schulen-rapperswil.ch\/oberstufenzentrum\/wp-json\/wp\/v2\/types\/page"}],"author":[{"embeddable":true,"href":"https:\/\/schulen-rapperswil.ch\/oberstufenzentrum\/wp-json\/wp\/v2\/users\/1"}],"replies":[{"embeddable":true,"href":"https:\/\/schulen-rapperswil.ch\/oberstufenzentrum\/wp-json\/wp\/v2\/comments?post=1538"}],"version-history":[{"count":16,"href":"https:\/\/schulen-rapperswil.ch\/oberstufenzentrum\/wp-json\/wp\/v2\/pages\/1538\/revisions"}],"predecessor-version":[{"id":2047,"href":"https:\/\/schulen-rapperswil.ch\/oberstufenzentrum\/wp-json\/wp\/v2\/pages\/1538\/revisions\/2047"}],"up":[{"embeddable":true,"href":"https:\/\/schulen-rapperswil.ch\/oberstufenzentrum\/wp-json\/wp\/v2\/pages\/547"}],"wp:attachment":[{"href":"https:\/\/schulen-rapperswil.ch\/oberstufenzentrum\/wp-json\/wp\/v2\/media?parent=1538"}],"curies":[{"name":"wp","href":"https:\/\/api.w.org\/{rel}","templated":true}]}}