{"id":3817,"date":"2025-09-10T08:44:21","date_gmt":"2025-09-10T08:44:21","guid":{"rendered":"https:\/\/schulen-rapperswil.ch\/oberstufenzentrum\/?page_id=3817"},"modified":"2025-09-10T08:50:51","modified_gmt":"2025-09-10T08:50:51","slug":"partnerschule-phbern","status":"publish","type":"page","link":"https:\/\/schulen-rapperswil.ch\/oberstufenzentrum\/portrait\/partnerschule-phbern\/","title":{"rendered":"Partnerschule PHBern"},"content":{"rendered":"\t\t<div data-elementor-type=\"wp-page\" data-elementor-id=\"3817\" class=\"elementor elementor-3817\" data-elementor-post-type=\"page\">\n\t\t\t\t<div class=\"elementor-element elementor-element-0058de1 e-flex e-con-boxed e-con e-parent\" data-id=\"0058de1\" data-element_type=\"container\" data-e-type=\"container\" data-settings=\"{&quot;background_background&quot;:&quot;classic&quot;}\">\n\t\t\t\t\t<div class=\"e-con-inner\">\n\t\t\t\t<div class=\"elementor-element elementor-element-457af7c elementor-widget__width-auto elementor-widget elementor-widget-heading\" data-id=\"457af7c\" data-element_type=\"widget\" data-e-type=\"widget\" data-widget_type=\"heading.default\">\n\t\t\t\t<div class=\"elementor-widget-container\">\n\t\t\t\t\t<h1 class=\"elementor-heading-title elementor-size-default\">Partnerschule PHBern<\/h1>\t\t\t\t<\/div>\n\t\t\t\t<\/div>\n\t\t\t\t<div class=\"elementor-element elementor-element-2cf9a77 elementor-widget elementor-widget-heading\" data-id=\"2cf9a77\" data-element_type=\"widget\" data-e-type=\"widget\" data-widget_type=\"heading.default\">\n\t\t\t\t<div class=\"elementor-widget-container\">\n\t\t\t\t\t<h3 class=\"elementor-heading-title elementor-size-default\">Wir sind eine Partnerschule des Instituts Sekundarstufe I<\/h3>\t\t\t\t<\/div>\n\t\t\t\t<\/div>\n\t\t\t\t\t<\/div>\n\t\t\t\t<\/div>\n\t\t<div class=\"elementor-element elementor-element-408ad60 e-flex e-con-boxed e-con e-parent\" data-id=\"408ad60\" data-element_type=\"container\" data-e-type=\"container\" data-settings=\"{&quot;background_background&quot;:&quot;classic&quot;}\">\n\t\t\t\t\t<div class=\"e-con-inner\">\n\t\t<div class=\"elementor-element elementor-element-973f9d7 e-flex e-con-boxed e-con e-child\" data-id=\"973f9d7\" data-element_type=\"container\" data-e-type=\"container\">\n\t\t\t\t\t<div class=\"e-con-inner\">\n\t\t<div class=\"elementor-element elementor-element-9eb4914 e-con-full e-flex e-con e-child\" data-id=\"9eb4914\" data-element_type=\"container\" data-e-type=\"container\">\n\t\t\t\t<div class=\"elementor-element elementor-element-735d767 elementor-widget elementor-widget-text-editor\" data-id=\"735d767\" data-element_type=\"widget\" data-e-type=\"widget\" data-widget_type=\"text-editor.default\">\n\t\t\t\t<div class=\"elementor-widget-container\">\n\t\t\t\t\t\t\t\t\t<p><span data-contrast=\"auto\">Das OSZ Rapperswil ist eine Partnerschule des Instituts Sekundarstufe I (IS1) der P\u00e4dagogischen Hochschule Bern (PHBern). Als solche engagiert sie sich aktiv in der Ausbildung zuk\u00fcnftiger Sekundarlehrpersonen. An unserer Schule sind 7 Praxislehrpersonen t\u00e4tig. Sie alle sind ausgebildete und erfahrene Lehrpersonen, die Studierende in ihren mehrw\u00f6chigen Praktika begleiten. An unserer Schule sind sowohl Praxislehrpersonen mit erweitertem Auftrag als auch Praxislehrpersonen im Grundauftrag t\u00e4tig. Praxislehrpersonen mit erweitertem Auftrag haben zus\u00e4tzlich zur Ihrem Lehrdiplom (in der Regel Master of Arts in Secondary Education) den Weiterbildungslehrgang \u00abCAS Berufspraxis kompetent begleiten\u00bb absolviert und verf\u00fcgen \u00fcber vertiefte Kenntnisse in der Praktikumsbegleitung und im Coaching von Erwachsenen. Diese<\/span><span data-contrast=\"none\">\u00a0<\/span><span data-contrast=\"auto\">Praxislehrpersonen haben zus\u00e4tzlich zum Pensum an unserer Schule eine kleine Anstellung an der PHBern und engagieren sich nebst der Praktikumsbegleitung unter anderem in Zusammenarbeitsprojekten mit dem IS1 der PHBern (z.B. Mitarbeit in der Lehre, Berufseignungsabkl\u00e4rungen, etc.).<\/span><span data-ccp-props=\"{&quot;201341983&quot;:0,&quot;335559739&quot;:120,&quot;335559740&quot;:276}\">\u00a0<\/span><\/p><p><span data-contrast=\"auto\">Durch die enge Zusammenarbeit mit der PHBern k\u00f6nnen wir k\u00fcnftigen Lehrpersonen optimale Bedingungen f\u00fcr einen erfolgreichen Einstieg in den Lehrberuf bieten. Die Praxislehrpersonen an unserer Schule kennen die Anforderungen des Studiums sowie die Vorgaben der PHBern genau und unterst\u00fctzen die Studierenden gezielt in ihrer beruflichen und pers\u00f6nlichen Entwicklung. Sie bringen ihre p\u00e4dagogische Expertise aktiv in die Berufspraktische Ausbildung der Studierenden ein und leisten so einen wichtigen Beitrag zur Ausbildung zuk\u00fcnftiger Lehrpersonen. Die Studierenden profitieren von einer praxisnahen und unterst\u00fctzenden Lernumgebung, in der sie von qualifizierten Praxislehrpersonen eng begleitet werden.<\/span><span data-ccp-props=\"{&quot;201341983&quot;:0,&quot;335559739&quot;:120,&quot;335559740&quot;:276}\">\u00a0<\/span><\/p><p><span data-contrast=\"auto\">Auch f\u00fcr unsere Schule und f\u00fcr das Kollegium bietet die Partnerschaft mit der PHBern viele Vorteile. Der regelm\u00e4ssige Austausch mit Studierenden und mit Dozierenden des IS1 liefert wertvolle Impulse f\u00fcr die Weiterentwicklung des eigenen Unterrichts und tr\u00e4gt zur Qualit\u00e4tssicherung bei. Dar\u00fcber hinaus ergeben sich durch die Kooperation auch organisatorische Vorteile: So k\u00f6nnen Studierende etwa in Projektwochen oder f\u00fcr Stellvertretungen eingesetzt werden. Des Weiteren besteht die M\u00f6glichkeit, dass Studierende, die gut ins Kollegium passen und unseren Qualit\u00e4tsstandards entsprechen, zu einem reduzierten Pensum angestellt werden k\u00f6nnen.<\/span><\/p>\t\t\t\t\t\t\t\t<\/div>\n\t\t\t\t<\/div>\n\t\t\t\t<\/div>\n\t\t<div class=\"elementor-element elementor-element-9dee6f9 e-con-full e-flex e-con e-child\" data-id=\"9dee6f9\" data-element_type=\"container\" data-e-type=\"container\">\n\t\t\t\t<div class=\"elementor-element elementor-element-5e71858 elementor-widget elementor-widget-image\" data-id=\"5e71858\" data-element_type=\"widget\" data-e-type=\"widget\" data-widget_type=\"image.default\">\n\t\t\t\t<div class=\"elementor-widget-container\">\n\t\t\t\t\t\t\t\t\t\t\t\t\t\t\t<img decoding=\"async\" width=\"229\" height=\"173\" src=\"https:\/\/schulen-rapperswil.ch\/oberstufenzentrum\/wp-content\/uploads\/2025\/09\/Schule-Rapperswil-BE-Oberstufenzentrum-PH-Bern.svg\" class=\"attachment-large size-large wp-image-3833\" alt=\"\" \/>\t\t\t\t\t\t\t\t\t\t\t\t\t\t\t<\/div>\n\t\t\t\t<\/div>\n\t\t\t\t<div class=\"elementor-element elementor-element-bcad8e5 elementor-widget elementor-widget-image\" data-id=\"bcad8e5\" data-element_type=\"widget\" data-e-type=\"widget\" data-widget_type=\"image.default\">\n\t\t\t\t<div class=\"elementor-widget-container\">\n\t\t\t\t\t\t\t\t\t\t\t\t\t\t\t<img fetchpriority=\"high\" decoding=\"async\" width=\"390\" height=\"129\" src=\"https:\/\/schulen-rapperswil.ch\/oberstufenzentrum\/wp-content\/uploads\/2025\/09\/Unknown.png\" class=\"attachment-large size-large wp-image-3813\" alt=\"\" srcset=\"https:\/\/schulen-rapperswil.ch\/oberstufenzentrum\/wp-content\/uploads\/2025\/09\/Unknown.png 390w, https:\/\/schulen-rapperswil.ch\/oberstufenzentrum\/wp-content\/uploads\/2025\/09\/Unknown-300x99.png 300w\" sizes=\"(max-width: 390px) 100vw, 390px\" \/>\t\t\t\t\t\t\t\t\t\t\t\t\t\t\t<\/div>\n\t\t\t\t<\/div>\n\t\t\t\t<\/div>\n\t\t\t\t\t<\/div>\n\t\t\t\t<\/div>\n\t\t<div class=\"elementor-element elementor-element-8f4b471 e-con-full e-flex e-con e-child\" data-id=\"8f4b471\" data-element_type=\"container\" data-e-type=\"container\">\n\t\t\t\t<div class=\"elementor-element elementor-element-670024c elementor-widget elementor-widget-heading\" data-id=\"670024c\" data-element_type=\"widget\" data-e-type=\"widget\" data-widget_type=\"heading.default\">\n\t\t\t\t<div class=\"elementor-widget-container\">\n\t\t\t\t\t<h3 class=\"elementor-heading-title elementor-size-default\">Ausbildung und Praktika<\/h3>\t\t\t\t<\/div>\n\t\t\t\t<\/div>\n\t\t\t\t<div class=\"elementor-element elementor-element-16be2f7 elementor-widget elementor-widget-text-editor\" data-id=\"16be2f7\" data-element_type=\"widget\" data-e-type=\"widget\" data-widget_type=\"text-editor.default\">\n\t\t\t\t<div class=\"elementor-widget-container\">\n\t\t\t\t\t\t\t\t\t<p><span data-contrast=\"auto\">Weitere Informationen zur Berufspraktischen Ausbildung am Institut <br \/><\/span><span data-contrast=\"auto\">Sek<\/span><span data-contrast=\"auto\">undarstufe I der PHBern finden Sie <a href=\"https:\/\/www.phbern.ch\/studium\/sekundarstufe-i\/studieninhalte\/berufspraktische-ausbildung\">hier<\/a>. <\/span><span data-contrast=\"auto\">\u00a0Einblicke in die Arbeit in Praktika erhalten Sie <a href=\"https:\/\/www.youtube.com\/watch?v=Lr8OXWOligY\">hier<\/a>.<\/span><\/p>\t\t\t\t\t\t\t\t<\/div>\n\t\t\t\t<\/div>\n\t\t\t\t<\/div>\n\t\t<div class=\"elementor-element elementor-element-54a6d05 e-con-full e-flex e-con e-child\" data-id=\"54a6d05\" data-element_type=\"container\" data-e-type=\"container\">\n\t\t\t\t<\/div>\n\t\t\t\t\t<\/div>\n\t\t\t\t<\/div>\n\t\t\t\t<\/div>\n\t\t","protected":false},"excerpt":{"rendered":"<p>Partnerschule PHBern Wir sind eine Partnerschule des Instituts Sekundarstufe I Das OSZ Rapperswil ist eine Partnerschule des Instituts Sekundarstufe I (IS1) der P\u00e4dagogischen Hochschule Bern (PHBern). Als solche engagiert sie sich aktiv in der Ausbildung zuk\u00fcnftiger Sekundarlehrpersonen. An unserer Schule sind 7 Praxislehrpersonen t\u00e4tig. Sie alle sind ausgebildete und erfahrene Lehrpersonen, die Studierende in ihren [&hellip;]<\/p>\n","protected":false},"author":4,"featured_media":3812,"parent":547,"menu_order":0,"comment_status":"closed","ping_status":"closed","template":"","meta":{"footnotes":""},"class_list":["post-3817","page","type-page","status-publish","has-post-thumbnail","hentry"],"yoast_head":"<!-- This site is optimized with the Yoast SEO plugin v27.4 - https:\/\/yoast.com\/product\/yoast-seo-wordpress\/ -->\n<title>Partnerschule PHBern - Schulen Rapperswil \u2013 Oberstufenzentrum<\/title>\n<meta name=\"robots\" content=\"index, follow, max-snippet:-1, max-image-preview:large, max-video-preview:-1\" \/>\n<link rel=\"canonical\" href=\"https:\/\/schulen-rapperswil.ch\/oberstufenzentrum\/portrait\/partnerschule-phbern\/\" \/>\n<meta property=\"og:locale\" content=\"de_DE\" \/>\n<meta property=\"og:type\" content=\"article\" \/>\n<meta property=\"og:title\" content=\"Partnerschule PHBern - Schulen Rapperswil \u2013 Oberstufenzentrum\" \/>\n<meta property=\"og:description\" content=\"Partnerschule PHBern Wir sind eine Partnerschule des Instituts Sekundarstufe I Das OSZ Rapperswil ist eine Partnerschule des Instituts Sekundarstufe I (IS1) der P\u00e4dagogischen Hochschule Bern (PHBern). Als solche engagiert sie sich aktiv in der Ausbildung zuk\u00fcnftiger Sekundarlehrpersonen. An unserer Schule sind 7 Praxislehrpersonen t\u00e4tig. Sie alle sind ausgebildete und erfahrene Lehrpersonen, die Studierende in ihren [&hellip;]\" \/>\n<meta property=\"og:url\" content=\"https:\/\/schulen-rapperswil.ch\/oberstufenzentrum\/portrait\/partnerschule-phbern\/\" \/>\n<meta property=\"og:site_name\" content=\"Schulen Rapperswil \u2013 Oberstufenzentrum\" \/>\n<meta property=\"article:modified_time\" content=\"2025-09-10T08:50:51+00:00\" \/>\n<meta property=\"og:image\" content=\"https:\/\/schulen-rapperswil.ch\/oberstufenzentrum\/wp-content\/uploads\/2025\/09\/Bildschirmfoto-2025-09-10-um-09.23.38.png\" \/>\n\t<meta property=\"og:image:width\" content=\"326\" \/>\n\t<meta property=\"og:image:height\" content=\"208\" \/>\n\t<meta property=\"og:image:type\" content=\"image\/png\" \/>\n<meta name=\"twitter:card\" content=\"summary_large_image\" \/>\n<meta name=\"twitter:label1\" content=\"Gesch\u00e4tzte Lesezeit\" \/>\n\t<meta name=\"twitter:data1\" content=\"3\u00a0Minuten\" \/>\n<script type=\"application\/ld+json\" class=\"yoast-schema-graph\">{\"@context\":\"https:\\\/\\\/schema.org\",\"@graph\":[{\"@type\":\"WebPage\",\"@id\":\"https:\\\/\\\/schulen-rapperswil.ch\\\/oberstufenzentrum\\\/portrait\\\/partnerschule-phbern\\\/\",\"url\":\"https:\\\/\\\/schulen-rapperswil.ch\\\/oberstufenzentrum\\\/portrait\\\/partnerschule-phbern\\\/\",\"name\":\"Partnerschule PHBern - Schulen Rapperswil \u2013 Oberstufenzentrum\",\"isPartOf\":{\"@id\":\"https:\\\/\\\/schulen-rapperswil.ch\\\/oberstufenzentrum\\\/#website\"},\"primaryImageOfPage\":{\"@id\":\"https:\\\/\\\/schulen-rapperswil.ch\\\/oberstufenzentrum\\\/portrait\\\/partnerschule-phbern\\\/#primaryimage\"},\"image\":{\"@id\":\"https:\\\/\\\/schulen-rapperswil.ch\\\/oberstufenzentrum\\\/portrait\\\/partnerschule-phbern\\\/#primaryimage\"},\"thumbnailUrl\":\"https:\\\/\\\/schulen-rapperswil.ch\\\/oberstufenzentrum\\\/wp-content\\\/uploads\\\/2025\\\/09\\\/Bildschirmfoto-2025-09-10-um-09.23.38.png\",\"datePublished\":\"2025-09-10T08:44:21+00:00\",\"dateModified\":\"2025-09-10T08:50:51+00:00\",\"breadcrumb\":{\"@id\":\"https:\\\/\\\/schulen-rapperswil.ch\\\/oberstufenzentrum\\\/portrait\\\/partnerschule-phbern\\\/#breadcrumb\"},\"inLanguage\":\"de\",\"potentialAction\":[{\"@type\":\"ReadAction\",\"target\":[\"https:\\\/\\\/schulen-rapperswil.ch\\\/oberstufenzentrum\\\/portrait\\\/partnerschule-phbern\\\/\"]}]},{\"@type\":\"ImageObject\",\"inLanguage\":\"de\",\"@id\":\"https:\\\/\\\/schulen-rapperswil.ch\\\/oberstufenzentrum\\\/portrait\\\/partnerschule-phbern\\\/#primaryimage\",\"url\":\"https:\\\/\\\/schulen-rapperswil.ch\\\/oberstufenzentrum\\\/wp-content\\\/uploads\\\/2025\\\/09\\\/Bildschirmfoto-2025-09-10-um-09.23.38.png\",\"contentUrl\":\"https:\\\/\\\/schulen-rapperswil.ch\\\/oberstufenzentrum\\\/wp-content\\\/uploads\\\/2025\\\/09\\\/Bildschirmfoto-2025-09-10-um-09.23.38.png\",\"width\":326,\"height\":208},{\"@type\":\"BreadcrumbList\",\"@id\":\"https:\\\/\\\/schulen-rapperswil.ch\\\/oberstufenzentrum\\\/portrait\\\/partnerschule-phbern\\\/#breadcrumb\",\"itemListElement\":[{\"@type\":\"ListItem\",\"position\":1,\"name\":\"Startseite\",\"item\":\"https:\\\/\\\/schulen-rapperswil.ch\\\/oberstufenzentrum\\\/\"},{\"@type\":\"ListItem\",\"position\":2,\"name\":\"Portrait\",\"item\":\"https:\\\/\\\/schulen-rapperswil.ch\\\/oberstufenzentrum\\\/portrait\\\/\"},{\"@type\":\"ListItem\",\"position\":3,\"name\":\"Partnerschule PHBern\"}]},{\"@type\":\"WebSite\",\"@id\":\"https:\\\/\\\/schulen-rapperswil.ch\\\/oberstufenzentrum\\\/#website\",\"url\":\"https:\\\/\\\/schulen-rapperswil.ch\\\/oberstufenzentrum\\\/\",\"name\":\"Schulen Rapperswil\",\"description\":\"Oberstufenzentrum\",\"publisher\":{\"@id\":\"https:\\\/\\\/schulen-rapperswil.ch\\\/oberstufenzentrum\\\/#organization\"},\"potentialAction\":[{\"@type\":\"SearchAction\",\"target\":{\"@type\":\"EntryPoint\",\"urlTemplate\":\"https:\\\/\\\/schulen-rapperswil.ch\\\/oberstufenzentrum\\\/?s={search_term_string}\"},\"query-input\":{\"@type\":\"PropertyValueSpecification\",\"valueRequired\":true,\"valueName\":\"search_term_string\"}}],\"inLanguage\":\"de\"},{\"@type\":\"Organization\",\"@id\":\"https:\\\/\\\/schulen-rapperswil.ch\\\/oberstufenzentrum\\\/#organization\",\"name\":\"Schulen Rapperswil Oberstufenzentrum\",\"url\":\"https:\\\/\\\/schulen-rapperswil.ch\\\/oberstufenzentrum\\\/\",\"logo\":{\"@type\":\"ImageObject\",\"inLanguage\":\"de\",\"@id\":\"https:\\\/\\\/schulen-rapperswil.ch\\\/oberstufenzentrum\\\/#\\\/schema\\\/logo\\\/image\\\/\",\"url\":\"https:\\\/\\\/schulen-rapperswil.ch\\\/oberstufenzentrum\\\/wp-content\\\/uploads\\\/2024\\\/02\\\/Schule-Rapperswil-BE-Oberstufenzentrum-Logo.svg\",\"contentUrl\":\"https:\\\/\\\/schulen-rapperswil.ch\\\/oberstufenzentrum\\\/wp-content\\\/uploads\\\/2024\\\/02\\\/Schule-Rapperswil-BE-Oberstufenzentrum-Logo.svg\",\"width\":1,\"height\":1,\"caption\":\"Schulen Rapperswil Oberstufenzentrum\"},\"image\":{\"@id\":\"https:\\\/\\\/schulen-rapperswil.ch\\\/oberstufenzentrum\\\/#\\\/schema\\\/logo\\\/image\\\/\"}}]}<\/script>\n<!-- \/ Yoast SEO plugin. -->","yoast_head_json":{"title":"Partnerschule PHBern - Schulen Rapperswil \u2013 Oberstufenzentrum","robots":{"index":"index","follow":"follow","max-snippet":"max-snippet:-1","max-image-preview":"max-image-preview:large","max-video-preview":"max-video-preview:-1"},"canonical":"https:\/\/schulen-rapperswil.ch\/oberstufenzentrum\/portrait\/partnerschule-phbern\/","og_locale":"de_DE","og_type":"article","og_title":"Partnerschule PHBern - Schulen Rapperswil \u2013 Oberstufenzentrum","og_description":"Partnerschule PHBern Wir sind eine Partnerschule des Instituts Sekundarstufe I Das OSZ Rapperswil ist eine Partnerschule des Instituts Sekundarstufe I (IS1) der P\u00e4dagogischen Hochschule Bern (PHBern). Als solche engagiert sie sich aktiv in der Ausbildung zuk\u00fcnftiger Sekundarlehrpersonen. An unserer Schule sind 7 Praxislehrpersonen t\u00e4tig. Sie alle sind ausgebildete und erfahrene Lehrpersonen, die Studierende in ihren [&hellip;]","og_url":"https:\/\/schulen-rapperswil.ch\/oberstufenzentrum\/portrait\/partnerschule-phbern\/","og_site_name":"Schulen Rapperswil \u2013 Oberstufenzentrum","article_modified_time":"2025-09-10T08:50:51+00:00","og_image":[{"width":326,"height":208,"url":"https:\/\/schulen-rapperswil.ch\/oberstufenzentrum\/wp-content\/uploads\/2025\/09\/Bildschirmfoto-2025-09-10-um-09.23.38.png","type":"image\/png"}],"twitter_card":"summary_large_image","twitter_misc":{"Gesch\u00e4tzte Lesezeit":"3\u00a0Minuten"},"schema":{"@context":"https:\/\/schema.org","@graph":[{"@type":"WebPage","@id":"https:\/\/schulen-rapperswil.ch\/oberstufenzentrum\/portrait\/partnerschule-phbern\/","url":"https:\/\/schulen-rapperswil.ch\/oberstufenzentrum\/portrait\/partnerschule-phbern\/","name":"Partnerschule PHBern - Schulen Rapperswil \u2013 Oberstufenzentrum","isPartOf":{"@id":"https:\/\/schulen-rapperswil.ch\/oberstufenzentrum\/#website"},"primaryImageOfPage":{"@id":"https:\/\/schulen-rapperswil.ch\/oberstufenzentrum\/portrait\/partnerschule-phbern\/#primaryimage"},"image":{"@id":"https:\/\/schulen-rapperswil.ch\/oberstufenzentrum\/portrait\/partnerschule-phbern\/#primaryimage"},"thumbnailUrl":"https:\/\/schulen-rapperswil.ch\/oberstufenzentrum\/wp-content\/uploads\/2025\/09\/Bildschirmfoto-2025-09-10-um-09.23.38.png","datePublished":"2025-09-10T08:44:21+00:00","dateModified":"2025-09-10T08:50:51+00:00","breadcrumb":{"@id":"https:\/\/schulen-rapperswil.ch\/oberstufenzentrum\/portrait\/partnerschule-phbern\/#breadcrumb"},"inLanguage":"de","potentialAction":[{"@type":"ReadAction","target":["https:\/\/schulen-rapperswil.ch\/oberstufenzentrum\/portrait\/partnerschule-phbern\/"]}]},{"@type":"ImageObject","inLanguage":"de","@id":"https:\/\/schulen-rapperswil.ch\/oberstufenzentrum\/portrait\/partnerschule-phbern\/#primaryimage","url":"https:\/\/schulen-rapperswil.ch\/oberstufenzentrum\/wp-content\/uploads\/2025\/09\/Bildschirmfoto-2025-09-10-um-09.23.38.png","contentUrl":"https:\/\/schulen-rapperswil.ch\/oberstufenzentrum\/wp-content\/uploads\/2025\/09\/Bildschirmfoto-2025-09-10-um-09.23.38.png","width":326,"height":208},{"@type":"BreadcrumbList","@id":"https:\/\/schulen-rapperswil.ch\/oberstufenzentrum\/portrait\/partnerschule-phbern\/#breadcrumb","itemListElement":[{"@type":"ListItem","position":1,"name":"Startseite","item":"https:\/\/schulen-rapperswil.ch\/oberstufenzentrum\/"},{"@type":"ListItem","position":2,"name":"Portrait","item":"https:\/\/schulen-rapperswil.ch\/oberstufenzentrum\/portrait\/"},{"@type":"ListItem","position":3,"name":"Partnerschule PHBern"}]},{"@type":"WebSite","@id":"https:\/\/schulen-rapperswil.ch\/oberstufenzentrum\/#website","url":"https:\/\/schulen-rapperswil.ch\/oberstufenzentrum\/","name":"Schulen Rapperswil","description":"Oberstufenzentrum","publisher":{"@id":"https:\/\/schulen-rapperswil.ch\/oberstufenzentrum\/#organization"},"potentialAction":[{"@type":"SearchAction","target":{"@type":"EntryPoint","urlTemplate":"https:\/\/schulen-rapperswil.ch\/oberstufenzentrum\/?s={search_term_string}"},"query-input":{"@type":"PropertyValueSpecification","valueRequired":true,"valueName":"search_term_string"}}],"inLanguage":"de"},{"@type":"Organization","@id":"https:\/\/schulen-rapperswil.ch\/oberstufenzentrum\/#organization","name":"Schulen Rapperswil Oberstufenzentrum","url":"https:\/\/schulen-rapperswil.ch\/oberstufenzentrum\/","logo":{"@type":"ImageObject","inLanguage":"de","@id":"https:\/\/schulen-rapperswil.ch\/oberstufenzentrum\/#\/schema\/logo\/image\/","url":"https:\/\/schulen-rapperswil.ch\/oberstufenzentrum\/wp-content\/uploads\/2024\/02\/Schule-Rapperswil-BE-Oberstufenzentrum-Logo.svg","contentUrl":"https:\/\/schulen-rapperswil.ch\/oberstufenzentrum\/wp-content\/uploads\/2024\/02\/Schule-Rapperswil-BE-Oberstufenzentrum-Logo.svg","width":1,"height":1,"caption":"Schulen Rapperswil Oberstufenzentrum"},"image":{"@id":"https:\/\/schulen-rapperswil.ch\/oberstufenzentrum\/#\/schema\/logo\/image\/"}}]}},"_links":{"self":[{"href":"https:\/\/schulen-rapperswil.ch\/oberstufenzentrum\/wp-json\/wp\/v2\/pages\/3817","targetHints":{"allow":["GET"]}}],"collection":[{"href":"https:\/\/schulen-rapperswil.ch\/oberstufenzentrum\/wp-json\/wp\/v2\/pages"}],"about":[{"href":"https:\/\/schulen-rapperswil.ch\/oberstufenzentrum\/wp-json\/wp\/v2\/types\/page"}],"author":[{"embeddable":true,"href":"https:\/\/schulen-rapperswil.ch\/oberstufenzentrum\/wp-json\/wp\/v2\/users\/4"}],"replies":[{"embeddable":true,"href":"https:\/\/schulen-rapperswil.ch\/oberstufenzentrum\/wp-json\/wp\/v2\/comments?post=3817"}],"version-history":[{"count":13,"href":"https:\/\/schulen-rapperswil.ch\/oberstufenzentrum\/wp-json\/wp\/v2\/pages\/3817\/revisions"}],"predecessor-version":[{"id":3845,"href":"https:\/\/schulen-rapperswil.ch\/oberstufenzentrum\/wp-json\/wp\/v2\/pages\/3817\/revisions\/3845"}],"up":[{"embeddable":true,"href":"https:\/\/schulen-rapperswil.ch\/oberstufenzentrum\/wp-json\/wp\/v2\/pages\/547"}],"wp:featuredmedia":[{"embeddable":true,"href":"https:\/\/schulen-rapperswil.ch\/oberstufenzentrum\/wp-json\/wp\/v2\/media\/3812"}],"wp:attachment":[{"href":"https:\/\/schulen-rapperswil.ch\/oberstufenzentrum\/wp-json\/wp\/v2\/media?parent=3817"}],"curies":[{"name":"wp","href":"https:\/\/api.w.org\/{rel}","templated":true}]}}