{"id":1182,"date":"2024-02-26T10:43:07","date_gmt":"2024-02-26T10:43:07","guid":{"rendered":"https:\/\/schulen-rapperswil.ch\/primarstufe\/?page_id=1182"},"modified":"2025-02-11T11:17:21","modified_gmt":"2025-02-11T11:17:21","slug":"schulsozialarbeit","status":"publish","type":"page","link":"https:\/\/schulen-rapperswil.ch\/primarstufe\/angebot\/schulsozialarbeit\/","title":{"rendered":"Schulsozialarbeit\u00a0\u00a0\u00a0"},"content":{"rendered":"\t\t<div data-elementor-type=\"wp-page\" data-elementor-id=\"1182\" class=\"elementor elementor-1182\" data-elementor-post-type=\"page\">\n\t\t\t\t<div class=\"elementor-element elementor-element-947216a e-flex e-con-boxed e-con e-parent\" data-id=\"947216a\" data-element_type=\"container\" data-e-type=\"container\" data-settings=\"{&quot;background_background&quot;:&quot;classic&quot;}\">\n\t\t\t\t\t<div class=\"e-con-inner\">\n\t\t\t\t<div class=\"elementor-element elementor-element-2381125 elementor-widget__width-auto elementor-widget elementor-widget-heading\" data-id=\"2381125\" data-element_type=\"widget\" data-e-type=\"widget\" data-widget_type=\"heading.default\">\n\t\t\t\t<div class=\"elementor-widget-container\">\n\t\t\t\t\t<h1 class=\"elementor-heading-title elementor-size-default\">Schulsozialarbeit <\/h1>\t\t\t\t<\/div>\n\t\t\t\t<\/div>\n\t\t\t\t<div class=\"elementor-element elementor-element-07f8dff elementor-widget elementor-widget-heading\" data-id=\"07f8dff\" data-element_type=\"widget\" data-e-type=\"widget\" data-widget_type=\"heading.default\">\n\t\t\t\t<div class=\"elementor-widget-container\">\n\t\t\t\t\t<h3 class=\"elementor-heading-title elementor-size-default\">Wir sind f\u00fcr dich da<\/h3>\t\t\t\t<\/div>\n\t\t\t\t<\/div>\n\t\t\t\t\t<\/div>\n\t\t\t\t<\/div>\n\t\t<div class=\"elementor-element elementor-element-4fc26f0 e-flex e-con-boxed e-con e-parent\" data-id=\"4fc26f0\" data-element_type=\"container\" data-e-type=\"container\" data-settings=\"{&quot;background_background&quot;:&quot;classic&quot;}\">\n\t\t\t\t\t<div class=\"e-con-inner\">\n\t\t<div class=\"elementor-element elementor-element-d765205 e-flex e-con-boxed e-con e-child\" data-id=\"d765205\" data-element_type=\"container\" data-e-type=\"container\">\n\t\t\t\t\t<div class=\"e-con-inner\">\n\t\t<div class=\"elementor-element elementor-element-dc9fed1 e-con-full e-flex e-con e-child\" data-id=\"dc9fed1\" data-element_type=\"container\" data-e-type=\"container\">\n\t\t\t\t<div class=\"elementor-element elementor-element-62d1a21 elementor-widget__width-inherit elementor-widget elementor-widget-text-editor\" data-id=\"62d1a21\" data-element_type=\"widget\" data-e-type=\"widget\" data-widget_type=\"text-editor.default\">\n\t\t\t\t<div class=\"elementor-widget-container\">\n\t\t\t\t\t\t\t\t\t<p>Neben dem bestehenden Angebot der\u202f<a href=\"https:\/\/www.kjfs-lyss.ch\/kjfs\/\" target=\"_blank\" rel=\"noopener\">Kinder- und Jugendfachstelle Lyss<\/a> und Umgebung\u202fist ein*e Mitarbeiter*in regelm\u00e4ssig im Schulhaus pr\u00e4sent und f\u00fcr die Kinder, Jugendlichen und Lehrpersonen eine Ansprechperson f\u00fcr Konflikte, Sorgen, Informationen und andere Fragen.\u202f<\/p><p>Neben den Sprechstunden stehen die Schulsozialarbeitenden gerne auch f\u00fcr Fragen und Anliegen der Erziehungsberechtigten zur Verf\u00fcgung.\u202f<\/p>\t\t\t\t\t\t\t\t<\/div>\n\t\t\t\t<\/div>\n\t\t\t\t<div class=\"elementor-element elementor-element-a19d803 elementor-widget elementor-widget-heading\" data-id=\"a19d803\" data-element_type=\"widget\" data-e-type=\"widget\" data-widget_type=\"heading.default\">\n\t\t\t\t<div class=\"elementor-widget-container\">\n\t\t\t\t\t<h3 class=\"elementor-heading-title elementor-size-default\">Das Angebot der Schulsozialarbeit:<\/h3>\t\t\t\t<\/div>\n\t\t\t\t<\/div>\n\t\t\t\t<div class=\"elementor-element elementor-element-2d0bd78 elementor-widget__width-inherit elementor-widget elementor-widget-text-editor\" data-id=\"2d0bd78\" data-element_type=\"widget\" data-e-type=\"widget\" data-widget_type=\"text-editor.default\">\n\t\t\t\t<div class=\"elementor-widget-container\">\n\t\t\t\t\t\t\t\t\t<ul>\n \t<li>Sprechstunden im Schulhaus<\/li>\n \t<li>Einzelgespr\u00e4che mit Sch\u00fcler*innen im Schulhaus oder in den R\u00e4umlichkeiten der Kinder- und Jugendfachstelle in Lyss<\/li>\n \t<li>Unterst\u00fctzung von Schulleitung und Lehrpersonen bei schwierigen Situationen im Schulbereich<\/li>\n \t<li>Klassenklima-Workshops in Schulklassen<\/li>\n \t<li>Kriseninterventionen mit Gruppen<\/li>\n \t<li>Einzel- oder Familiengespr\u00e4che mit Erziehungsberechtigten oder ganzen Familien<\/li>\n \t<li>Informationen rund um Themen wie Mobbing, Sexualit\u00e4t, Freundschaft, Handys und Medien, Zusammenleben, Konflikte und \u00c4hnliches<\/li>\n<\/ul>\t\t\t\t\t\t\t\t<\/div>\n\t\t\t\t<\/div>\n\t\t\t\t<\/div>\n\t\t<div class=\"elementor-element elementor-element-6a1568d e-con-full e-flex e-con e-child\" data-id=\"6a1568d\" data-element_type=\"container\" data-e-type=\"container\">\n\t\t\t\t<div class=\"elementor-element elementor-element-7858fc5 elementor-widget elementor-widget-image\" data-id=\"7858fc5\" data-element_type=\"widget\" data-e-type=\"widget\" data-widget_type=\"image.default\">\n\t\t\t\t<div class=\"elementor-widget-container\">\n\t\t\t\t\t\t\t\t\t\t\t\t\t\t\t<img decoding=\"async\" width=\"1\" height=\"1\" src=\"https:\/\/schulen-rapperswil.ch\/primarstufe\/wp-content\/uploads\/2024\/02\/Schule-Rapperswil-BE-Primarschule-Rabe-Sozialarbeit.svg\" class=\"attachment-large size-large wp-image-1280\" alt=\"\" \/>\t\t\t\t\t\t\t\t\t\t\t\t\t\t\t<\/div>\n\t\t\t\t<\/div>\n\t\t\t\t<\/div>\n\t\t\t\t\t<\/div>\n\t\t\t\t<\/div>\n\t\t\t\t\t<\/div>\n\t\t\t\t<\/div>\n\t\t<div class=\"elementor-element elementor-element-614128a e-flex e-con-boxed e-con e-parent\" data-id=\"614128a\" data-element_type=\"container\" data-e-type=\"container\" data-settings=\"{&quot;background_background&quot;:&quot;classic&quot;}\">\n\t\t\t\t\t<div class=\"e-con-inner\">\n\t\t<div class=\"elementor-element elementor-element-8867fc8 e-con-full e-flex e-con e-child\" data-id=\"8867fc8\" data-element_type=\"container\" data-e-type=\"container\">\n\t\t<div class=\"elementor-element elementor-element-6ec617f e-flex e-con-boxed e-con e-child\" data-id=\"6ec617f\" data-element_type=\"container\" data-e-type=\"container\" data-settings=\"{&quot;background_background&quot;:&quot;classic&quot;}\">\n\t\t\t\t\t<div class=\"e-con-inner\">\n\t\t\t\t<div class=\"elementor-element elementor-element-8695638 elementor-widget elementor-widget-heading\" data-id=\"8695638\" data-element_type=\"widget\" data-e-type=\"widget\" data-widget_type=\"heading.default\">\n\t\t\t\t<div class=\"elementor-widget-container\">\n\t\t\t\t\t<h3 class=\"elementor-heading-title elementor-size-default\">Sprechstunden<\/h3>\t\t\t\t<\/div>\n\t\t\t\t<\/div>\n\t\t\t\t<div class=\"elementor-element elementor-element-388b7d8 elementor-widget elementor-widget-heading\" data-id=\"388b7d8\" data-element_type=\"widget\" data-e-type=\"widget\" data-widget_type=\"heading.default\">\n\t\t\t\t<div class=\"elementor-widget-container\">\n\t\t\t\t\t<h6 class=\"elementor-heading-title elementor-size-default\">Schulhaus Rapperswil: <\/h6>\t\t\t\t<\/div>\n\t\t\t\t<\/div>\n\t\t\t\t<div class=\"elementor-element elementor-element-76e876e elementor-widget elementor-widget-text-editor\" data-id=\"76e876e\" data-element_type=\"widget\" data-e-type=\"widget\" data-widget_type=\"text-editor.default\">\n\t\t\t\t<div class=\"elementor-widget-container\">\n\t\t\t\t\t\t\t\t\t<p>Dienstag, 10:15 bis 11:50 Uhr\u00a0<br \/>Donnerstag, 13:45 bis 15:20 Uhr<\/p>\t\t\t\t\t\t\t\t<\/div>\n\t\t\t\t<\/div>\n\t\t\t\t\t<\/div>\n\t\t\t\t<\/div>\n\t\t<div class=\"elementor-element elementor-element-a432da5 e-flex e-con-boxed e-con e-child\" data-id=\"a432da5\" data-element_type=\"container\" data-e-type=\"container\" data-settings=\"{&quot;background_background&quot;:&quot;classic&quot;}\">\n\t\t\t\t\t<div class=\"e-con-inner\">\n\t\t\t\t<div class=\"elementor-element elementor-element-e9ab368 elementor-widget elementor-widget-heading\" data-id=\"e9ab368\" data-element_type=\"widget\" data-e-type=\"widget\" data-widget_type=\"heading.default\">\n\t\t\t\t<div class=\"elementor-widget-container\">\n\t\t\t\t\t<h3 class=\"elementor-heading-title elementor-size-default\">Sprechstunden<\/h3>\t\t\t\t<\/div>\n\t\t\t\t<\/div>\n\t\t\t\t<div class=\"elementor-element elementor-element-14f8be1 elementor-widget elementor-widget-heading\" data-id=\"14f8be1\" data-element_type=\"widget\" data-e-type=\"widget\" data-widget_type=\"heading.default\">\n\t\t\t\t<div class=\"elementor-widget-container\">\n\t\t\t\t\t<h6 class=\"elementor-heading-title elementor-size-default\">Schulhaus Dieterswil:<\/h6>\t\t\t\t<\/div>\n\t\t\t\t<\/div>\n\t\t\t\t<div class=\"elementor-element elementor-element-e8cea83 elementor-widget elementor-widget-text-editor\" data-id=\"e8cea83\" data-element_type=\"widget\" data-e-type=\"widget\" data-widget_type=\"text-editor.default\">\n\t\t\t\t<div class=\"elementor-widget-container\">\n\t\t\t\t\t\t\t\t\t<p>Donnerstag, 10:15 bis 11:50 Uhr <br \/>(jede zweite Woche)<\/p>\t\t\t\t\t\t\t\t<\/div>\n\t\t\t\t<\/div>\n\t\t\t\t\t<\/div>\n\t\t\t\t<\/div>\n\t\t\t\t<\/div>\n\t\t<div class=\"elementor-element elementor-element-8174348 e-con-full e-flex e-con e-child\" data-id=\"8174348\" data-element_type=\"container\" data-e-type=\"container\" data-settings=\"{&quot;background_background&quot;:&quot;classic&quot;}\">\n\t\t\t\t<div class=\"elementor-element elementor-element-fa2716a elementor-widget elementor-widget-heading\" data-id=\"fa2716a\" data-element_type=\"widget\" data-e-type=\"widget\" data-widget_type=\"heading.default\">\n\t\t\t\t<div class=\"elementor-widget-container\">\n\t\t\t\t\t<h3 class=\"elementor-heading-title elementor-size-default\">Kontakt<\/h3>\t\t\t\t<\/div>\n\t\t\t\t<\/div>\n\t\t\t\t<div class=\"elementor-element elementor-element-77a2850 elementor-widget elementor-widget-text-editor\" data-id=\"77a2850\" data-element_type=\"widget\" data-e-type=\"widget\" data-widget_type=\"text-editor.default\">\n\t\t\t\t<div class=\"elementor-widget-container\">\n\t\t\t\t\t\t\t\t\t<p><span data-teams=\"true\">Gianluca Triaca<\/span><br \/>Schulsozialarbeiter<\/p><p>Kinder- und Jugendfachstelle Lyss und Umgebung<br \/>M\u00fchleplatz 8<br \/>3250 Lyss\u00a0<\/p>\t\t\t\t\t\t\t\t<\/div>\n\t\t\t\t<\/div>\n\t\t\t\t<div class=\"elementor-element elementor-element-50b99c1 elementor-widget elementor-widget-text-editor\" data-id=\"50b99c1\" data-element_type=\"widget\" data-e-type=\"widget\" data-widget_type=\"text-editor.default\">\n\t\t\t\t<div class=\"elementor-widget-container\">\n\t\t\t\t\t\t\t\t\t<p>Telefon:\u00a0<br \/><a href=\"tel:0323878555\" target=\"_blank\" rel=\"noopener\">032 387 85 55<\/a><\/p><p>Mobile:<br \/><a href=\"tel:+410794109761\" target=\"_blank\" rel=\"noopener\">079 410 97 61<\/a><\/p><p>E-Mail:<br \/><a href=\"mailto:gianluca.triaca@kjfs-lyss.ch\" target=\"_blank\" rel=\"noopener\">gianluca.triaca@kjfs-lyss.ch<\/a><\/p>\t\t\t\t\t\t\t\t<\/div>\n\t\t\t\t<\/div>\n\t\t\t\t<\/div>\n\t\t\t\t\t<\/div>\n\t\t\t\t<\/div>\n\t\t\t\t<\/div>\n\t\t","protected":false},"excerpt":{"rendered":"<p>Schulsozialarbeit Wir sind f\u00fcr dich da Neben dem bestehenden Angebot der\u202fKinder- und Jugendfachstelle Lyss und Umgebung\u202fist ein*e Mitarbeiter*in regelm\u00e4ssig im Schulhaus pr\u00e4sent und f\u00fcr die Kinder, Jugendlichen und Lehrpersonen eine Ansprechperson f\u00fcr Konflikte, Sorgen, Informationen und andere Fragen.\u202f Neben den Sprechstunden stehen die Schulsozialarbeitenden gerne auch f\u00fcr Fragen und Anliegen der Erziehungsberechtigten zur Verf\u00fcgung.\u202f Das [&hellip;]<\/p>\n","protected":false},"author":1,"featured_media":0,"parent":529,"menu_order":0,"comment_status":"closed","ping_status":"closed","template":"","meta":{"footnotes":""},"class_list":["post-1182","page","type-page","status-publish","hentry"],"yoast_head":"<!-- This site is optimized with the Yoast SEO plugin v27.4 - https:\/\/yoast.com\/product\/yoast-seo-wordpress\/ -->\n<title>Schulsozialarbeit\u00a0\u00a0\u00a0 - Schulen Rapperswil \u2013 Primarstufe<\/title>\n<meta name=\"robots\" content=\"index, follow, max-snippet:-1, max-image-preview:large, max-video-preview:-1\" \/>\n<link rel=\"canonical\" href=\"https:\/\/schulen-rapperswil.ch\/primarstufe\/angebot\/schulsozialarbeit\/\" \/>\n<meta property=\"og:locale\" content=\"de_DE\" \/>\n<meta property=\"og:type\" content=\"article\" \/>\n<meta property=\"og:title\" content=\"Schulsozialarbeit\u00a0\u00a0\u00a0 - Schulen Rapperswil \u2013 Primarstufe\" \/>\n<meta property=\"og:description\" content=\"Schulsozialarbeit Wir sind f\u00fcr dich da Neben dem bestehenden Angebot der\u202fKinder- und Jugendfachstelle Lyss und Umgebung\u202fist ein*e Mitarbeiter*in regelm\u00e4ssig im Schulhaus pr\u00e4sent und f\u00fcr die Kinder, Jugendlichen und Lehrpersonen eine Ansprechperson f\u00fcr Konflikte, Sorgen, Informationen und andere Fragen.\u202f Neben den Sprechstunden stehen die Schulsozialarbeitenden gerne auch f\u00fcr Fragen und Anliegen der Erziehungsberechtigten zur Verf\u00fcgung.\u202f Das [&hellip;]\" \/>\n<meta property=\"og:url\" content=\"https:\/\/schulen-rapperswil.ch\/primarstufe\/angebot\/schulsozialarbeit\/\" \/>\n<meta property=\"og:site_name\" content=\"Schulen Rapperswil \u2013 Primarstufe\" \/>\n<meta property=\"article:modified_time\" content=\"2025-02-11T11:17:21+00:00\" \/>\n<meta name=\"twitter:card\" content=\"summary_large_image\" \/>\n<meta name=\"twitter:label1\" content=\"Gesch\u00e4tzte Lesezeit\" \/>\n\t<meta name=\"twitter:data1\" content=\"2\u00a0Minuten\" \/>\n<script type=\"application\/ld+json\" class=\"yoast-schema-graph\">{\"@context\":\"https:\\\/\\\/schema.org\",\"@graph\":[{\"@type\":\"WebPage\",\"@id\":\"https:\\\/\\\/schulen-rapperswil.ch\\\/primarstufe\\\/angebot\\\/schulsozialarbeit\\\/\",\"url\":\"https:\\\/\\\/schulen-rapperswil.ch\\\/primarstufe\\\/angebot\\\/schulsozialarbeit\\\/\",\"name\":\"Schulsozialarbeit\u00a0\u00a0\u00a0 - Schulen Rapperswil \u2013 Primarstufe\",\"isPartOf\":{\"@id\":\"https:\\\/\\\/schulen-rapperswil.ch\\\/primarstufe\\\/#website\"},\"primaryImageOfPage\":{\"@id\":\"https:\\\/\\\/schulen-rapperswil.ch\\\/primarstufe\\\/angebot\\\/schulsozialarbeit\\\/#primaryimage\"},\"image\":{\"@id\":\"https:\\\/\\\/schulen-rapperswil.ch\\\/primarstufe\\\/angebot\\\/schulsozialarbeit\\\/#primaryimage\"},\"thumbnailUrl\":\"https:\\\/\\\/schulen-rapperswil.ch\\\/primarstufe\\\/wp-content\\\/uploads\\\/2024\\\/02\\\/Schule-Rapperswil-BE-Primarschule-Rabe-Sozialarbeit.svg\",\"datePublished\":\"2024-02-26T10:43:07+00:00\",\"dateModified\":\"2025-02-11T11:17:21+00:00\",\"breadcrumb\":{\"@id\":\"https:\\\/\\\/schulen-rapperswil.ch\\\/primarstufe\\\/angebot\\\/schulsozialarbeit\\\/#breadcrumb\"},\"inLanguage\":\"de\",\"potentialAction\":[{\"@type\":\"ReadAction\",\"target\":[\"https:\\\/\\\/schulen-rapperswil.ch\\\/primarstufe\\\/angebot\\\/schulsozialarbeit\\\/\"]}]},{\"@type\":\"ImageObject\",\"inLanguage\":\"de\",\"@id\":\"https:\\\/\\\/schulen-rapperswil.ch\\\/primarstufe\\\/angebot\\\/schulsozialarbeit\\\/#primaryimage\",\"url\":\"https:\\\/\\\/schulen-rapperswil.ch\\\/primarstufe\\\/wp-content\\\/uploads\\\/2024\\\/02\\\/Schule-Rapperswil-BE-Primarschule-Rabe-Sozialarbeit.svg\",\"contentUrl\":\"https:\\\/\\\/schulen-rapperswil.ch\\\/primarstufe\\\/wp-content\\\/uploads\\\/2024\\\/02\\\/Schule-Rapperswil-BE-Primarschule-Rabe-Sozialarbeit.svg\"},{\"@type\":\"BreadcrumbList\",\"@id\":\"https:\\\/\\\/schulen-rapperswil.ch\\\/primarstufe\\\/angebot\\\/schulsozialarbeit\\\/#breadcrumb\",\"itemListElement\":[{\"@type\":\"ListItem\",\"position\":1,\"name\":\"Startseite\",\"item\":\"https:\\\/\\\/schulen-rapperswil.ch\\\/primarstufe\\\/\"},{\"@type\":\"ListItem\",\"position\":2,\"name\":\"Angebot\",\"item\":\"https:\\\/\\\/schulen-rapperswil.ch\\\/primarstufe\\\/angebot\\\/\"},{\"@type\":\"ListItem\",\"position\":3,\"name\":\"Schulsozialarbeit\u00a0\u00a0\u00a0\"}]},{\"@type\":\"WebSite\",\"@id\":\"https:\\\/\\\/schulen-rapperswil.ch\\\/primarstufe\\\/#website\",\"url\":\"https:\\\/\\\/schulen-rapperswil.ch\\\/primarstufe\\\/\",\"name\":\"Schulen Rapperswil\",\"description\":\"Primarstufe\",\"publisher\":{\"@id\":\"https:\\\/\\\/schulen-rapperswil.ch\\\/primarstufe\\\/#organization\"},\"potentialAction\":[{\"@type\":\"SearchAction\",\"target\":{\"@type\":\"EntryPoint\",\"urlTemplate\":\"https:\\\/\\\/schulen-rapperswil.ch\\\/primarstufe\\\/?s={search_term_string}\"},\"query-input\":{\"@type\":\"PropertyValueSpecification\",\"valueRequired\":true,\"valueName\":\"search_term_string\"}}],\"inLanguage\":\"de\"},{\"@type\":\"Organization\",\"@id\":\"https:\\\/\\\/schulen-rapperswil.ch\\\/primarstufe\\\/#organization\",\"name\":\"Schulen Rapperswil Primarschule\",\"url\":\"https:\\\/\\\/schulen-rapperswil.ch\\\/primarstufe\\\/\",\"logo\":{\"@type\":\"ImageObject\",\"inLanguage\":\"de\",\"@id\":\"https:\\\/\\\/schulen-rapperswil.ch\\\/primarstufe\\\/#\\\/schema\\\/logo\\\/image\\\/\",\"url\":\"https:\\\/\\\/schulen-rapperswil.ch\\\/primarstufe\\\/wp-content\\\/uploads\\\/2024\\\/02\\\/Schule-Rapperswil-BE-Primarschule-Logo-1.svg\",\"contentUrl\":\"https:\\\/\\\/schulen-rapperswil.ch\\\/primarstufe\\\/wp-content\\\/uploads\\\/2024\\\/02\\\/Schule-Rapperswil-BE-Primarschule-Logo-1.svg\",\"caption\":\"Schulen Rapperswil Primarschule\"},\"image\":{\"@id\":\"https:\\\/\\\/schulen-rapperswil.ch\\\/primarstufe\\\/#\\\/schema\\\/logo\\\/image\\\/\"}}]}<\/script>\n<!-- \/ Yoast SEO plugin. -->","yoast_head_json":{"title":"Schulsozialarbeit\u00a0\u00a0\u00a0 - Schulen Rapperswil \u2013 Primarstufe","robots":{"index":"index","follow":"follow","max-snippet":"max-snippet:-1","max-image-preview":"max-image-preview:large","max-video-preview":"max-video-preview:-1"},"canonical":"https:\/\/schulen-rapperswil.ch\/primarstufe\/angebot\/schulsozialarbeit\/","og_locale":"de_DE","og_type":"article","og_title":"Schulsozialarbeit\u00a0\u00a0\u00a0 - Schulen Rapperswil \u2013 Primarstufe","og_description":"Schulsozialarbeit Wir sind f\u00fcr dich da Neben dem bestehenden Angebot der\u202fKinder- und Jugendfachstelle Lyss und Umgebung\u202fist ein*e Mitarbeiter*in regelm\u00e4ssig im Schulhaus pr\u00e4sent und f\u00fcr die Kinder, Jugendlichen und Lehrpersonen eine Ansprechperson f\u00fcr Konflikte, Sorgen, Informationen und andere Fragen.\u202f Neben den Sprechstunden stehen die Schulsozialarbeitenden gerne auch f\u00fcr Fragen und Anliegen der Erziehungsberechtigten zur Verf\u00fcgung.\u202f Das [&hellip;]","og_url":"https:\/\/schulen-rapperswil.ch\/primarstufe\/angebot\/schulsozialarbeit\/","og_site_name":"Schulen Rapperswil \u2013 Primarstufe","article_modified_time":"2025-02-11T11:17:21+00:00","twitter_card":"summary_large_image","twitter_misc":{"Gesch\u00e4tzte Lesezeit":"2\u00a0Minuten"},"schema":{"@context":"https:\/\/schema.org","@graph":[{"@type":"WebPage","@id":"https:\/\/schulen-rapperswil.ch\/primarstufe\/angebot\/schulsozialarbeit\/","url":"https:\/\/schulen-rapperswil.ch\/primarstufe\/angebot\/schulsozialarbeit\/","name":"Schulsozialarbeit\u00a0\u00a0\u00a0 - Schulen Rapperswil \u2013 Primarstufe","isPartOf":{"@id":"https:\/\/schulen-rapperswil.ch\/primarstufe\/#website"},"primaryImageOfPage":{"@id":"https:\/\/schulen-rapperswil.ch\/primarstufe\/angebot\/schulsozialarbeit\/#primaryimage"},"image":{"@id":"https:\/\/schulen-rapperswil.ch\/primarstufe\/angebot\/schulsozialarbeit\/#primaryimage"},"thumbnailUrl":"https:\/\/schulen-rapperswil.ch\/primarstufe\/wp-content\/uploads\/2024\/02\/Schule-Rapperswil-BE-Primarschule-Rabe-Sozialarbeit.svg","datePublished":"2024-02-26T10:43:07+00:00","dateModified":"2025-02-11T11:17:21+00:00","breadcrumb":{"@id":"https:\/\/schulen-rapperswil.ch\/primarstufe\/angebot\/schulsozialarbeit\/#breadcrumb"},"inLanguage":"de","potentialAction":[{"@type":"ReadAction","target":["https:\/\/schulen-rapperswil.ch\/primarstufe\/angebot\/schulsozialarbeit\/"]}]},{"@type":"ImageObject","inLanguage":"de","@id":"https:\/\/schulen-rapperswil.ch\/primarstufe\/angebot\/schulsozialarbeit\/#primaryimage","url":"https:\/\/schulen-rapperswil.ch\/primarstufe\/wp-content\/uploads\/2024\/02\/Schule-Rapperswil-BE-Primarschule-Rabe-Sozialarbeit.svg","contentUrl":"https:\/\/schulen-rapperswil.ch\/primarstufe\/wp-content\/uploads\/2024\/02\/Schule-Rapperswil-BE-Primarschule-Rabe-Sozialarbeit.svg"},{"@type":"BreadcrumbList","@id":"https:\/\/schulen-rapperswil.ch\/primarstufe\/angebot\/schulsozialarbeit\/#breadcrumb","itemListElement":[{"@type":"ListItem","position":1,"name":"Startseite","item":"https:\/\/schulen-rapperswil.ch\/primarstufe\/"},{"@type":"ListItem","position":2,"name":"Angebot","item":"https:\/\/schulen-rapperswil.ch\/primarstufe\/angebot\/"},{"@type":"ListItem","position":3,"name":"Schulsozialarbeit\u00a0\u00a0\u00a0"}]},{"@type":"WebSite","@id":"https:\/\/schulen-rapperswil.ch\/primarstufe\/#website","url":"https:\/\/schulen-rapperswil.ch\/primarstufe\/","name":"Schulen Rapperswil","description":"Primarstufe","publisher":{"@id":"https:\/\/schulen-rapperswil.ch\/primarstufe\/#organization"},"potentialAction":[{"@type":"SearchAction","target":{"@type":"EntryPoint","urlTemplate":"https:\/\/schulen-rapperswil.ch\/primarstufe\/?s={search_term_string}"},"query-input":{"@type":"PropertyValueSpecification","valueRequired":true,"valueName":"search_term_string"}}],"inLanguage":"de"},{"@type":"Organization","@id":"https:\/\/schulen-rapperswil.ch\/primarstufe\/#organization","name":"Schulen Rapperswil Primarschule","url":"https:\/\/schulen-rapperswil.ch\/primarstufe\/","logo":{"@type":"ImageObject","inLanguage":"de","@id":"https:\/\/schulen-rapperswil.ch\/primarstufe\/#\/schema\/logo\/image\/","url":"https:\/\/schulen-rapperswil.ch\/primarstufe\/wp-content\/uploads\/2024\/02\/Schule-Rapperswil-BE-Primarschule-Logo-1.svg","contentUrl":"https:\/\/schulen-rapperswil.ch\/primarstufe\/wp-content\/uploads\/2024\/02\/Schule-Rapperswil-BE-Primarschule-Logo-1.svg","caption":"Schulen Rapperswil Primarschule"},"image":{"@id":"https:\/\/schulen-rapperswil.ch\/primarstufe\/#\/schema\/logo\/image\/"}}]}},"_links":{"self":[{"href":"https:\/\/schulen-rapperswil.ch\/primarstufe\/wp-json\/wp\/v2\/pages\/1182","targetHints":{"allow":["GET"]}}],"collection":[{"href":"https:\/\/schulen-rapperswil.ch\/primarstufe\/wp-json\/wp\/v2\/pages"}],"about":[{"href":"https:\/\/schulen-rapperswil.ch\/primarstufe\/wp-json\/wp\/v2\/types\/page"}],"author":[{"embeddable":true,"href":"https:\/\/schulen-rapperswil.ch\/primarstufe\/wp-json\/wp\/v2\/users\/1"}],"replies":[{"embeddable":true,"href":"https:\/\/schulen-rapperswil.ch\/primarstufe\/wp-json\/wp\/v2\/comments?post=1182"}],"version-history":[{"count":64,"href":"https:\/\/schulen-rapperswil.ch\/primarstufe\/wp-json\/wp\/v2\/pages\/1182\/revisions"}],"predecessor-version":[{"id":3736,"href":"https:\/\/schulen-rapperswil.ch\/primarstufe\/wp-json\/wp\/v2\/pages\/1182\/revisions\/3736"}],"up":[{"embeddable":true,"href":"https:\/\/schulen-rapperswil.ch\/primarstufe\/wp-json\/wp\/v2\/pages\/529"}],"wp:attachment":[{"href":"https:\/\/schulen-rapperswil.ch\/primarstufe\/wp-json\/wp\/v2\/media?parent=1182"}],"curies":[{"name":"wp","href":"https:\/\/api.w.org\/{rel}","templated":true}]}}