{"id":1186,"date":"2024-02-26T10:43:51","date_gmt":"2024-02-26T10:43:51","guid":{"rendered":"https:\/\/schulen-rapperswil.ch\/primarstufe\/?page_id=1186"},"modified":"2026-02-19T15:58:59","modified_gmt":"2026-02-19T15:58:59","slug":"schulbus-schulweg","status":"publish","type":"page","link":"https:\/\/schulen-rapperswil.ch\/primarstufe\/angebot\/schulbus-schulweg\/","title":{"rendered":"Schulbus \/ Schulweg\u00a0\u00a0"},"content":{"rendered":"\t\t<div data-elementor-type=\"wp-page\" data-elementor-id=\"1186\" class=\"elementor elementor-1186\" data-elementor-post-type=\"page\">\n\t\t\t\t<div class=\"elementor-element elementor-element-947216a e-flex e-con-boxed e-con e-parent\" data-id=\"947216a\" data-element_type=\"container\" data-e-type=\"container\" data-settings=\"{&quot;background_background&quot;:&quot;classic&quot;}\">\n\t\t\t\t\t<div class=\"e-con-inner\">\n\t\t\t\t<div class=\"elementor-element elementor-element-2381125 elementor-widget__width-auto elementor-widget elementor-widget-heading\" data-id=\"2381125\" data-element_type=\"widget\" data-e-type=\"widget\" data-widget_type=\"heading.default\">\n\t\t\t\t<div class=\"elementor-widget-container\">\n\t\t\t\t\t<h1 class=\"elementor-heading-title elementor-size-default\">Sch\u00fclertransport <\/h1>\t\t\t\t<\/div>\n\t\t\t\t<\/div>\n\t\t\t\t<div class=\"elementor-element elementor-element-d8153d1 elementor-widget elementor-widget-heading\" data-id=\"d8153d1\" data-element_type=\"widget\" data-e-type=\"widget\" data-widget_type=\"heading.default\">\n\t\t\t\t<div class=\"elementor-widget-container\">\n\t\t\t\t\t<h3 class=\"elementor-heading-title elementor-size-default\">Unser Schulbus Bringt dich sicher zur Schule Und zur\u00fcck<\/h3>\t\t\t\t<\/div>\n\t\t\t\t<\/div>\n\t\t\t\t\t<\/div>\n\t\t\t\t<\/div>\n\t\t<div class=\"elementor-element elementor-element-4fc26f0 e-flex e-con-boxed e-con e-parent\" data-id=\"4fc26f0\" data-element_type=\"container\" data-e-type=\"container\" data-settings=\"{&quot;background_background&quot;:&quot;classic&quot;}\">\n\t\t\t\t\t<div class=\"e-con-inner\">\n\t\t<div class=\"elementor-element elementor-element-d765205 e-flex e-con-boxed e-con e-child\" data-id=\"d765205\" data-element_type=\"container\" data-e-type=\"container\">\n\t\t\t\t\t<div class=\"e-con-inner\">\n\t\t<div class=\"elementor-element elementor-element-6a1568d e-con-full e-flex e-con e-child\" data-id=\"6a1568d\" data-element_type=\"container\" data-e-type=\"container\">\n\t\t\t\t<div class=\"elementor-element elementor-element-7858fc5 elementor-widget elementor-widget-image\" data-id=\"7858fc5\" data-element_type=\"widget\" data-e-type=\"widget\" data-widget_type=\"image.default\">\n\t\t\t\t<div class=\"elementor-widget-container\">\n\t\t\t\t\t\t\t\t\t\t\t\t\t\t\t<img decoding=\"async\" width=\"1\" height=\"1\" src=\"https:\/\/schulen-rapperswil.ch\/primarstufe\/wp-content\/uploads\/2024\/02\/Schule-Rapperswil-BE-Primarschule-Rabe-Schulweg.svg\" class=\"attachment-large size-large wp-image-1281\" alt=\"\" \/>\t\t\t\t\t\t\t\t\t\t\t\t\t\t\t<\/div>\n\t\t\t\t<\/div>\n\t\t\t\t<\/div>\n\t\t<div class=\"elementor-element elementor-element-dc9fed1 e-con-full e-flex e-con e-child\" data-id=\"dc9fed1\" data-element_type=\"container\" data-e-type=\"container\">\n\t\t\t\t<div class=\"elementor-element elementor-element-2d0bd78 elementor-widget elementor-widget-text-editor\" data-id=\"2d0bd78\" data-element_type=\"widget\" data-e-type=\"widget\" data-widget_type=\"text-editor.default\">\n\t\t\t\t<div class=\"elementor-widget-container\">\n\t\t\t\t\t\t\t\t\t<p>In der Gemeinde Rapperswil werden die Sch\u00fclerinnen und Sch\u00fcler vom Kindergarten bis und mit der 6. Klasse mit dem Schulbus transportiert, sofern der Schulweg unzumutbar ist. Falls Kinder, obwohl Schulbus berechtigt, lieber mit dem Fahrrad zur Schule fahren m\u00f6chten, ist es wichtig, der Primarschulkommission das entsprechende Fahrradgesuch zur Genehmigung zukommen zu lassen.\u00a0<\/p>\t\t\t\t\t\t\t\t<\/div>\n\t\t\t\t<\/div>\n\t\t\t\t<\/div>\n\t\t\t\t\t<\/div>\n\t\t\t\t<\/div>\n\t\t\t\t\t<\/div>\n\t\t\t\t<\/div>\n\t\t<div class=\"elementor-element elementor-element-6ef62af e-flex e-con-boxed e-con e-parent\" data-id=\"6ef62af\" data-element_type=\"container\" data-e-type=\"container\" data-settings=\"{&quot;background_background&quot;:&quot;classic&quot;}\">\n\t\t\t\t\t<div class=\"e-con-inner\">\n\t\t<div class=\"elementor-element elementor-element-b6d3072 e-con-full e-flex e-con e-child\" data-id=\"b6d3072\" data-element_type=\"container\" data-e-type=\"container\" data-settings=\"{&quot;background_background&quot;:&quot;classic&quot;}\">\n\t\t\t\t<div class=\"elementor-element elementor-element-9990a81 elementor-widget elementor-widget-heading\" data-id=\"9990a81\" data-element_type=\"widget\" data-e-type=\"widget\" data-widget_type=\"heading.default\">\n\t\t\t\t<div class=\"elementor-widget-container\">\n\t\t\t\t\t<h3 class=\"elementor-heading-title elementor-size-default\">Wichtigen Informationen <\/h3>\t\t\t\t<\/div>\n\t\t\t\t<\/div>\n\t\t\t\t<div class=\"elementor-element elementor-element-fc08dd5 elementor-widget elementor-widget-text-editor\" data-id=\"fc08dd5\" data-element_type=\"widget\" data-e-type=\"widget\" data-widget_type=\"text-editor.default\">\n\t\t\t\t<div class=\"elementor-widget-container\">\n\t\t\t\t\t\t\t\t\t<ul><li><a class=\"orange\" href=\"https:\/\/schulen-rapperswil.ch\/primarstufe\/wp-content\/uploads\/2024\/03\/Transportkonzept_Prim_Rapperswil.pdf\" target=\"_blank\" rel=\"noopener\">Transportkonzept Gemeinde Rapperswil (PDF)<\/a><\/li><li><a class=\"orange\" href=\"https:\/\/schulen-rapperswil.ch\/primarstufe\/wp-content\/uploads\/2026\/02\/Verhaltensregeln-Schulbus-Rapperswil-Version-Februar-2026.pdf\" target=\"_blank\" rel=\"noopener\">Verhaltensregeln Schulbus (PDF)<\/a><\/li><li><a class=\"orange\" href=\"https:\/\/schulen-rapperswil.ch\/primarstufe\/wp-content\/uploads\/2026\/01\/Fahrplankommunikation-Version-X25-05-Winter.pdf\" target=\"_blank\" rel=\"noopener\">Aktueller Busfahrplan (PDF)<\/a><\/li><li><a class=\"orange\" href=\"https:\/\/schulen-rapperswil.ch\/primarstufe\/wp-content\/uploads\/2024\/02\/Schule-Rapperswil-BE-Primarstufe-Fahrradgesuch.pdf\" target=\"_blank\" rel=\"noopener\">Fahrradgesuch (PDF)<\/a><\/li><\/ul>\t\t\t\t\t\t\t\t<\/div>\n\t\t\t\t<\/div>\n\t\t\t\t<\/div>\n\t\t<div class=\"elementor-element elementor-element-ae913bd e-con-full e-flex e-con e-child\" data-id=\"ae913bd\" data-element_type=\"container\" data-e-type=\"container\" data-settings=\"{&quot;background_background&quot;:&quot;classic&quot;}\">\n\t\t\t\t<div class=\"elementor-element elementor-element-b830d1d elementor-widget elementor-widget-heading\" data-id=\"b830d1d\" data-element_type=\"widget\" data-e-type=\"widget\" data-widget_type=\"heading.default\">\n\t\t\t\t<div class=\"elementor-widget-container\">\n\t\t\t\t\t<h3 class=\"elementor-heading-title elementor-size-default\">Kontaktnummern <\/h3>\t\t\t\t<\/div>\n\t\t\t\t<\/div>\n\t\t\t\t<div class=\"elementor-element elementor-element-c6c8898 elementor-widget elementor-widget-text-editor\" data-id=\"c6c8898\" data-element_type=\"widget\" data-e-type=\"widget\" data-widget_type=\"text-editor.default\">\n\t\t\t\t<div class=\"elementor-widget-container\">\n\t\t\t\t\t\t\t\t\t<p><span class=\"TextRun SCXW165128785 BCX0\" lang=\"DE-CH\" xml:lang=\"DE-CH\" data-contrast=\"auto\"><span class=\"NormalTextRun SCXW165128785 BCX0\">Steiner Transporte Messen<\/span><\/span><span class=\"EOP SCXW165128785 BCX0\" data-ccp-props=\"{&quot;201341983&quot;:0,&quot;335559739&quot;:0,&quot;335559740&quot;:240}\">\u00a0<\/span><\/p><p>Verantwortliche Person Herr Eyer:<br \/><a href=\"https:\/\/www.google.ch\/search?q=Steiner+Autobetrieb+AG%2C+Hauptstrasse%2C+Messen&amp;sca_esv=70430bb5eaad3f9a&amp;sxsrf=AHTn8zqL77XxZB4JT04Al-9fznvxqW79qg%3A1747645762051&amp;source=hp&amp;ei=QvUqaJFXm6iL6A-FldjxBw&amp;iflsig=ACkRmUkAAAAAaCsDUuDJ1X20LnVAMx5qgNTFjAj4twIw&amp;oq=steiner+messen&amp;gs_lp=Egdnd3Mtd2l6Ig5zdGVpbmVyIG1lc3NlbioCCAEyCxAuGIAEGMcBGK8BMgIQJjICECYyBRAAGO8FMgUQABjvBTIIEAAYgAQYogQyBRAAGO8FSIOwA1AAWI8tcAF4AJABAJgBfqAB-AuqAQM4Lje4AQHIAQD4AQGYAhCgArUMwgIKECMYgAQYJxiKBcICBBAjGCfCAhEQLhiABBixAxjRAxiDARjHAcICCxAAGIAEGLEDGIMBwgIOEAAYgAQYsQMYgwEYigXCAgsQLhiABBixAxiDAcICDhAuGIAEGLEDGNEDGMcBwgIOEC4YgAQYsQMYxwEYrwHCAgUQABiABMICFBAuGIAEGLEDGIMBGMcBGIoFGK8BwgIIEAAYgAQYsQPCAg4QLhiABBixAxiDARiKBcICBRAuGIAEwgIIEC4YgAQYsQPCAg4QABiABBiSAxi4BBiKBcICCxAAGIAEGJIDGIoFwgILEC4YgAQY0QMYxwHCAgYQABgWGB7CAggQABgWGAoYHpgDAJIHAzguOKAHoOQBsgcDNy44uAexDMIHBTAuOC44yAcz&amp;sclient=gws-wiz#\" data-dtype=\"d3ph\" data-local-attribute=\"d3ph\" data-ved=\"2ahUKEwidpKSOma-NAxX90AIHHWmgKsMQkAgoAHoECCgQAw\"><span aria-label=\"031 765 52 15 anrufen\">031 765 52 15<\/span><\/a><\/p><p>Notfalltelefon:<br \/><a href=\"tel:+41795144762\" target=\"_blank\" rel=\"noopener\">079 514 47 62<\/a><\/p>\t\t\t\t\t\t\t\t<\/div>\n\t\t\t\t<\/div>\n\t\t\t\t<\/div>\n\t\t\t\t\t<\/div>\n\t\t\t\t<\/div>\n\t\t\t\t<\/div>\n\t\t","protected":false},"excerpt":{"rendered":"<p>Sch\u00fclertransport Unser Schulbus Bringt dich sicher zur Schule Und zur\u00fcck In der Gemeinde Rapperswil werden die Sch\u00fclerinnen und Sch\u00fcler vom Kindergarten bis und mit der 6. Klasse mit dem Schulbus transportiert, sofern der Schulweg unzumutbar ist. Falls Kinder, obwohl Schulbus berechtigt, lieber mit dem Fahrrad zur Schule fahren m\u00f6chten, ist es wichtig, der Primarschulkommission das [&hellip;]<\/p>\n","protected":false},"author":1,"featured_media":0,"parent":529,"menu_order":0,"comment_status":"closed","ping_status":"closed","template":"","meta":{"footnotes":""},"class_list":["post-1186","page","type-page","status-publish","hentry"],"yoast_head":"<!-- This site is optimized with the Yoast SEO plugin v27.4 - https:\/\/yoast.com\/product\/yoast-seo-wordpress\/ -->\n<title>Schulbus \/ Schulweg\u00a0\u00a0 - Schulen Rapperswil \u2013 Primarstufe<\/title>\n<meta name=\"robots\" content=\"index, follow, max-snippet:-1, max-image-preview:large, max-video-preview:-1\" \/>\n<link rel=\"canonical\" href=\"https:\/\/schulen-rapperswil.ch\/primarstufe\/angebot\/schulbus-schulweg\/\" \/>\n<meta property=\"og:locale\" content=\"de_DE\" \/>\n<meta property=\"og:type\" content=\"article\" \/>\n<meta property=\"og:title\" content=\"Schulbus \/ Schulweg\u00a0\u00a0 - Schulen Rapperswil \u2013 Primarstufe\" \/>\n<meta property=\"og:description\" content=\"Sch\u00fclertransport Unser Schulbus Bringt dich sicher zur Schule Und zur\u00fcck In der Gemeinde Rapperswil werden die Sch\u00fclerinnen und Sch\u00fcler vom Kindergarten bis und mit der 6. Klasse mit dem Schulbus transportiert, sofern der Schulweg unzumutbar ist. Falls Kinder, obwohl Schulbus berechtigt, lieber mit dem Fahrrad zur Schule fahren m\u00f6chten, ist es wichtig, der Primarschulkommission das [&hellip;]\" \/>\n<meta property=\"og:url\" content=\"https:\/\/schulen-rapperswil.ch\/primarstufe\/angebot\/schulbus-schulweg\/\" \/>\n<meta property=\"og:site_name\" content=\"Schulen Rapperswil \u2013 Primarstufe\" \/>\n<meta property=\"article:modified_time\" content=\"2026-02-19T15:58:59+00:00\" \/>\n<meta name=\"twitter:card\" content=\"summary_large_image\" \/>\n<meta name=\"twitter:label1\" content=\"Gesch\u00e4tzte Lesezeit\" \/>\n\t<meta name=\"twitter:data1\" content=\"1\u00a0Minute\" \/>\n<script type=\"application\/ld+json\" class=\"yoast-schema-graph\">{\"@context\":\"https:\\\/\\\/schema.org\",\"@graph\":[{\"@type\":\"WebPage\",\"@id\":\"https:\\\/\\\/schulen-rapperswil.ch\\\/primarstufe\\\/angebot\\\/schulbus-schulweg\\\/\",\"url\":\"https:\\\/\\\/schulen-rapperswil.ch\\\/primarstufe\\\/angebot\\\/schulbus-schulweg\\\/\",\"name\":\"Schulbus \\\/ Schulweg\u00a0\u00a0 - Schulen Rapperswil \u2013 Primarstufe\",\"isPartOf\":{\"@id\":\"https:\\\/\\\/schulen-rapperswil.ch\\\/primarstufe\\\/#website\"},\"primaryImageOfPage\":{\"@id\":\"https:\\\/\\\/schulen-rapperswil.ch\\\/primarstufe\\\/angebot\\\/schulbus-schulweg\\\/#primaryimage\"},\"image\":{\"@id\":\"https:\\\/\\\/schulen-rapperswil.ch\\\/primarstufe\\\/angebot\\\/schulbus-schulweg\\\/#primaryimage\"},\"thumbnailUrl\":\"https:\\\/\\\/schulen-rapperswil.ch\\\/primarstufe\\\/wp-content\\\/uploads\\\/2024\\\/02\\\/Schule-Rapperswil-BE-Primarschule-Rabe-Schulweg.svg\",\"datePublished\":\"2024-02-26T10:43:51+00:00\",\"dateModified\":\"2026-02-19T15:58:59+00:00\",\"breadcrumb\":{\"@id\":\"https:\\\/\\\/schulen-rapperswil.ch\\\/primarstufe\\\/angebot\\\/schulbus-schulweg\\\/#breadcrumb\"},\"inLanguage\":\"de\",\"potentialAction\":[{\"@type\":\"ReadAction\",\"target\":[\"https:\\\/\\\/schulen-rapperswil.ch\\\/primarstufe\\\/angebot\\\/schulbus-schulweg\\\/\"]}]},{\"@type\":\"ImageObject\",\"inLanguage\":\"de\",\"@id\":\"https:\\\/\\\/schulen-rapperswil.ch\\\/primarstufe\\\/angebot\\\/schulbus-schulweg\\\/#primaryimage\",\"url\":\"https:\\\/\\\/schulen-rapperswil.ch\\\/primarstufe\\\/wp-content\\\/uploads\\\/2024\\\/02\\\/Schule-Rapperswil-BE-Primarschule-Rabe-Schulweg.svg\",\"contentUrl\":\"https:\\\/\\\/schulen-rapperswil.ch\\\/primarstufe\\\/wp-content\\\/uploads\\\/2024\\\/02\\\/Schule-Rapperswil-BE-Primarschule-Rabe-Schulweg.svg\"},{\"@type\":\"BreadcrumbList\",\"@id\":\"https:\\\/\\\/schulen-rapperswil.ch\\\/primarstufe\\\/angebot\\\/schulbus-schulweg\\\/#breadcrumb\",\"itemListElement\":[{\"@type\":\"ListItem\",\"position\":1,\"name\":\"Startseite\",\"item\":\"https:\\\/\\\/schulen-rapperswil.ch\\\/primarstufe\\\/\"},{\"@type\":\"ListItem\",\"position\":2,\"name\":\"Angebot\",\"item\":\"https:\\\/\\\/schulen-rapperswil.ch\\\/primarstufe\\\/angebot\\\/\"},{\"@type\":\"ListItem\",\"position\":3,\"name\":\"Schulbus \\\/ Schulweg\u00a0\u00a0\"}]},{\"@type\":\"WebSite\",\"@id\":\"https:\\\/\\\/schulen-rapperswil.ch\\\/primarstufe\\\/#website\",\"url\":\"https:\\\/\\\/schulen-rapperswil.ch\\\/primarstufe\\\/\",\"name\":\"Schulen Rapperswil\",\"description\":\"Primarstufe\",\"publisher\":{\"@id\":\"https:\\\/\\\/schulen-rapperswil.ch\\\/primarstufe\\\/#organization\"},\"potentialAction\":[{\"@type\":\"SearchAction\",\"target\":{\"@type\":\"EntryPoint\",\"urlTemplate\":\"https:\\\/\\\/schulen-rapperswil.ch\\\/primarstufe\\\/?s={search_term_string}\"},\"query-input\":{\"@type\":\"PropertyValueSpecification\",\"valueRequired\":true,\"valueName\":\"search_term_string\"}}],\"inLanguage\":\"de\"},{\"@type\":\"Organization\",\"@id\":\"https:\\\/\\\/schulen-rapperswil.ch\\\/primarstufe\\\/#organization\",\"name\":\"Schulen Rapperswil Primarschule\",\"url\":\"https:\\\/\\\/schulen-rapperswil.ch\\\/primarstufe\\\/\",\"logo\":{\"@type\":\"ImageObject\",\"inLanguage\":\"de\",\"@id\":\"https:\\\/\\\/schulen-rapperswil.ch\\\/primarstufe\\\/#\\\/schema\\\/logo\\\/image\\\/\",\"url\":\"https:\\\/\\\/schulen-rapperswil.ch\\\/primarstufe\\\/wp-content\\\/uploads\\\/2024\\\/02\\\/Schule-Rapperswil-BE-Primarschule-Logo-1.svg\",\"contentUrl\":\"https:\\\/\\\/schulen-rapperswil.ch\\\/primarstufe\\\/wp-content\\\/uploads\\\/2024\\\/02\\\/Schule-Rapperswil-BE-Primarschule-Logo-1.svg\",\"caption\":\"Schulen Rapperswil Primarschule\"},\"image\":{\"@id\":\"https:\\\/\\\/schulen-rapperswil.ch\\\/primarstufe\\\/#\\\/schema\\\/logo\\\/image\\\/\"}}]}<\/script>\n<!-- \/ Yoast SEO plugin. -->","yoast_head_json":{"title":"Schulbus \/ Schulweg\u00a0\u00a0 - Schulen Rapperswil \u2013 Primarstufe","robots":{"index":"index","follow":"follow","max-snippet":"max-snippet:-1","max-image-preview":"max-image-preview:large","max-video-preview":"max-video-preview:-1"},"canonical":"https:\/\/schulen-rapperswil.ch\/primarstufe\/angebot\/schulbus-schulweg\/","og_locale":"de_DE","og_type":"article","og_title":"Schulbus \/ Schulweg\u00a0\u00a0 - Schulen Rapperswil \u2013 Primarstufe","og_description":"Sch\u00fclertransport Unser Schulbus Bringt dich sicher zur Schule Und zur\u00fcck In der Gemeinde Rapperswil werden die Sch\u00fclerinnen und Sch\u00fcler vom Kindergarten bis und mit der 6. Klasse mit dem Schulbus transportiert, sofern der Schulweg unzumutbar ist. Falls Kinder, obwohl Schulbus berechtigt, lieber mit dem Fahrrad zur Schule fahren m\u00f6chten, ist es wichtig, der Primarschulkommission das [&hellip;]","og_url":"https:\/\/schulen-rapperswil.ch\/primarstufe\/angebot\/schulbus-schulweg\/","og_site_name":"Schulen Rapperswil \u2013 Primarstufe","article_modified_time":"2026-02-19T15:58:59+00:00","twitter_card":"summary_large_image","twitter_misc":{"Gesch\u00e4tzte Lesezeit":"1\u00a0Minute"},"schema":{"@context":"https:\/\/schema.org","@graph":[{"@type":"WebPage","@id":"https:\/\/schulen-rapperswil.ch\/primarstufe\/angebot\/schulbus-schulweg\/","url":"https:\/\/schulen-rapperswil.ch\/primarstufe\/angebot\/schulbus-schulweg\/","name":"Schulbus \/ Schulweg\u00a0\u00a0 - Schulen Rapperswil \u2013 Primarstufe","isPartOf":{"@id":"https:\/\/schulen-rapperswil.ch\/primarstufe\/#website"},"primaryImageOfPage":{"@id":"https:\/\/schulen-rapperswil.ch\/primarstufe\/angebot\/schulbus-schulweg\/#primaryimage"},"image":{"@id":"https:\/\/schulen-rapperswil.ch\/primarstufe\/angebot\/schulbus-schulweg\/#primaryimage"},"thumbnailUrl":"https:\/\/schulen-rapperswil.ch\/primarstufe\/wp-content\/uploads\/2024\/02\/Schule-Rapperswil-BE-Primarschule-Rabe-Schulweg.svg","datePublished":"2024-02-26T10:43:51+00:00","dateModified":"2026-02-19T15:58:59+00:00","breadcrumb":{"@id":"https:\/\/schulen-rapperswil.ch\/primarstufe\/angebot\/schulbus-schulweg\/#breadcrumb"},"inLanguage":"de","potentialAction":[{"@type":"ReadAction","target":["https:\/\/schulen-rapperswil.ch\/primarstufe\/angebot\/schulbus-schulweg\/"]}]},{"@type":"ImageObject","inLanguage":"de","@id":"https:\/\/schulen-rapperswil.ch\/primarstufe\/angebot\/schulbus-schulweg\/#primaryimage","url":"https:\/\/schulen-rapperswil.ch\/primarstufe\/wp-content\/uploads\/2024\/02\/Schule-Rapperswil-BE-Primarschule-Rabe-Schulweg.svg","contentUrl":"https:\/\/schulen-rapperswil.ch\/primarstufe\/wp-content\/uploads\/2024\/02\/Schule-Rapperswil-BE-Primarschule-Rabe-Schulweg.svg"},{"@type":"BreadcrumbList","@id":"https:\/\/schulen-rapperswil.ch\/primarstufe\/angebot\/schulbus-schulweg\/#breadcrumb","itemListElement":[{"@type":"ListItem","position":1,"name":"Startseite","item":"https:\/\/schulen-rapperswil.ch\/primarstufe\/"},{"@type":"ListItem","position":2,"name":"Angebot","item":"https:\/\/schulen-rapperswil.ch\/primarstufe\/angebot\/"},{"@type":"ListItem","position":3,"name":"Schulbus \/ Schulweg\u00a0\u00a0"}]},{"@type":"WebSite","@id":"https:\/\/schulen-rapperswil.ch\/primarstufe\/#website","url":"https:\/\/schulen-rapperswil.ch\/primarstufe\/","name":"Schulen Rapperswil","description":"Primarstufe","publisher":{"@id":"https:\/\/schulen-rapperswil.ch\/primarstufe\/#organization"},"potentialAction":[{"@type":"SearchAction","target":{"@type":"EntryPoint","urlTemplate":"https:\/\/schulen-rapperswil.ch\/primarstufe\/?s={search_term_string}"},"query-input":{"@type":"PropertyValueSpecification","valueRequired":true,"valueName":"search_term_string"}}],"inLanguage":"de"},{"@type":"Organization","@id":"https:\/\/schulen-rapperswil.ch\/primarstufe\/#organization","name":"Schulen Rapperswil Primarschule","url":"https:\/\/schulen-rapperswil.ch\/primarstufe\/","logo":{"@type":"ImageObject","inLanguage":"de","@id":"https:\/\/schulen-rapperswil.ch\/primarstufe\/#\/schema\/logo\/image\/","url":"https:\/\/schulen-rapperswil.ch\/primarstufe\/wp-content\/uploads\/2024\/02\/Schule-Rapperswil-BE-Primarschule-Logo-1.svg","contentUrl":"https:\/\/schulen-rapperswil.ch\/primarstufe\/wp-content\/uploads\/2024\/02\/Schule-Rapperswil-BE-Primarschule-Logo-1.svg","caption":"Schulen Rapperswil Primarschule"},"image":{"@id":"https:\/\/schulen-rapperswil.ch\/primarstufe\/#\/schema\/logo\/image\/"}}]}},"_links":{"self":[{"href":"https:\/\/schulen-rapperswil.ch\/primarstufe\/wp-json\/wp\/v2\/pages\/1186","targetHints":{"allow":["GET"]}}],"collection":[{"href":"https:\/\/schulen-rapperswil.ch\/primarstufe\/wp-json\/wp\/v2\/pages"}],"about":[{"href":"https:\/\/schulen-rapperswil.ch\/primarstufe\/wp-json\/wp\/v2\/types\/page"}],"author":[{"embeddable":true,"href":"https:\/\/schulen-rapperswil.ch\/primarstufe\/wp-json\/wp\/v2\/users\/1"}],"replies":[{"embeddable":true,"href":"https:\/\/schulen-rapperswil.ch\/primarstufe\/wp-json\/wp\/v2\/comments?post=1186"}],"version-history":[{"count":82,"href":"https:\/\/schulen-rapperswil.ch\/primarstufe\/wp-json\/wp\/v2\/pages\/1186\/revisions"}],"predecessor-version":[{"id":4302,"href":"https:\/\/schulen-rapperswil.ch\/primarstufe\/wp-json\/wp\/v2\/pages\/1186\/revisions\/4302"}],"up":[{"embeddable":true,"href":"https:\/\/schulen-rapperswil.ch\/primarstufe\/wp-json\/wp\/v2\/pages\/529"}],"wp:attachment":[{"href":"https:\/\/schulen-rapperswil.ch\/primarstufe\/wp-json\/wp\/v2\/media?parent=1186"}],"curies":[{"name":"wp","href":"https:\/\/api.w.org\/{rel}","templated":true}]}}