{"id":1188,"date":"2024-02-26T10:44:13","date_gmt":"2024-02-26T10:44:13","guid":{"rendered":"https:\/\/schulen-rapperswil.ch\/primarstufe\/?page_id=1188"},"modified":"2024-03-22T09:25:13","modified_gmt":"2024-03-22T09:25:13","slug":"stuetzunterricht","status":"publish","type":"page","link":"https:\/\/schulen-rapperswil.ch\/primarstufe\/angebot\/stuetzunterricht\/","title":{"rendered":"St\u00fctzunterricht\u00a0\u00a0\u00a0\u00a0"},"content":{"rendered":"\t\t<div data-elementor-type=\"wp-page\" data-elementor-id=\"1188\" class=\"elementor elementor-1188\" data-elementor-post-type=\"page\">\n\t\t\t\t<div class=\"elementor-element elementor-element-947216a e-flex e-con-boxed e-con e-parent\" data-id=\"947216a\" data-element_type=\"container\" data-e-type=\"container\" data-settings=\"{&quot;background_background&quot;:&quot;classic&quot;}\">\n\t\t\t\t\t<div class=\"e-con-inner\">\n\t\t\t\t<div class=\"elementor-element elementor-element-2381125 elementor-widget__width-auto elementor-widget elementor-widget-heading\" data-id=\"2381125\" data-element_type=\"widget\" data-e-type=\"widget\" data-widget_type=\"heading.default\">\n\t\t\t\t<div class=\"elementor-widget-container\">\n\t\t\t\t\t<h1 class=\"elementor-heading-title elementor-size-default\">St\u00fctzunterricht <\/h1>\t\t\t\t<\/div>\n\t\t\t\t<\/div>\n\t\t\t\t<div class=\"elementor-element elementor-element-0ace03b elementor-widget elementor-widget-heading\" data-id=\"0ace03b\" data-element_type=\"widget\" data-e-type=\"widget\" data-widget_type=\"heading.default\">\n\t\t\t\t<div class=\"elementor-widget-container\">\n\t\t\t\t\t<h3 class=\"elementor-heading-title elementor-size-default\">Wir bringen dich auf Kurs<\/h3>\t\t\t\t<\/div>\n\t\t\t\t<\/div>\n\t\t\t\t\t<\/div>\n\t\t\t\t<\/div>\n\t\t<div class=\"elementor-element elementor-element-4fc26f0 e-flex e-con-boxed e-con e-parent\" data-id=\"4fc26f0\" data-element_type=\"container\" data-e-type=\"container\" data-settings=\"{&quot;background_background&quot;:&quot;classic&quot;}\">\n\t\t\t\t\t<div class=\"e-con-inner\">\n\t\t<div class=\"elementor-element elementor-element-d765205 e-flex e-con-boxed e-con e-child\" data-id=\"d765205\" data-element_type=\"container\" data-e-type=\"container\">\n\t\t\t\t\t<div class=\"e-con-inner\">\n\t\t<div class=\"elementor-element elementor-element-dc9fed1 e-con-full e-flex e-con e-child\" data-id=\"dc9fed1\" data-element_type=\"container\" data-e-type=\"container\">\n\t\t\t\t<div class=\"elementor-element elementor-element-2d0bd78 elementor-widget elementor-widget-text-editor\" data-id=\"2d0bd78\" data-element_type=\"widget\" data-e-type=\"widget\" data-widget_type=\"text-editor.default\">\n\t\t\t\t<div class=\"elementor-widget-container\">\n\t\t\t\t\t\t\t\t\t<p>Der St\u00fctzunterricht dient dazu, Sch\u00fclerinnen und Sch\u00fcler mit fachlichen Defiziten die M\u00f6glichkeit zu geben, den behandelten Stoff in gem\u00e4ssigtem Tempo aufzuarbeiten und zu festigen. Der Unterricht darf nicht dazu dienen, \u00dcbertritte in weiterf\u00fchrende Schulen vorzubereiten, sondern soll ein Verbleiben in der angestammten Primarklasse erm\u00f6glichen.<\/p><p>Der Ansatz f\u00fcr eine Lektion St\u00fctzunterricht liegt bei Fr. 50.\u2013. Die Gemeinde Rapperswil BE leistet an den St\u00fctzunterricht einen finanziellen Beitrag von Fr. 25.\u2014pro Lektion. Die Eltern bezahlen ebenfalls Fr. 25.\u2014pro Lektion plus Kosten f\u00fcr das Unterrichtsmaterial.<\/p><p>Die Schule ist um eine geeignete Lehrperson f\u00fcr den Unterricht besorgt.<\/p><p>Der St\u00fctzunterricht wird in der unterrichtsfreien Zeit abgehalten und nach M\u00f6glichkeit in kleinen Gruppen organisiert. (Elternbeitrag bei Gruppenunterricht Fr. 15.\u2014pro Lektion).\u00a0<\/p>\t\t\t\t\t\t\t\t<\/div>\n\t\t\t\t<\/div>\n\t\t\t\t<\/div>\n\t\t<div class=\"elementor-element elementor-element-6a1568d e-con-full e-flex e-con e-child\" data-id=\"6a1568d\" data-element_type=\"container\" data-e-type=\"container\">\n\t\t\t\t<div class=\"elementor-element elementor-element-7858fc5 elementor-widget elementor-widget-image\" data-id=\"7858fc5\" data-element_type=\"widget\" data-e-type=\"widget\" data-widget_type=\"image.default\">\n\t\t\t\t<div class=\"elementor-widget-container\">\n\t\t\t\t\t\t\t\t\t\t\t\t\t\t\t<img decoding=\"async\" width=\"1\" height=\"1\" src=\"https:\/\/schulen-rapperswil.ch\/primarstufe\/wp-content\/uploads\/2024\/02\/Schule-Rapperswil-BE-Primarschule-Rabe-Stuetzunterricht.svg\" class=\"attachment-large size-large wp-image-1274\" alt=\"\" \/>\t\t\t\t\t\t\t\t\t\t\t\t\t\t\t<\/div>\n\t\t\t\t<\/div>\n\t\t\t\t<\/div>\n\t\t\t\t\t<\/div>\n\t\t\t\t<\/div>\n\t\t\t\t\t<\/div>\n\t\t\t\t<\/div>\n\t\t\t\t<\/div>\n\t\t","protected":false},"excerpt":{"rendered":"<p>St\u00fctzunterricht Wir bringen dich auf Kurs Der St\u00fctzunterricht dient dazu, Sch\u00fclerinnen und Sch\u00fcler mit fachlichen Defiziten die M\u00f6glichkeit zu geben, den behandelten Stoff in gem\u00e4ssigtem Tempo aufzuarbeiten und zu festigen. Der Unterricht darf nicht dazu dienen, \u00dcbertritte in weiterf\u00fchrende Schulen vorzubereiten, sondern soll ein Verbleiben in der angestammten Primarklasse erm\u00f6glichen. Der Ansatz f\u00fcr eine Lektion [&hellip;]<\/p>\n","protected":false},"author":1,"featured_media":0,"parent":529,"menu_order":0,"comment_status":"closed","ping_status":"closed","template":"","meta":{"footnotes":""},"class_list":["post-1188","page","type-page","status-publish","hentry"],"yoast_head":"<!-- This site is optimized with the Yoast SEO plugin v27.4 - https:\/\/yoast.com\/product\/yoast-seo-wordpress\/ -->\n<title>St\u00fctzunterricht\u00a0\u00a0\u00a0\u00a0 - Schulen Rapperswil \u2013 Primarstufe<\/title>\n<meta name=\"robots\" content=\"index, follow, max-snippet:-1, max-image-preview:large, max-video-preview:-1\" \/>\n<link rel=\"canonical\" href=\"https:\/\/schulen-rapperswil.ch\/primarstufe\/angebot\/stuetzunterricht\/\" \/>\n<meta property=\"og:locale\" content=\"de_DE\" \/>\n<meta property=\"og:type\" content=\"article\" \/>\n<meta property=\"og:title\" content=\"St\u00fctzunterricht\u00a0\u00a0\u00a0\u00a0 - Schulen Rapperswil \u2013 Primarstufe\" \/>\n<meta property=\"og:description\" content=\"St\u00fctzunterricht Wir bringen dich auf Kurs Der St\u00fctzunterricht dient dazu, Sch\u00fclerinnen und Sch\u00fcler mit fachlichen Defiziten die M\u00f6glichkeit zu geben, den behandelten Stoff in gem\u00e4ssigtem Tempo aufzuarbeiten und zu festigen. Der Unterricht darf nicht dazu dienen, \u00dcbertritte in weiterf\u00fchrende Schulen vorzubereiten, sondern soll ein Verbleiben in der angestammten Primarklasse erm\u00f6glichen. Der Ansatz f\u00fcr eine Lektion [&hellip;]\" \/>\n<meta property=\"og:url\" content=\"https:\/\/schulen-rapperswil.ch\/primarstufe\/angebot\/stuetzunterricht\/\" \/>\n<meta property=\"og:site_name\" content=\"Schulen Rapperswil \u2013 Primarstufe\" \/>\n<meta property=\"article:modified_time\" content=\"2024-03-22T09:25:13+00:00\" \/>\n<meta property=\"og:image\" content=\"https:\/\/schulen-rapperswil.ch\/primarstufe\/wp-content\/uploads\/2024\/02\/Schule-Rapperswil-BE-Primarschule-Rabe-Stuetzunterricht.svg\" \/>\n<meta name=\"twitter:card\" content=\"summary_large_image\" \/>\n<meta name=\"twitter:label1\" content=\"Gesch\u00e4tzte Lesezeit\" \/>\n\t<meta name=\"twitter:data1\" content=\"1\u00a0Minute\" \/>\n<script type=\"application\/ld+json\" class=\"yoast-schema-graph\">{\"@context\":\"https:\\\/\\\/schema.org\",\"@graph\":[{\"@type\":\"WebPage\",\"@id\":\"https:\\\/\\\/schulen-rapperswil.ch\\\/primarstufe\\\/angebot\\\/stuetzunterricht\\\/\",\"url\":\"https:\\\/\\\/schulen-rapperswil.ch\\\/primarstufe\\\/angebot\\\/stuetzunterricht\\\/\",\"name\":\"St\u00fctzunterricht\u00a0\u00a0\u00a0\u00a0 - Schulen Rapperswil \u2013 Primarstufe\",\"isPartOf\":{\"@id\":\"https:\\\/\\\/schulen-rapperswil.ch\\\/primarstufe\\\/#website\"},\"primaryImageOfPage\":{\"@id\":\"https:\\\/\\\/schulen-rapperswil.ch\\\/primarstufe\\\/angebot\\\/stuetzunterricht\\\/#primaryimage\"},\"image\":{\"@id\":\"https:\\\/\\\/schulen-rapperswil.ch\\\/primarstufe\\\/angebot\\\/stuetzunterricht\\\/#primaryimage\"},\"thumbnailUrl\":\"https:\\\/\\\/schulen-rapperswil.ch\\\/primarstufe\\\/wp-content\\\/uploads\\\/2024\\\/02\\\/Schule-Rapperswil-BE-Primarschule-Rabe-Stuetzunterricht.svg\",\"datePublished\":\"2024-02-26T10:44:13+00:00\",\"dateModified\":\"2024-03-22T09:25:13+00:00\",\"breadcrumb\":{\"@id\":\"https:\\\/\\\/schulen-rapperswil.ch\\\/primarstufe\\\/angebot\\\/stuetzunterricht\\\/#breadcrumb\"},\"inLanguage\":\"de\",\"potentialAction\":[{\"@type\":\"ReadAction\",\"target\":[\"https:\\\/\\\/schulen-rapperswil.ch\\\/primarstufe\\\/angebot\\\/stuetzunterricht\\\/\"]}]},{\"@type\":\"ImageObject\",\"inLanguage\":\"de\",\"@id\":\"https:\\\/\\\/schulen-rapperswil.ch\\\/primarstufe\\\/angebot\\\/stuetzunterricht\\\/#primaryimage\",\"url\":\"https:\\\/\\\/schulen-rapperswil.ch\\\/primarstufe\\\/wp-content\\\/uploads\\\/2024\\\/02\\\/Schule-Rapperswil-BE-Primarschule-Rabe-Stuetzunterricht.svg\",\"contentUrl\":\"https:\\\/\\\/schulen-rapperswil.ch\\\/primarstufe\\\/wp-content\\\/uploads\\\/2024\\\/02\\\/Schule-Rapperswil-BE-Primarschule-Rabe-Stuetzunterricht.svg\"},{\"@type\":\"BreadcrumbList\",\"@id\":\"https:\\\/\\\/schulen-rapperswil.ch\\\/primarstufe\\\/angebot\\\/stuetzunterricht\\\/#breadcrumb\",\"itemListElement\":[{\"@type\":\"ListItem\",\"position\":1,\"name\":\"Startseite\",\"item\":\"https:\\\/\\\/schulen-rapperswil.ch\\\/primarstufe\\\/\"},{\"@type\":\"ListItem\",\"position\":2,\"name\":\"Angebot\",\"item\":\"https:\\\/\\\/schulen-rapperswil.ch\\\/primarstufe\\\/angebot\\\/\"},{\"@type\":\"ListItem\",\"position\":3,\"name\":\"St\u00fctzunterricht\u00a0\u00a0\u00a0\u00a0\"}]},{\"@type\":\"WebSite\",\"@id\":\"https:\\\/\\\/schulen-rapperswil.ch\\\/primarstufe\\\/#website\",\"url\":\"https:\\\/\\\/schulen-rapperswil.ch\\\/primarstufe\\\/\",\"name\":\"Schulen Rapperswil\",\"description\":\"Primarstufe\",\"publisher\":{\"@id\":\"https:\\\/\\\/schulen-rapperswil.ch\\\/primarstufe\\\/#organization\"},\"potentialAction\":[{\"@type\":\"SearchAction\",\"target\":{\"@type\":\"EntryPoint\",\"urlTemplate\":\"https:\\\/\\\/schulen-rapperswil.ch\\\/primarstufe\\\/?s={search_term_string}\"},\"query-input\":{\"@type\":\"PropertyValueSpecification\",\"valueRequired\":true,\"valueName\":\"search_term_string\"}}],\"inLanguage\":\"de\"},{\"@type\":\"Organization\",\"@id\":\"https:\\\/\\\/schulen-rapperswil.ch\\\/primarstufe\\\/#organization\",\"name\":\"Schulen Rapperswil Primarschule\",\"url\":\"https:\\\/\\\/schulen-rapperswil.ch\\\/primarstufe\\\/\",\"logo\":{\"@type\":\"ImageObject\",\"inLanguage\":\"de\",\"@id\":\"https:\\\/\\\/schulen-rapperswil.ch\\\/primarstufe\\\/#\\\/schema\\\/logo\\\/image\\\/\",\"url\":\"https:\\\/\\\/schulen-rapperswil.ch\\\/primarstufe\\\/wp-content\\\/uploads\\\/2024\\\/02\\\/Schule-Rapperswil-BE-Primarschule-Logo-1.svg\",\"contentUrl\":\"https:\\\/\\\/schulen-rapperswil.ch\\\/primarstufe\\\/wp-content\\\/uploads\\\/2024\\\/02\\\/Schule-Rapperswil-BE-Primarschule-Logo-1.svg\",\"caption\":\"Schulen Rapperswil Primarschule\"},\"image\":{\"@id\":\"https:\\\/\\\/schulen-rapperswil.ch\\\/primarstufe\\\/#\\\/schema\\\/logo\\\/image\\\/\"}}]}<\/script>\n<!-- \/ Yoast SEO plugin. -->","yoast_head_json":{"title":"St\u00fctzunterricht\u00a0\u00a0\u00a0\u00a0 - Schulen Rapperswil \u2013 Primarstufe","robots":{"index":"index","follow":"follow","max-snippet":"max-snippet:-1","max-image-preview":"max-image-preview:large","max-video-preview":"max-video-preview:-1"},"canonical":"https:\/\/schulen-rapperswil.ch\/primarstufe\/angebot\/stuetzunterricht\/","og_locale":"de_DE","og_type":"article","og_title":"St\u00fctzunterricht\u00a0\u00a0\u00a0\u00a0 - Schulen Rapperswil \u2013 Primarstufe","og_description":"St\u00fctzunterricht Wir bringen dich auf Kurs Der St\u00fctzunterricht dient dazu, Sch\u00fclerinnen und Sch\u00fcler mit fachlichen Defiziten die M\u00f6glichkeit zu geben, den behandelten Stoff in gem\u00e4ssigtem Tempo aufzuarbeiten und zu festigen. Der Unterricht darf nicht dazu dienen, \u00dcbertritte in weiterf\u00fchrende Schulen vorzubereiten, sondern soll ein Verbleiben in der angestammten Primarklasse erm\u00f6glichen. Der Ansatz f\u00fcr eine Lektion [&hellip;]","og_url":"https:\/\/schulen-rapperswil.ch\/primarstufe\/angebot\/stuetzunterricht\/","og_site_name":"Schulen Rapperswil \u2013 Primarstufe","article_modified_time":"2024-03-22T09:25:13+00:00","og_image":[{"url":"https:\/\/schulen-rapperswil.ch\/primarstufe\/wp-content\/uploads\/2024\/02\/Schule-Rapperswil-BE-Primarschule-Rabe-Stuetzunterricht.svg","type":"","width":"","height":""}],"twitter_card":"summary_large_image","twitter_misc":{"Gesch\u00e4tzte Lesezeit":"1\u00a0Minute"},"schema":{"@context":"https:\/\/schema.org","@graph":[{"@type":"WebPage","@id":"https:\/\/schulen-rapperswil.ch\/primarstufe\/angebot\/stuetzunterricht\/","url":"https:\/\/schulen-rapperswil.ch\/primarstufe\/angebot\/stuetzunterricht\/","name":"St\u00fctzunterricht\u00a0\u00a0\u00a0\u00a0 - Schulen Rapperswil \u2013 Primarstufe","isPartOf":{"@id":"https:\/\/schulen-rapperswil.ch\/primarstufe\/#website"},"primaryImageOfPage":{"@id":"https:\/\/schulen-rapperswil.ch\/primarstufe\/angebot\/stuetzunterricht\/#primaryimage"},"image":{"@id":"https:\/\/schulen-rapperswil.ch\/primarstufe\/angebot\/stuetzunterricht\/#primaryimage"},"thumbnailUrl":"https:\/\/schulen-rapperswil.ch\/primarstufe\/wp-content\/uploads\/2024\/02\/Schule-Rapperswil-BE-Primarschule-Rabe-Stuetzunterricht.svg","datePublished":"2024-02-26T10:44:13+00:00","dateModified":"2024-03-22T09:25:13+00:00","breadcrumb":{"@id":"https:\/\/schulen-rapperswil.ch\/primarstufe\/angebot\/stuetzunterricht\/#breadcrumb"},"inLanguage":"de","potentialAction":[{"@type":"ReadAction","target":["https:\/\/schulen-rapperswil.ch\/primarstufe\/angebot\/stuetzunterricht\/"]}]},{"@type":"ImageObject","inLanguage":"de","@id":"https:\/\/schulen-rapperswil.ch\/primarstufe\/angebot\/stuetzunterricht\/#primaryimage","url":"https:\/\/schulen-rapperswil.ch\/primarstufe\/wp-content\/uploads\/2024\/02\/Schule-Rapperswil-BE-Primarschule-Rabe-Stuetzunterricht.svg","contentUrl":"https:\/\/schulen-rapperswil.ch\/primarstufe\/wp-content\/uploads\/2024\/02\/Schule-Rapperswil-BE-Primarschule-Rabe-Stuetzunterricht.svg"},{"@type":"BreadcrumbList","@id":"https:\/\/schulen-rapperswil.ch\/primarstufe\/angebot\/stuetzunterricht\/#breadcrumb","itemListElement":[{"@type":"ListItem","position":1,"name":"Startseite","item":"https:\/\/schulen-rapperswil.ch\/primarstufe\/"},{"@type":"ListItem","position":2,"name":"Angebot","item":"https:\/\/schulen-rapperswil.ch\/primarstufe\/angebot\/"},{"@type":"ListItem","position":3,"name":"St\u00fctzunterricht\u00a0\u00a0\u00a0\u00a0"}]},{"@type":"WebSite","@id":"https:\/\/schulen-rapperswil.ch\/primarstufe\/#website","url":"https:\/\/schulen-rapperswil.ch\/primarstufe\/","name":"Schulen Rapperswil","description":"Primarstufe","publisher":{"@id":"https:\/\/schulen-rapperswil.ch\/primarstufe\/#organization"},"potentialAction":[{"@type":"SearchAction","target":{"@type":"EntryPoint","urlTemplate":"https:\/\/schulen-rapperswil.ch\/primarstufe\/?s={search_term_string}"},"query-input":{"@type":"PropertyValueSpecification","valueRequired":true,"valueName":"search_term_string"}}],"inLanguage":"de"},{"@type":"Organization","@id":"https:\/\/schulen-rapperswil.ch\/primarstufe\/#organization","name":"Schulen Rapperswil Primarschule","url":"https:\/\/schulen-rapperswil.ch\/primarstufe\/","logo":{"@type":"ImageObject","inLanguage":"de","@id":"https:\/\/schulen-rapperswil.ch\/primarstufe\/#\/schema\/logo\/image\/","url":"https:\/\/schulen-rapperswil.ch\/primarstufe\/wp-content\/uploads\/2024\/02\/Schule-Rapperswil-BE-Primarschule-Logo-1.svg","contentUrl":"https:\/\/schulen-rapperswil.ch\/primarstufe\/wp-content\/uploads\/2024\/02\/Schule-Rapperswil-BE-Primarschule-Logo-1.svg","caption":"Schulen Rapperswil Primarschule"},"image":{"@id":"https:\/\/schulen-rapperswil.ch\/primarstufe\/#\/schema\/logo\/image\/"}}]}},"_links":{"self":[{"href":"https:\/\/schulen-rapperswil.ch\/primarstufe\/wp-json\/wp\/v2\/pages\/1188","targetHints":{"allow":["GET"]}}],"collection":[{"href":"https:\/\/schulen-rapperswil.ch\/primarstufe\/wp-json\/wp\/v2\/pages"}],"about":[{"href":"https:\/\/schulen-rapperswil.ch\/primarstufe\/wp-json\/wp\/v2\/types\/page"}],"author":[{"embeddable":true,"href":"https:\/\/schulen-rapperswil.ch\/primarstufe\/wp-json\/wp\/v2\/users\/1"}],"replies":[{"embeddable":true,"href":"https:\/\/schulen-rapperswil.ch\/primarstufe\/wp-json\/wp\/v2\/comments?post=1188"}],"version-history":[{"count":37,"href":"https:\/\/schulen-rapperswil.ch\/primarstufe\/wp-json\/wp\/v2\/pages\/1188\/revisions"}],"predecessor-version":[{"id":2444,"href":"https:\/\/schulen-rapperswil.ch\/primarstufe\/wp-json\/wp\/v2\/pages\/1188\/revisions\/2444"}],"up":[{"embeddable":true,"href":"https:\/\/schulen-rapperswil.ch\/primarstufe\/wp-json\/wp\/v2\/pages\/529"}],"wp:attachment":[{"href":"https:\/\/schulen-rapperswil.ch\/primarstufe\/wp-json\/wp\/v2\/media?parent=1188"}],"curies":[{"name":"wp","href":"https:\/\/api.w.org\/{rel}","templated":true}]}}