{"id":1190,"date":"2024-02-26T10:44:33","date_gmt":"2024-02-26T10:44:33","guid":{"rendered":"https:\/\/schulen-rapperswil.ch\/primarstufe\/?page_id=1190"},"modified":"2025-04-29T11:40:16","modified_gmt":"2025-04-29T11:40:16","slug":"mediathek","status":"publish","type":"page","link":"https:\/\/schulen-rapperswil.ch\/primarstufe\/angebot\/mediathek\/","title":{"rendered":"Mediathek\u00a0\u00a0\u00a0\u00a0"},"content":{"rendered":"\t\t<div data-elementor-type=\"wp-page\" data-elementor-id=\"1190\" class=\"elementor elementor-1190\" data-elementor-post-type=\"page\">\n\t\t\t\t<div class=\"elementor-element elementor-element-947216a e-flex e-con-boxed e-con e-parent\" data-id=\"947216a\" data-element_type=\"container\" data-e-type=\"container\" data-settings=\"{&quot;background_background&quot;:&quot;classic&quot;}\">\n\t\t\t\t\t<div class=\"e-con-inner\">\n\t\t\t\t<div class=\"elementor-element elementor-element-2381125 elementor-widget__width-auto elementor-widget elementor-widget-heading\" data-id=\"2381125\" data-element_type=\"widget\" data-e-type=\"widget\" data-widget_type=\"heading.default\">\n\t\t\t\t<div class=\"elementor-widget-container\">\n\t\t\t\t\t<h1 class=\"elementor-heading-title elementor-size-default\">Mediathek \/ Bibliothek Rapperswil<\/h1>\t\t\t\t<\/div>\n\t\t\t\t<\/div>\n\t\t\t\t<div class=\"elementor-element elementor-element-d8153d1 elementor-widget elementor-widget-heading\" data-id=\"d8153d1\" data-element_type=\"widget\" data-e-type=\"widget\" data-widget_type=\"heading.default\">\n\t\t\t\t<div class=\"elementor-widget-container\">\n\t\t\t\t\t<h3 class=\"elementor-heading-title elementor-size-default\">Bei uns findest du Romane, Sachb\u00fccher, Comics, Mangas, DVDs, CDs, Tonies\u00a0<\/h3>\t\t\t\t<\/div>\n\t\t\t\t<\/div>\n\t\t\t\t\t<\/div>\n\t\t\t\t<\/div>\n\t\t<div class=\"elementor-element elementor-element-4fc26f0 e-flex e-con-boxed e-con e-parent\" data-id=\"4fc26f0\" data-element_type=\"container\" data-e-type=\"container\" data-settings=\"{&quot;background_background&quot;:&quot;classic&quot;}\">\n\t\t\t\t\t<div class=\"e-con-inner\">\n\t\t<div class=\"elementor-element elementor-element-d765205 e-flex e-con-boxed e-con e-child\" data-id=\"d765205\" data-element_type=\"container\" data-e-type=\"container\">\n\t\t\t\t\t<div class=\"e-con-inner\">\n\t\t<div class=\"elementor-element elementor-element-dc9fed1 e-con-full e-flex e-con e-child\" data-id=\"dc9fed1\" data-element_type=\"container\" data-e-type=\"container\">\n\t\t\t\t<div class=\"elementor-element elementor-element-2d0bd78 elementor-widget elementor-widget-text-editor\" data-id=\"2d0bd78\" data-element_type=\"widget\" data-e-type=\"widget\" data-widget_type=\"text-editor.default\">\n\t\t\t\t<div class=\"elementor-widget-container\">\n\t\t\t\t\t\t\t\t\t<p>Die Mediathek Bibliothek Rapperswil ist bei uns im Schulhaus zug\u00e4nglich f\u00fcr alle Kinder. Die Kinder d\u00fcrfen mit den Eltern w\u00e4hrend den ordentlichen \u00d6ffnungszeiten die Bibliothek besuchen. Jede Klasse nutzt auch das Angebot der Bibliothek so, dass alle Kinder regelm\u00e4ssig den Zugang dazu erhalten. Wir arbeiten eng mit der Bibliothekarin zusammen und sind gl\u00fccklich, dass wir damit ein wertvolles Angebot f\u00fcr die Kinder nutzen d\u00fcrfen.\u00a0<\/p>\t\t\t\t\t\t\t\t<\/div>\n\t\t\t\t<\/div>\n\t\t\t\t<\/div>\n\t\t<div class=\"elementor-element elementor-element-6a1568d e-con-full e-flex e-con e-child\" data-id=\"6a1568d\" data-element_type=\"container\" data-e-type=\"container\">\n\t\t\t\t<div class=\"elementor-element elementor-element-7858fc5 elementor-widget elementor-widget-image\" data-id=\"7858fc5\" data-element_type=\"widget\" data-e-type=\"widget\" data-widget_type=\"image.default\">\n\t\t\t\t<div class=\"elementor-widget-container\">\n\t\t\t\t\t\t\t\t\t\t\t\t\t\t\t<img decoding=\"async\" width=\"1\" height=\"1\" src=\"https:\/\/schulen-rapperswil.ch\/primarstufe\/wp-content\/uploads\/2024\/02\/Schule-Rapperswil-BE-Primarschule-Rabe-Mediathek.svg\" class=\"attachment-large size-large wp-image-1275\" alt=\"\" \/>\t\t\t\t\t\t\t\t\t\t\t\t\t\t\t<\/div>\n\t\t\t\t<\/div>\n\t\t\t\t<\/div>\n\t\t\t\t\t<\/div>\n\t\t\t\t<\/div>\n\t\t\t\t\t<\/div>\n\t\t\t\t<\/div>\n\t\t<div class=\"elementor-element elementor-element-5507b2e e-flex e-con-boxed e-con e-parent\" data-id=\"5507b2e\" data-element_type=\"container\" data-e-type=\"container\" data-settings=\"{&quot;background_background&quot;:&quot;classic&quot;}\">\n\t\t\t\t\t<div class=\"e-con-inner\">\n\t\t<div class=\"elementor-element elementor-element-3561b30 e-con-full e-flex e-con e-child\" data-id=\"3561b30\" data-element_type=\"container\" data-e-type=\"container\" data-settings=\"{&quot;background_background&quot;:&quot;classic&quot;}\">\n\t\t\t\t<div class=\"elementor-element elementor-element-54530ec elementor-widget elementor-widget-heading\" data-id=\"54530ec\" data-element_type=\"widget\" data-e-type=\"widget\" data-widget_type=\"heading.default\">\n\t\t\t\t<div class=\"elementor-widget-container\">\n\t\t\t\t\t<h3 class=\"elementor-heading-title elementor-size-default\">Angebot<\/h3>\t\t\t\t<\/div>\n\t\t\t\t<\/div>\n\t\t\t\t<div class=\"elementor-element elementor-element-8bb7ede elementor-widget elementor-widget-text-editor\" data-id=\"8bb7ede\" data-element_type=\"widget\" data-e-type=\"widget\" data-widget_type=\"text-editor.default\">\n\t\t\t\t<div class=\"elementor-widget-container\">\n\t\t\t\t\t\t\t\t\t<p>Romane, Sachb\u00fccher, Comics, Mangas, DVDs, CDs, Tonies\u00a0<\/p>\t\t\t\t\t\t\t\t<\/div>\n\t\t\t\t<\/div>\n\t\t\t\t<\/div>\n\t\t<div class=\"elementor-element elementor-element-c25cdd5 e-con-full e-flex e-con e-child\" data-id=\"c25cdd5\" data-element_type=\"container\" data-e-type=\"container\" data-settings=\"{&quot;background_background&quot;:&quot;classic&quot;}\">\n\t\t\t\t<div class=\"elementor-element elementor-element-5d764dc elementor-widget elementor-widget-heading\" data-id=\"5d764dc\" data-element_type=\"widget\" data-e-type=\"widget\" data-widget_type=\"heading.default\">\n\t\t\t\t<div class=\"elementor-widget-container\">\n\t\t\t\t\t<h3 class=\"elementor-heading-title elementor-size-default\">Ausleihfrist<\/h3>\t\t\t\t<\/div>\n\t\t\t\t<\/div>\n\t\t\t\t<div class=\"elementor-element elementor-element-309e2a3 elementor-widget elementor-widget-text-editor\" data-id=\"309e2a3\" data-element_type=\"widget\" data-e-type=\"widget\" data-widget_type=\"text-editor.default\">\n\t\t\t\t<div class=\"elementor-widget-container\">\n\t\t\t\t\t\t\t\t\t<p>Alle Medien k\u00f6nnen mindestens vier Wochen ausgeliehen werden.\u00a0<\/p>\t\t\t\t\t\t\t\t<\/div>\n\t\t\t\t<\/div>\n\t\t\t\t<\/div>\n\t\t<div class=\"elementor-element elementor-element-dba5e16 e-con-full e-flex e-con e-child\" data-id=\"dba5e16\" data-element_type=\"container\" data-e-type=\"container\" data-settings=\"{&quot;background_background&quot;:&quot;classic&quot;}\">\n\t\t\t\t<div class=\"elementor-element elementor-element-94a0ed4 elementor-widget elementor-widget-heading\" data-id=\"94a0ed4\" data-element_type=\"widget\" data-e-type=\"widget\" data-widget_type=\"heading.default\">\n\t\t\t\t<div class=\"elementor-widget-container\">\n\t\t\t\t\t<h3 class=\"elementor-heading-title elementor-size-default\">Geb\u00fchren<\/h3>\t\t\t\t<\/div>\n\t\t\t\t<\/div>\n\t\t\t\t<div class=\"elementor-element elementor-element-505c73b elementor-widget elementor-widget-text-editor\" data-id=\"505c73b\" data-element_type=\"widget\" data-e-type=\"widget\" data-widget_type=\"text-editor.default\">\n\t\t\t\t<div class=\"elementor-widget-container\">\n\t\t\t\t\t\t\t\t\t<p>Geb\u00fchren werden j\u00e4hrlich f\u00fcr DVDs und Tonies sowie f\u00fcr allf\u00e4llige R\u00fcckrufe oder besch\u00e4digte Medien erhoben.<\/p>\t\t\t\t\t\t\t\t<\/div>\n\t\t\t\t<\/div>\n\t\t\t\t<\/div>\n\t\t\t\t\t<\/div>\n\t\t\t\t<\/div>\n\t\t<div class=\"elementor-element elementor-element-401bab0 e-flex e-con-boxed e-con e-parent\" data-id=\"401bab0\" data-element_type=\"container\" data-e-type=\"container\" data-settings=\"{&quot;background_background&quot;:&quot;classic&quot;}\">\n\t\t\t\t\t<div class=\"e-con-inner\">\n\t\t<div class=\"elementor-element elementor-element-023953c e-con-full e-flex e-con e-child\" data-id=\"023953c\" data-element_type=\"container\" data-e-type=\"container\">\n\t\t<div class=\"elementor-element elementor-element-9ed95c7 e-con-full e-flex e-con e-child\" data-id=\"9ed95c7\" data-element_type=\"container\" data-e-type=\"container\">\n\t\t\t\t<div class=\"elementor-element elementor-element-7518cc1 elementor-widget elementor-widget-heading\" data-id=\"7518cc1\" data-element_type=\"widget\" data-e-type=\"widget\" data-widget_type=\"heading.default\">\n\t\t\t\t<div class=\"elementor-widget-container\">\n\t\t\t\t\t<h3 class=\"elementor-heading-title elementor-size-default\">\u00d6ffnungszeiten<\/h3>\t\t\t\t<\/div>\n\t\t\t\t<\/div>\n\t\t\t\t<\/div>\n\t\t<div class=\"elementor-element elementor-element-98e6153 e-con-full e-flex e-con e-child\" data-id=\"98e6153\" data-element_type=\"container\" data-e-type=\"container\">\n\t\t\t\t<div class=\"elementor-element elementor-element-5605170 elementor-widget elementor-widget-text-editor\" data-id=\"5605170\" data-element_type=\"widget\" data-e-type=\"widget\" data-widget_type=\"text-editor.default\">\n\t\t\t\t<div class=\"elementor-widget-container\">\n\t\t\t\t\t\t\t\t\t<p>Dienstag und Donnerstag<\/p>\t\t\t\t\t\t\t\t<\/div>\n\t\t\t\t<\/div>\n\t\t\t\t<\/div>\n\t\t<div class=\"elementor-element elementor-element-1ccfae7 e-con-full e-flex e-con e-child\" data-id=\"1ccfae7\" data-element_type=\"container\" data-e-type=\"container\">\n\t\t\t\t<div class=\"elementor-element elementor-element-4b565db elementor-widget elementor-widget-text-editor\" data-id=\"4b565db\" data-element_type=\"widget\" data-e-type=\"widget\" data-widget_type=\"text-editor.default\">\n\t\t\t\t<div class=\"elementor-widget-container\">\n\t\t\t\t\t\t\t\t\t<p>9.00 Uhr \u2013 11.00 Uhr<\/p>\t\t\t\t\t\t\t\t<\/div>\n\t\t\t\t<\/div>\n\t\t\t\t<\/div>\n\t\t<div class=\"elementor-element elementor-element-d0a9f69 e-con-full e-flex e-con e-child\" data-id=\"d0a9f69\" data-element_type=\"container\" data-e-type=\"container\">\n\t\t\t\t<div class=\"elementor-element elementor-element-a36557e elementor-widget elementor-widget-text-editor\" data-id=\"a36557e\" data-element_type=\"widget\" data-e-type=\"widget\" data-widget_type=\"text-editor.default\">\n\t\t\t\t<div class=\"elementor-widget-container\">\n\t\t\t\t\t\t\t\t\t<p>Mittwoch\u00a0<\/p>\t\t\t\t\t\t\t\t<\/div>\n\t\t\t\t<\/div>\n\t\t\t\t<\/div>\n\t\t<div class=\"elementor-element elementor-element-8479103 e-con-full e-flex e-con e-child\" data-id=\"8479103\" data-element_type=\"container\" data-e-type=\"container\">\n\t\t\t\t<div class=\"elementor-element elementor-element-1674457 elementor-widget elementor-widget-text-editor\" data-id=\"1674457\" data-element_type=\"widget\" data-e-type=\"widget\" data-widget_type=\"text-editor.default\">\n\t\t\t\t<div class=\"elementor-widget-container\">\n\t\t\t\t\t\t\t\t\t<p>16.00 Uhr \u2013 20.00 Uhr<\/p>\t\t\t\t\t\t\t\t<\/div>\n\t\t\t\t<\/div>\n\t\t\t\t<\/div>\n\t\t<div class=\"elementor-element elementor-element-a3fa4d0 e-con-full e-flex e-con e-child\" data-id=\"a3fa4d0\" data-element_type=\"container\" data-e-type=\"container\">\n\t\t\t\t<div class=\"elementor-element elementor-element-49f370b elementor-widget elementor-widget-text-editor\" data-id=\"49f370b\" data-element_type=\"widget\" data-e-type=\"widget\" data-widget_type=\"text-editor.default\">\n\t\t\t\t<div class=\"elementor-widget-container\">\n\t\t\t\t\t\t\t\t\t<p>W\u00e4hrend den Schulferien bleibt die Mediathek geschlossen. In dieser Zeit werden keine R\u00fcckrufe versandt.&nbsp;<\/p>\t\t\t\t\t\t\t\t<\/div>\n\t\t\t\t<\/div>\n\t\t\t\t<\/div>\n\t\t\t\t<\/div>\n\t\t<div class=\"elementor-element elementor-element-4e999ad e-con-full e-flex e-con e-child\" data-id=\"4e999ad\" data-element_type=\"container\" data-e-type=\"container\">\n\t\t\t\t<div class=\"elementor-element elementor-element-6783011 elementor-widget elementor-widget-heading\" data-id=\"6783011\" data-element_type=\"widget\" data-e-type=\"widget\" data-widget_type=\"heading.default\">\n\t\t\t\t<div class=\"elementor-widget-container\">\n\t\t\t\t\t<h3 class=\"elementor-heading-title elementor-size-default\">Leitung<\/h3>\t\t\t\t<\/div>\n\t\t\t\t<\/div>\n\t\t\t\t<div class=\"elementor-element elementor-element-b394376 elementor-widget elementor-widget-text-editor\" data-id=\"b394376\" data-element_type=\"widget\" data-e-type=\"widget\" data-widget_type=\"text-editor.default\">\n\t\t\t\t<div class=\"elementor-widget-container\">\n\t\t\t\t\t\t\t\t\t<p>Anita Scherer<\/p><p>Telefon:<br \/><a href=\"tel:0318792898\" target=\"_blank\" rel=\"noopener\">031 879 28 98<\/a><br \/>(nur w\u00e4hrend den \u00d6ffnungszeiten bedient)<\/p><p>E-Mail:<br \/><a href=\"mailto:mediathek@schulen-rapperswil.ch \" target=\"_blank\" rel=\"noopener\">mediathek@schulen-rapperswil.ch <\/a><\/p><p>Internet:<br \/><a href=\"https:\/\/mediathek-rapperswil-be.ch \" target=\"_blank\" rel=\"noopener\">mediathek-rapperswil-be.ch <\/a><\/p>\t\t\t\t\t\t\t\t<\/div>\n\t\t\t\t<\/div>\n\t\t\t\t<\/div>\n\t\t\t\t\t<\/div>\n\t\t\t\t<\/div>\n\t\t\t\t<\/div>\n\t\t","protected":false},"excerpt":{"rendered":"<p>Mediathek \/ Bibliothek Rapperswil Bei uns findest du Romane, Sachb\u00fccher, Comics, Mangas, DVDs, CDs, Tonies\u00a0 Die Mediathek Bibliothek Rapperswil ist bei uns im Schulhaus zug\u00e4nglich f\u00fcr alle Kinder. Die Kinder d\u00fcrfen mit den Eltern w\u00e4hrend den ordentlichen \u00d6ffnungszeiten die Bibliothek besuchen. Jede Klasse nutzt auch das Angebot der Bibliothek so, dass alle Kinder regelm\u00e4ssig den [&hellip;]<\/p>\n","protected":false},"author":1,"featured_media":0,"parent":529,"menu_order":0,"comment_status":"closed","ping_status":"closed","template":"","meta":{"footnotes":""},"class_list":["post-1190","page","type-page","status-publish","hentry"],"yoast_head":"<!-- This site is optimized with the Yoast SEO plugin v27.4 - https:\/\/yoast.com\/product\/yoast-seo-wordpress\/ -->\n<title>Mediathek\u00a0\u00a0\u00a0\u00a0 - Schulen Rapperswil \u2013 Primarstufe<\/title>\n<meta name=\"robots\" content=\"index, follow, max-snippet:-1, max-image-preview:large, max-video-preview:-1\" \/>\n<link rel=\"canonical\" href=\"https:\/\/schulen-rapperswil.ch\/primarstufe\/angebot\/mediathek\/\" \/>\n<meta property=\"og:locale\" content=\"de_DE\" \/>\n<meta property=\"og:type\" content=\"article\" \/>\n<meta property=\"og:title\" content=\"Mediathek\u00a0\u00a0\u00a0\u00a0 - Schulen Rapperswil \u2013 Primarstufe\" \/>\n<meta property=\"og:description\" content=\"Mediathek \/ Bibliothek Rapperswil Bei uns findest du Romane, Sachb\u00fccher, Comics, Mangas, DVDs, CDs, Tonies\u00a0 Die Mediathek Bibliothek Rapperswil ist bei uns im Schulhaus zug\u00e4nglich f\u00fcr alle Kinder. Die Kinder d\u00fcrfen mit den Eltern w\u00e4hrend den ordentlichen \u00d6ffnungszeiten die Bibliothek besuchen. Jede Klasse nutzt auch das Angebot der Bibliothek so, dass alle Kinder regelm\u00e4ssig den [&hellip;]\" \/>\n<meta property=\"og:url\" content=\"https:\/\/schulen-rapperswil.ch\/primarstufe\/angebot\/mediathek\/\" \/>\n<meta property=\"og:site_name\" content=\"Schulen Rapperswil \u2013 Primarstufe\" \/>\n<meta property=\"article:modified_time\" content=\"2025-04-29T11:40:16+00:00\" \/>\n<meta name=\"twitter:card\" content=\"summary_large_image\" \/>\n<meta name=\"twitter:label1\" content=\"Gesch\u00e4tzte Lesezeit\" \/>\n\t<meta name=\"twitter:data1\" content=\"2\u00a0Minuten\" \/>\n<script type=\"application\/ld+json\" class=\"yoast-schema-graph\">{\"@context\":\"https:\\\/\\\/schema.org\",\"@graph\":[{\"@type\":\"WebPage\",\"@id\":\"https:\\\/\\\/schulen-rapperswil.ch\\\/primarstufe\\\/angebot\\\/mediathek\\\/\",\"url\":\"https:\\\/\\\/schulen-rapperswil.ch\\\/primarstufe\\\/angebot\\\/mediathek\\\/\",\"name\":\"Mediathek\u00a0\u00a0\u00a0\u00a0 - Schulen Rapperswil \u2013 Primarstufe\",\"isPartOf\":{\"@id\":\"https:\\\/\\\/schulen-rapperswil.ch\\\/primarstufe\\\/#website\"},\"primaryImageOfPage\":{\"@id\":\"https:\\\/\\\/schulen-rapperswil.ch\\\/primarstufe\\\/angebot\\\/mediathek\\\/#primaryimage\"},\"image\":{\"@id\":\"https:\\\/\\\/schulen-rapperswil.ch\\\/primarstufe\\\/angebot\\\/mediathek\\\/#primaryimage\"},\"thumbnailUrl\":\"https:\\\/\\\/schulen-rapperswil.ch\\\/primarstufe\\\/wp-content\\\/uploads\\\/2024\\\/02\\\/Schule-Rapperswil-BE-Primarschule-Rabe-Mediathek.svg\",\"datePublished\":\"2024-02-26T10:44:33+00:00\",\"dateModified\":\"2025-04-29T11:40:16+00:00\",\"breadcrumb\":{\"@id\":\"https:\\\/\\\/schulen-rapperswil.ch\\\/primarstufe\\\/angebot\\\/mediathek\\\/#breadcrumb\"},\"inLanguage\":\"de\",\"potentialAction\":[{\"@type\":\"ReadAction\",\"target\":[\"https:\\\/\\\/schulen-rapperswil.ch\\\/primarstufe\\\/angebot\\\/mediathek\\\/\"]}]},{\"@type\":\"ImageObject\",\"inLanguage\":\"de\",\"@id\":\"https:\\\/\\\/schulen-rapperswil.ch\\\/primarstufe\\\/angebot\\\/mediathek\\\/#primaryimage\",\"url\":\"https:\\\/\\\/schulen-rapperswil.ch\\\/primarstufe\\\/wp-content\\\/uploads\\\/2024\\\/02\\\/Schule-Rapperswil-BE-Primarschule-Rabe-Mediathek.svg\",\"contentUrl\":\"https:\\\/\\\/schulen-rapperswil.ch\\\/primarstufe\\\/wp-content\\\/uploads\\\/2024\\\/02\\\/Schule-Rapperswil-BE-Primarschule-Rabe-Mediathek.svg\"},{\"@type\":\"BreadcrumbList\",\"@id\":\"https:\\\/\\\/schulen-rapperswil.ch\\\/primarstufe\\\/angebot\\\/mediathek\\\/#breadcrumb\",\"itemListElement\":[{\"@type\":\"ListItem\",\"position\":1,\"name\":\"Startseite\",\"item\":\"https:\\\/\\\/schulen-rapperswil.ch\\\/primarstufe\\\/\"},{\"@type\":\"ListItem\",\"position\":2,\"name\":\"Angebot\",\"item\":\"https:\\\/\\\/schulen-rapperswil.ch\\\/primarstufe\\\/angebot\\\/\"},{\"@type\":\"ListItem\",\"position\":3,\"name\":\"Mediathek\u00a0\u00a0\u00a0\u00a0\"}]},{\"@type\":\"WebSite\",\"@id\":\"https:\\\/\\\/schulen-rapperswil.ch\\\/primarstufe\\\/#website\",\"url\":\"https:\\\/\\\/schulen-rapperswil.ch\\\/primarstufe\\\/\",\"name\":\"Schulen Rapperswil\",\"description\":\"Primarstufe\",\"publisher\":{\"@id\":\"https:\\\/\\\/schulen-rapperswil.ch\\\/primarstufe\\\/#organization\"},\"potentialAction\":[{\"@type\":\"SearchAction\",\"target\":{\"@type\":\"EntryPoint\",\"urlTemplate\":\"https:\\\/\\\/schulen-rapperswil.ch\\\/primarstufe\\\/?s={search_term_string}\"},\"query-input\":{\"@type\":\"PropertyValueSpecification\",\"valueRequired\":true,\"valueName\":\"search_term_string\"}}],\"inLanguage\":\"de\"},{\"@type\":\"Organization\",\"@id\":\"https:\\\/\\\/schulen-rapperswil.ch\\\/primarstufe\\\/#organization\",\"name\":\"Schulen Rapperswil Primarschule\",\"url\":\"https:\\\/\\\/schulen-rapperswil.ch\\\/primarstufe\\\/\",\"logo\":{\"@type\":\"ImageObject\",\"inLanguage\":\"de\",\"@id\":\"https:\\\/\\\/schulen-rapperswil.ch\\\/primarstufe\\\/#\\\/schema\\\/logo\\\/image\\\/\",\"url\":\"https:\\\/\\\/schulen-rapperswil.ch\\\/primarstufe\\\/wp-content\\\/uploads\\\/2024\\\/02\\\/Schule-Rapperswil-BE-Primarschule-Logo-1.svg\",\"contentUrl\":\"https:\\\/\\\/schulen-rapperswil.ch\\\/primarstufe\\\/wp-content\\\/uploads\\\/2024\\\/02\\\/Schule-Rapperswil-BE-Primarschule-Logo-1.svg\",\"caption\":\"Schulen Rapperswil Primarschule\"},\"image\":{\"@id\":\"https:\\\/\\\/schulen-rapperswil.ch\\\/primarstufe\\\/#\\\/schema\\\/logo\\\/image\\\/\"}}]}<\/script>\n<!-- \/ Yoast SEO plugin. -->","yoast_head_json":{"title":"Mediathek\u00a0\u00a0\u00a0\u00a0 - Schulen Rapperswil \u2013 Primarstufe","robots":{"index":"index","follow":"follow","max-snippet":"max-snippet:-1","max-image-preview":"max-image-preview:large","max-video-preview":"max-video-preview:-1"},"canonical":"https:\/\/schulen-rapperswil.ch\/primarstufe\/angebot\/mediathek\/","og_locale":"de_DE","og_type":"article","og_title":"Mediathek\u00a0\u00a0\u00a0\u00a0 - Schulen Rapperswil \u2013 Primarstufe","og_description":"Mediathek \/ Bibliothek Rapperswil Bei uns findest du Romane, Sachb\u00fccher, Comics, Mangas, DVDs, CDs, Tonies\u00a0 Die Mediathek Bibliothek Rapperswil ist bei uns im Schulhaus zug\u00e4nglich f\u00fcr alle Kinder. Die Kinder d\u00fcrfen mit den Eltern w\u00e4hrend den ordentlichen \u00d6ffnungszeiten die Bibliothek besuchen. Jede Klasse nutzt auch das Angebot der Bibliothek so, dass alle Kinder regelm\u00e4ssig den [&hellip;]","og_url":"https:\/\/schulen-rapperswil.ch\/primarstufe\/angebot\/mediathek\/","og_site_name":"Schulen Rapperswil \u2013 Primarstufe","article_modified_time":"2025-04-29T11:40:16+00:00","twitter_card":"summary_large_image","twitter_misc":{"Gesch\u00e4tzte Lesezeit":"2\u00a0Minuten"},"schema":{"@context":"https:\/\/schema.org","@graph":[{"@type":"WebPage","@id":"https:\/\/schulen-rapperswil.ch\/primarstufe\/angebot\/mediathek\/","url":"https:\/\/schulen-rapperswil.ch\/primarstufe\/angebot\/mediathek\/","name":"Mediathek\u00a0\u00a0\u00a0\u00a0 - Schulen Rapperswil \u2013 Primarstufe","isPartOf":{"@id":"https:\/\/schulen-rapperswil.ch\/primarstufe\/#website"},"primaryImageOfPage":{"@id":"https:\/\/schulen-rapperswil.ch\/primarstufe\/angebot\/mediathek\/#primaryimage"},"image":{"@id":"https:\/\/schulen-rapperswil.ch\/primarstufe\/angebot\/mediathek\/#primaryimage"},"thumbnailUrl":"https:\/\/schulen-rapperswil.ch\/primarstufe\/wp-content\/uploads\/2024\/02\/Schule-Rapperswil-BE-Primarschule-Rabe-Mediathek.svg","datePublished":"2024-02-26T10:44:33+00:00","dateModified":"2025-04-29T11:40:16+00:00","breadcrumb":{"@id":"https:\/\/schulen-rapperswil.ch\/primarstufe\/angebot\/mediathek\/#breadcrumb"},"inLanguage":"de","potentialAction":[{"@type":"ReadAction","target":["https:\/\/schulen-rapperswil.ch\/primarstufe\/angebot\/mediathek\/"]}]},{"@type":"ImageObject","inLanguage":"de","@id":"https:\/\/schulen-rapperswil.ch\/primarstufe\/angebot\/mediathek\/#primaryimage","url":"https:\/\/schulen-rapperswil.ch\/primarstufe\/wp-content\/uploads\/2024\/02\/Schule-Rapperswil-BE-Primarschule-Rabe-Mediathek.svg","contentUrl":"https:\/\/schulen-rapperswil.ch\/primarstufe\/wp-content\/uploads\/2024\/02\/Schule-Rapperswil-BE-Primarschule-Rabe-Mediathek.svg"},{"@type":"BreadcrumbList","@id":"https:\/\/schulen-rapperswil.ch\/primarstufe\/angebot\/mediathek\/#breadcrumb","itemListElement":[{"@type":"ListItem","position":1,"name":"Startseite","item":"https:\/\/schulen-rapperswil.ch\/primarstufe\/"},{"@type":"ListItem","position":2,"name":"Angebot","item":"https:\/\/schulen-rapperswil.ch\/primarstufe\/angebot\/"},{"@type":"ListItem","position":3,"name":"Mediathek\u00a0\u00a0\u00a0\u00a0"}]},{"@type":"WebSite","@id":"https:\/\/schulen-rapperswil.ch\/primarstufe\/#website","url":"https:\/\/schulen-rapperswil.ch\/primarstufe\/","name":"Schulen Rapperswil","description":"Primarstufe","publisher":{"@id":"https:\/\/schulen-rapperswil.ch\/primarstufe\/#organization"},"potentialAction":[{"@type":"SearchAction","target":{"@type":"EntryPoint","urlTemplate":"https:\/\/schulen-rapperswil.ch\/primarstufe\/?s={search_term_string}"},"query-input":{"@type":"PropertyValueSpecification","valueRequired":true,"valueName":"search_term_string"}}],"inLanguage":"de"},{"@type":"Organization","@id":"https:\/\/schulen-rapperswil.ch\/primarstufe\/#organization","name":"Schulen Rapperswil Primarschule","url":"https:\/\/schulen-rapperswil.ch\/primarstufe\/","logo":{"@type":"ImageObject","inLanguage":"de","@id":"https:\/\/schulen-rapperswil.ch\/primarstufe\/#\/schema\/logo\/image\/","url":"https:\/\/schulen-rapperswil.ch\/primarstufe\/wp-content\/uploads\/2024\/02\/Schule-Rapperswil-BE-Primarschule-Logo-1.svg","contentUrl":"https:\/\/schulen-rapperswil.ch\/primarstufe\/wp-content\/uploads\/2024\/02\/Schule-Rapperswil-BE-Primarschule-Logo-1.svg","caption":"Schulen Rapperswil Primarschule"},"image":{"@id":"https:\/\/schulen-rapperswil.ch\/primarstufe\/#\/schema\/logo\/image\/"}}]}},"_links":{"self":[{"href":"https:\/\/schulen-rapperswil.ch\/primarstufe\/wp-json\/wp\/v2\/pages\/1190","targetHints":{"allow":["GET"]}}],"collection":[{"href":"https:\/\/schulen-rapperswil.ch\/primarstufe\/wp-json\/wp\/v2\/pages"}],"about":[{"href":"https:\/\/schulen-rapperswil.ch\/primarstufe\/wp-json\/wp\/v2\/types\/page"}],"author":[{"embeddable":true,"href":"https:\/\/schulen-rapperswil.ch\/primarstufe\/wp-json\/wp\/v2\/users\/1"}],"replies":[{"embeddable":true,"href":"https:\/\/schulen-rapperswil.ch\/primarstufe\/wp-json\/wp\/v2\/comments?post=1190"}],"version-history":[{"count":67,"href":"https:\/\/schulen-rapperswil.ch\/primarstufe\/wp-json\/wp\/v2\/pages\/1190\/revisions"}],"predecessor-version":[{"id":3787,"href":"https:\/\/schulen-rapperswil.ch\/primarstufe\/wp-json\/wp\/v2\/pages\/1190\/revisions\/3787"}],"up":[{"embeddable":true,"href":"https:\/\/schulen-rapperswil.ch\/primarstufe\/wp-json\/wp\/v2\/pages\/529"}],"wp:attachment":[{"href":"https:\/\/schulen-rapperswil.ch\/primarstufe\/wp-json\/wp\/v2\/media?parent=1190"}],"curies":[{"name":"wp","href":"https:\/\/api.w.org\/{rel}","templated":true}]}}