{"id":887,"date":"2024-02-23T11:57:34","date_gmt":"2024-02-23T11:57:34","guid":{"rendered":"https:\/\/schulen-rapperswil.ch\/primarstufe\/?page_id=887"},"modified":"2024-03-22T09:33:10","modified_gmt":"2024-03-22T09:33:10","slug":"integrative-schule","status":"publish","type":"page","link":"https:\/\/schulen-rapperswil.ch\/primarstufe\/portrait\/integrative-schule\/","title":{"rendered":"Integrative Schule\u00a0\u00a0"},"content":{"rendered":"\t\t<div data-elementor-type=\"wp-page\" data-elementor-id=\"887\" class=\"elementor elementor-887\" data-elementor-post-type=\"page\">\n\t\t\t\t<div class=\"elementor-element elementor-element-947216a e-flex e-con-boxed e-con e-parent\" data-id=\"947216a\" data-element_type=\"container\" data-e-type=\"container\" data-settings=\"{&quot;background_background&quot;:&quot;classic&quot;}\">\n\t\t\t\t\t<div class=\"e-con-inner\">\n\t\t\t\t<div class=\"elementor-element elementor-element-2381125 elementor-widget__width-auto elementor-widget elementor-widget-heading\" data-id=\"2381125\" data-element_type=\"widget\" data-e-type=\"widget\" data-widget_type=\"heading.default\">\n\t\t\t\t<div class=\"elementor-widget-container\">\n\t\t\t\t\t<h1 class=\"elementor-heading-title elementor-size-default\">Integrative Schule<\/h1>\t\t\t\t<\/div>\n\t\t\t\t<\/div>\n\t\t\t\t<div class=\"elementor-element elementor-element-d8153d1 elementor-widget elementor-widget-heading\" data-id=\"d8153d1\" data-element_type=\"widget\" data-e-type=\"widget\" data-widget_type=\"heading.default\">\n\t\t\t\t<div class=\"elementor-widget-container\">\n\t\t\t\t\t<h3 class=\"elementor-heading-title elementor-size-default\">\u00abWir sind alle verschieden, und das ist gut so, denn wir sind alle einzigartig. Ohne Vielfalt w\u00e4re das Leben sehr langweilig\u00bb<\/h3>\t\t\t\t<\/div>\n\t\t\t\t<\/div>\n\t\t\t\t<div class=\"elementor-element elementor-element-b90fd5b elementor-widget elementor-widget-heading\" data-id=\"b90fd5b\" data-element_type=\"widget\" data-e-type=\"widget\" data-widget_type=\"heading.default\">\n\t\t\t\t<div class=\"elementor-widget-container\">\n\t\t\t\t\t<h6 class=\"elementor-heading-title elementor-size-default\">Catherine Pulsifer<\/h6>\t\t\t\t<\/div>\n\t\t\t\t<\/div>\n\t\t\t\t\t<\/div>\n\t\t\t\t<\/div>\n\t\t<div class=\"elementor-element elementor-element-4fc26f0 e-flex e-con-boxed e-con e-parent\" data-id=\"4fc26f0\" data-element_type=\"container\" data-e-type=\"container\" data-settings=\"{&quot;background_background&quot;:&quot;classic&quot;}\">\n\t\t\t\t\t<div class=\"e-con-inner\">\n\t\t<div class=\"elementor-element elementor-element-d765205 e-flex e-con-boxed e-con e-child\" data-id=\"d765205\" data-element_type=\"container\" data-e-type=\"container\">\n\t\t\t\t\t<div class=\"e-con-inner\">\n\t\t<div class=\"elementor-element elementor-element-dc9fed1 e-con-full e-flex e-con e-child\" data-id=\"dc9fed1\" data-element_type=\"container\" data-e-type=\"container\">\n\t\t\t\t<div class=\"elementor-element elementor-element-2d0bd78 elementor-widget elementor-widget-text-editor\" data-id=\"2d0bd78\" data-element_type=\"widget\" data-e-type=\"widget\" data-widget_type=\"text-editor.default\">\n\t\t\t\t<div class=\"elementor-widget-container\">\n\t\t\t\t\t\t\t\t\t<p>An unserer Primarschule werden rund 220 Kinder beschult. Wir sind eine Schule f\u00fcr alle. Daher werden in unseren jahrgangsdurchmischten Klassen die Kinder gemeinsam unterrichtet, das gilt auch f\u00fcr Sch\u00fcler*innen mit einer Lernbeeintr\u00e4chtigung, einer besonderen Begabung oder Fremdsprachigkeit. Es ist uns wichtig, die Vielfalt der Kinder zu ber\u00fccksichtigen, ihre St\u00e4rken zu f\u00f6rdern und ein individuelles und selbstgesteuertes Lernen zu erm\u00f6glichen. Um die Kinder bestm\u00f6glich auf ihrem Weg zu begleiten, sind wir auf eine gute Zusammenarbeit mit den Eltern angewiesen.<\/p><p>\u00a0<\/p><p>Die Grundlage f\u00fcr eine \u00abSchule f\u00fcr alle\u00bb ist der integrative Unterricht. Integrativ heisst einschliessend. Unsere Schule ist bem\u00fcht alle einzuschliessen und damit das gelingt, erhalten die Sch\u00fcler*innen zus\u00e4tzliche Unterst\u00fctzung.<\/p>\t\t\t\t\t\t\t\t<\/div>\n\t\t\t\t<\/div>\n\t\t\t\t<\/div>\n\t\t<div class=\"elementor-element elementor-element-6a1568d e-con-full e-flex e-con e-child\" data-id=\"6a1568d\" data-element_type=\"container\" data-e-type=\"container\">\n\t\t\t\t<div class=\"elementor-element elementor-element-7858fc5 elementor-widget elementor-widget-image\" data-id=\"7858fc5\" data-element_type=\"widget\" data-e-type=\"widget\" data-widget_type=\"image.default\">\n\t\t\t\t<div class=\"elementor-widget-container\">\n\t\t\t\t\t\t\t\t\t\t\t\t\t\t\t<img decoding=\"async\" width=\"1\" height=\"1\" src=\"https:\/\/schulen-rapperswil.ch\/primarstufe\/wp-content\/uploads\/2024\/02\/Schule-Rapperswil-BE-Primarschule-Rabe-Integrative-Schule-03.svg\" class=\"attachment-large size-large wp-image-1277\" alt=\"\" \/>\t\t\t\t\t\t\t\t\t\t\t\t\t\t\t<\/div>\n\t\t\t\t<\/div>\n\t\t\t\t<\/div>\n\t\t\t\t\t<\/div>\n\t\t\t\t<\/div>\n\t\t<div class=\"elementor-element elementor-element-a7a614e e-con-full e-flex e-con e-child\" data-id=\"a7a614e\" data-element_type=\"container\" data-e-type=\"container\">\n\t\t\t\t<div class=\"elementor-element elementor-element-ca14fe1 elementor-widget elementor-widget-heading\" data-id=\"ca14fe1\" data-element_type=\"widget\" data-e-type=\"widget\" data-widget_type=\"heading.default\">\n\t\t\t\t<div class=\"elementor-widget-container\">\n\t\t\t\t\t<h2 class=\"elementor-heading-title elementor-size-default\">MR (Massnahmen Regelschule)<\/h2>\t\t\t\t<\/div>\n\t\t\t\t<\/div>\n\t\t\t\t<\/div>\n\t\t<div class=\"elementor-element elementor-element-737ec64 e-con-full e-flex e-con e-child\" data-id=\"737ec64\" data-element_type=\"container\" data-e-type=\"container\">\n\t\t\t\t<div class=\"elementor-element elementor-element-a19d803 elementor-widget elementor-widget-heading\" data-id=\"a19d803\" data-element_type=\"widget\" data-e-type=\"widget\" data-widget_type=\"heading.default\">\n\t\t\t\t<div class=\"elementor-widget-container\">\n\t\t\t\t\t<h3 class=\"elementor-heading-title elementor-size-default\">IF (integrative F\u00f6rderung)<\/h3>\t\t\t\t<\/div>\n\t\t\t\t<\/div>\n\t\t\t\t<div class=\"elementor-element elementor-element-dd55ca2 elementor-widget elementor-widget-text-editor\" data-id=\"dd55ca2\" data-element_type=\"widget\" data-e-type=\"widget\" data-widget_type=\"text-editor.default\">\n\t\t\t\t<div class=\"elementor-widget-container\">\n\t\t\t\t\t\t\t\t\t<p>Heilp\u00e4dagoginnen erfassen und begleiten Kinder und Jugendliche mit gr\u00f6sseren Lern- und\/oder Verhaltensschwierigkeiten. Sie unterrichten in verschiedenen Settings je nach Bedarf im Klassenunterricht, in Kleingruppen, im Teamteaching oder im Einzelunterricht.<\/p><p>Es ist auch m\u00f6glich, dass die Heilp\u00e4dagogin mit der ganzen Klasse arbeitet.\u00a0<\/p>\t\t\t\t\t\t\t\t<\/div>\n\t\t\t\t<\/div>\n\t\t\t\t<\/div>\n\t\t<div class=\"elementor-element elementor-element-97027ad e-con-full e-flex e-con e-child\" data-id=\"97027ad\" data-element_type=\"container\" data-e-type=\"container\">\n\t\t\t\t<div class=\"elementor-element elementor-element-b761407 elementor-widget elementor-widget-heading\" data-id=\"b761407\" data-element_type=\"widget\" data-e-type=\"widget\" data-widget_type=\"heading.default\">\n\t\t\t\t<div class=\"elementor-widget-container\">\n\t\t\t\t\t<h3 class=\"elementor-heading-title elementor-size-default\">DaZ (Deutsch als Zweitsprache)<\/h3>\t\t\t\t<\/div>\n\t\t\t\t<\/div>\n\t\t\t\t<div class=\"elementor-element elementor-element-f3fcf3d elementor-widget elementor-widget-text-editor\" data-id=\"f3fcf3d\" data-element_type=\"widget\" data-e-type=\"widget\" data-widget_type=\"text-editor.default\">\n\t\t\t\t<div class=\"elementor-widget-container\">\n\t\t\t\t\t\t\t\t\t<p>Kinder, die kein oder kaum Deutsch sprechen, setzen sich in Kleingruppen intensiv mit der deutschen Sprache auseinander. Sie werden gef\u00f6rdert, bis sie dem Unterricht in deutscher Sprache folgen k\u00f6nnen.\u00a0<\/p>\t\t\t\t\t\t\t\t<\/div>\n\t\t\t\t<\/div>\n\t\t\t\t<\/div>\n\t\t<div class=\"elementor-element elementor-element-576cddf e-con-full e-flex e-con e-child\" data-id=\"576cddf\" data-element_type=\"container\" data-e-type=\"container\">\n\t\t\t\t<div class=\"elementor-element elementor-element-beb1447 elementor-widget elementor-widget-heading\" data-id=\"beb1447\" data-element_type=\"widget\" data-e-type=\"widget\" data-widget_type=\"heading.default\">\n\t\t\t\t<div class=\"elementor-widget-container\">\n\t\t\t\t\t<h3 class=\"elementor-heading-title elementor-size-default\">Logop\u00e4die<\/h3>\t\t\t\t<\/div>\n\t\t\t\t<\/div>\n\t\t\t\t<div class=\"elementor-element elementor-element-787349f elementor-widget elementor-widget-text-editor\" data-id=\"787349f\" data-element_type=\"widget\" data-e-type=\"widget\" data-widget_type=\"text-editor.default\">\n\t\t\t\t<div class=\"elementor-widget-container\">\n\t\t\t\t\t\t\t\t\t<p>Logop\u00e4dinnen sind f\u00fcr die Abkl\u00e4rung, Beratung und F\u00f6rderung von Kindern mit Schwierigkeiten in der gesprochenen und der geschriebenen Sprache sowie der Stimme zust\u00e4ndig.\u00a0<\/p>\t\t\t\t\t\t\t\t<\/div>\n\t\t\t\t<\/div>\n\t\t\t\t<\/div>\n\t\t<div class=\"elementor-element elementor-element-95be40e e-con-full e-flex e-con e-child\" data-id=\"95be40e\" data-element_type=\"container\" data-e-type=\"container\">\n\t\t\t\t<div class=\"elementor-element elementor-element-b04ebf0 elementor-widget elementor-widget-heading\" data-id=\"b04ebf0\" data-element_type=\"widget\" data-e-type=\"widget\" data-widget_type=\"heading.default\">\n\t\t\t\t<div class=\"elementor-widget-container\">\n\t\t\t\t\t<h3 class=\"elementor-heading-title elementor-size-default\">Psychomotorik<\/h3>\t\t\t\t<\/div>\n\t\t\t\t<\/div>\n\t\t\t\t<div class=\"elementor-element elementor-element-e1d5317 elementor-widget elementor-widget-text-editor\" data-id=\"e1d5317\" data-element_type=\"widget\" data-e-type=\"widget\" data-widget_type=\"text-editor.default\">\n\t\t\t\t<div class=\"elementor-widget-container\">\n\t\t\t\t\t\t\t\t\t<p>Die Psychomotorik befasst sich mit der Abkl\u00e4rung und Behandlung von Schwierigkeiten in der Wahrnehmung und Motorik. Sie st\u00e4rkt das Selbstwertgef\u00fchl und die Pers\u00f6nlichkeit. Die Therapie findet in Lyss statt.\u00a0<\/p>\t\t\t\t\t\t\t\t<\/div>\n\t\t\t\t<\/div>\n\t\t\t\t<\/div>\n\t\t<div class=\"elementor-element elementor-element-26cf2f2 e-con-full e-flex e-con e-child\" data-id=\"26cf2f2\" data-element_type=\"container\" data-e-type=\"container\">\n\t\t\t\t<div class=\"elementor-element elementor-element-630fbdf elementor-widget elementor-widget-heading\" data-id=\"630fbdf\" data-element_type=\"widget\" data-e-type=\"widget\" data-widget_type=\"heading.default\">\n\t\t\t\t<div class=\"elementor-widget-container\">\n\t\t\t\t\t<h3 class=\"elementor-heading-title elementor-size-default\">BF (begabten F\u00f6rderung)<\/h3>\t\t\t\t<\/div>\n\t\t\t\t<\/div>\n\t\t\t\t<div class=\"elementor-element elementor-element-2666174 elementor-widget elementor-widget-text-editor\" data-id=\"2666174\" data-element_type=\"widget\" data-e-type=\"widget\" data-widget_type=\"text-editor.default\">\n\t\t\t\t<div class=\"elementor-widget-container\">\n\t\t\t\t\t\t\t\t\t<p>Besonders begabte Kinder mit einem abgekl\u00e4rten IQ von 130 d\u00fcrfen einmal pro Woche das Angebot in Sch\u00fcpfen besuchen, wo sie nach ihren Interessen gef\u00f6rdert und gefordert werden.\u00a0<\/p>\t\t\t\t\t\t\t\t<\/div>\n\t\t\t\t<\/div>\n\t\t\t\t<\/div>\n\t\t<div class=\"elementor-element elementor-element-1b8ab52 e-con-full e-flex e-con e-child\" data-id=\"1b8ab52\" data-element_type=\"container\" data-e-type=\"container\">\n\t\t\t\t<div class=\"elementor-element elementor-element-7a8936b elementor-widget elementor-widget-heading\" data-id=\"7a8936b\" data-element_type=\"widget\" data-e-type=\"widget\" data-widget_type=\"heading.default\">\n\t\t\t\t<div class=\"elementor-widget-container\">\n\t\t\t\t\t<h3 class=\"elementor-heading-title elementor-size-default\">Verst\u00e4rkte sonderp\u00e4dagogische Massnahmen\n\nbVSA (besonderes Volksschulangebot)<\/h3>\t\t\t\t<\/div>\n\t\t\t\t<\/div>\n\t\t\t\t<div class=\"elementor-element elementor-element-d002186 elementor-widget elementor-widget-text-editor\" data-id=\"d002186\" data-element_type=\"widget\" data-e-type=\"widget\" data-widget_type=\"text-editor.default\">\n\t\t\t\t<div class=\"elementor-widget-container\">\n\t\t\t\t\t\t\t\t\t<p>Sch\u00fcler*innen mit verst\u00e4rktem Unterst\u00fctzungsbedarf werden nach M\u00f6glichkeit in der Regelschule integriert und durch eine Heilp\u00e4dagogin unterst\u00fctzt. Sie werden im integrativen besonderen Volksschulangebot beschult.\u00a0<\/p>\t\t\t\t\t\t\t\t<\/div>\n\t\t\t\t<\/div>\n\t\t\t\t<\/div>\n\t\t\t\t\t<\/div>\n\t\t\t\t<\/div>\n\t\t\t\t<\/div>\n\t\t","protected":false},"excerpt":{"rendered":"<p>Integrative Schule \u00abWir sind alle verschieden, und das ist gut so, denn wir sind alle einzigartig. Ohne Vielfalt w\u00e4re das Leben sehr langweilig\u00bb Catherine Pulsifer An unserer Primarschule werden rund 220 Kinder beschult. Wir sind eine Schule f\u00fcr alle. Daher werden in unseren jahrgangsdurchmischten Klassen die Kinder gemeinsam unterrichtet, das gilt auch f\u00fcr Sch\u00fcler*innen mit [&hellip;]<\/p>\n","protected":false},"author":1,"featured_media":0,"parent":547,"menu_order":0,"comment_status":"closed","ping_status":"closed","template":"","meta":{"footnotes":""},"class_list":["post-887","page","type-page","status-publish","hentry"],"yoast_head":"<!-- This site is optimized with the Yoast SEO plugin v27.4 - https:\/\/yoast.com\/product\/yoast-seo-wordpress\/ -->\n<title>Integrative Schule\u00a0\u00a0 - Schulen Rapperswil \u2013 Primarstufe<\/title>\n<meta name=\"robots\" content=\"index, follow, max-snippet:-1, max-image-preview:large, max-video-preview:-1\" \/>\n<link rel=\"canonical\" href=\"https:\/\/schulen-rapperswil.ch\/primarstufe\/portrait\/integrative-schule\/\" \/>\n<meta property=\"og:locale\" content=\"de_DE\" \/>\n<meta property=\"og:type\" content=\"article\" \/>\n<meta property=\"og:title\" content=\"Integrative Schule\u00a0\u00a0 - Schulen Rapperswil \u2013 Primarstufe\" \/>\n<meta property=\"og:description\" content=\"Integrative Schule \u00abWir sind alle verschieden, und das ist gut so, denn wir sind alle einzigartig. Ohne Vielfalt w\u00e4re das Leben sehr langweilig\u00bb Catherine Pulsifer An unserer Primarschule werden rund 220 Kinder beschult. Wir sind eine Schule f\u00fcr alle. Daher werden in unseren jahrgangsdurchmischten Klassen die Kinder gemeinsam unterrichtet, das gilt auch f\u00fcr Sch\u00fcler*innen mit [&hellip;]\" \/>\n<meta property=\"og:url\" content=\"https:\/\/schulen-rapperswil.ch\/primarstufe\/portrait\/integrative-schule\/\" \/>\n<meta property=\"og:site_name\" content=\"Schulen Rapperswil \u2013 Primarstufe\" \/>\n<meta property=\"article:modified_time\" content=\"2024-03-22T09:33:10+00:00\" \/>\n<meta property=\"og:image\" content=\"https:\/\/schulen-rapperswil.ch\/primarstufe\/wp-content\/uploads\/2024\/02\/Schule-Rapperswil-BE-Primarschule-Rabe-Integrative-Schule-03.svg\" \/>\n<meta name=\"twitter:card\" content=\"summary_large_image\" \/>\n<meta name=\"twitter:label1\" content=\"Gesch\u00e4tzte Lesezeit\" \/>\n\t<meta name=\"twitter:data1\" content=\"3\u00a0Minuten\" \/>\n<script type=\"application\/ld+json\" class=\"yoast-schema-graph\">{\"@context\":\"https:\\\/\\\/schema.org\",\"@graph\":[{\"@type\":\"WebPage\",\"@id\":\"https:\\\/\\\/schulen-rapperswil.ch\\\/primarstufe\\\/portrait\\\/integrative-schule\\\/\",\"url\":\"https:\\\/\\\/schulen-rapperswil.ch\\\/primarstufe\\\/portrait\\\/integrative-schule\\\/\",\"name\":\"Integrative Schule\u00a0\u00a0 - Schulen Rapperswil \u2013 Primarstufe\",\"isPartOf\":{\"@id\":\"https:\\\/\\\/schulen-rapperswil.ch\\\/primarstufe\\\/#website\"},\"primaryImageOfPage\":{\"@id\":\"https:\\\/\\\/schulen-rapperswil.ch\\\/primarstufe\\\/portrait\\\/integrative-schule\\\/#primaryimage\"},\"image\":{\"@id\":\"https:\\\/\\\/schulen-rapperswil.ch\\\/primarstufe\\\/portrait\\\/integrative-schule\\\/#primaryimage\"},\"thumbnailUrl\":\"https:\\\/\\\/schulen-rapperswil.ch\\\/primarstufe\\\/wp-content\\\/uploads\\\/2024\\\/02\\\/Schule-Rapperswil-BE-Primarschule-Rabe-Integrative-Schule-03.svg\",\"datePublished\":\"2024-02-23T11:57:34+00:00\",\"dateModified\":\"2024-03-22T09:33:10+00:00\",\"breadcrumb\":{\"@id\":\"https:\\\/\\\/schulen-rapperswil.ch\\\/primarstufe\\\/portrait\\\/integrative-schule\\\/#breadcrumb\"},\"inLanguage\":\"de\",\"potentialAction\":[{\"@type\":\"ReadAction\",\"target\":[\"https:\\\/\\\/schulen-rapperswil.ch\\\/primarstufe\\\/portrait\\\/integrative-schule\\\/\"]}]},{\"@type\":\"ImageObject\",\"inLanguage\":\"de\",\"@id\":\"https:\\\/\\\/schulen-rapperswil.ch\\\/primarstufe\\\/portrait\\\/integrative-schule\\\/#primaryimage\",\"url\":\"https:\\\/\\\/schulen-rapperswil.ch\\\/primarstufe\\\/wp-content\\\/uploads\\\/2024\\\/02\\\/Schule-Rapperswil-BE-Primarschule-Rabe-Integrative-Schule-03.svg\",\"contentUrl\":\"https:\\\/\\\/schulen-rapperswil.ch\\\/primarstufe\\\/wp-content\\\/uploads\\\/2024\\\/02\\\/Schule-Rapperswil-BE-Primarschule-Rabe-Integrative-Schule-03.svg\"},{\"@type\":\"BreadcrumbList\",\"@id\":\"https:\\\/\\\/schulen-rapperswil.ch\\\/primarstufe\\\/portrait\\\/integrative-schule\\\/#breadcrumb\",\"itemListElement\":[{\"@type\":\"ListItem\",\"position\":1,\"name\":\"Startseite\",\"item\":\"https:\\\/\\\/schulen-rapperswil.ch\\\/primarstufe\\\/\"},{\"@type\":\"ListItem\",\"position\":2,\"name\":\"Portrait\",\"item\":\"https:\\\/\\\/schulen-rapperswil.ch\\\/primarstufe\\\/portrait\\\/\"},{\"@type\":\"ListItem\",\"position\":3,\"name\":\"Integrative Schule\u00a0\u00a0\"}]},{\"@type\":\"WebSite\",\"@id\":\"https:\\\/\\\/schulen-rapperswil.ch\\\/primarstufe\\\/#website\",\"url\":\"https:\\\/\\\/schulen-rapperswil.ch\\\/primarstufe\\\/\",\"name\":\"Schulen Rapperswil\",\"description\":\"Primarstufe\",\"publisher\":{\"@id\":\"https:\\\/\\\/schulen-rapperswil.ch\\\/primarstufe\\\/#organization\"},\"potentialAction\":[{\"@type\":\"SearchAction\",\"target\":{\"@type\":\"EntryPoint\",\"urlTemplate\":\"https:\\\/\\\/schulen-rapperswil.ch\\\/primarstufe\\\/?s={search_term_string}\"},\"query-input\":{\"@type\":\"PropertyValueSpecification\",\"valueRequired\":true,\"valueName\":\"search_term_string\"}}],\"inLanguage\":\"de\"},{\"@type\":\"Organization\",\"@id\":\"https:\\\/\\\/schulen-rapperswil.ch\\\/primarstufe\\\/#organization\",\"name\":\"Schulen Rapperswil Primarschule\",\"url\":\"https:\\\/\\\/schulen-rapperswil.ch\\\/primarstufe\\\/\",\"logo\":{\"@type\":\"ImageObject\",\"inLanguage\":\"de\",\"@id\":\"https:\\\/\\\/schulen-rapperswil.ch\\\/primarstufe\\\/#\\\/schema\\\/logo\\\/image\\\/\",\"url\":\"https:\\\/\\\/schulen-rapperswil.ch\\\/primarstufe\\\/wp-content\\\/uploads\\\/2024\\\/02\\\/Schule-Rapperswil-BE-Primarschule-Logo-1.svg\",\"contentUrl\":\"https:\\\/\\\/schulen-rapperswil.ch\\\/primarstufe\\\/wp-content\\\/uploads\\\/2024\\\/02\\\/Schule-Rapperswil-BE-Primarschule-Logo-1.svg\",\"caption\":\"Schulen Rapperswil Primarschule\"},\"image\":{\"@id\":\"https:\\\/\\\/schulen-rapperswil.ch\\\/primarstufe\\\/#\\\/schema\\\/logo\\\/image\\\/\"}}]}<\/script>\n<!-- \/ Yoast SEO plugin. -->","yoast_head_json":{"title":"Integrative Schule\u00a0\u00a0 - Schulen Rapperswil \u2013 Primarstufe","robots":{"index":"index","follow":"follow","max-snippet":"max-snippet:-1","max-image-preview":"max-image-preview:large","max-video-preview":"max-video-preview:-1"},"canonical":"https:\/\/schulen-rapperswil.ch\/primarstufe\/portrait\/integrative-schule\/","og_locale":"de_DE","og_type":"article","og_title":"Integrative Schule\u00a0\u00a0 - Schulen Rapperswil \u2013 Primarstufe","og_description":"Integrative Schule \u00abWir sind alle verschieden, und das ist gut so, denn wir sind alle einzigartig. Ohne Vielfalt w\u00e4re das Leben sehr langweilig\u00bb Catherine Pulsifer An unserer Primarschule werden rund 220 Kinder beschult. Wir sind eine Schule f\u00fcr alle. Daher werden in unseren jahrgangsdurchmischten Klassen die Kinder gemeinsam unterrichtet, das gilt auch f\u00fcr Sch\u00fcler*innen mit [&hellip;]","og_url":"https:\/\/schulen-rapperswil.ch\/primarstufe\/portrait\/integrative-schule\/","og_site_name":"Schulen Rapperswil \u2013 Primarstufe","article_modified_time":"2024-03-22T09:33:10+00:00","og_image":[{"url":"https:\/\/schulen-rapperswil.ch\/primarstufe\/wp-content\/uploads\/2024\/02\/Schule-Rapperswil-BE-Primarschule-Rabe-Integrative-Schule-03.svg","type":"","width":"","height":""}],"twitter_card":"summary_large_image","twitter_misc":{"Gesch\u00e4tzte Lesezeit":"3\u00a0Minuten"},"schema":{"@context":"https:\/\/schema.org","@graph":[{"@type":"WebPage","@id":"https:\/\/schulen-rapperswil.ch\/primarstufe\/portrait\/integrative-schule\/","url":"https:\/\/schulen-rapperswil.ch\/primarstufe\/portrait\/integrative-schule\/","name":"Integrative Schule\u00a0\u00a0 - Schulen Rapperswil \u2013 Primarstufe","isPartOf":{"@id":"https:\/\/schulen-rapperswil.ch\/primarstufe\/#website"},"primaryImageOfPage":{"@id":"https:\/\/schulen-rapperswil.ch\/primarstufe\/portrait\/integrative-schule\/#primaryimage"},"image":{"@id":"https:\/\/schulen-rapperswil.ch\/primarstufe\/portrait\/integrative-schule\/#primaryimage"},"thumbnailUrl":"https:\/\/schulen-rapperswil.ch\/primarstufe\/wp-content\/uploads\/2024\/02\/Schule-Rapperswil-BE-Primarschule-Rabe-Integrative-Schule-03.svg","datePublished":"2024-02-23T11:57:34+00:00","dateModified":"2024-03-22T09:33:10+00:00","breadcrumb":{"@id":"https:\/\/schulen-rapperswil.ch\/primarstufe\/portrait\/integrative-schule\/#breadcrumb"},"inLanguage":"de","potentialAction":[{"@type":"ReadAction","target":["https:\/\/schulen-rapperswil.ch\/primarstufe\/portrait\/integrative-schule\/"]}]},{"@type":"ImageObject","inLanguage":"de","@id":"https:\/\/schulen-rapperswil.ch\/primarstufe\/portrait\/integrative-schule\/#primaryimage","url":"https:\/\/schulen-rapperswil.ch\/primarstufe\/wp-content\/uploads\/2024\/02\/Schule-Rapperswil-BE-Primarschule-Rabe-Integrative-Schule-03.svg","contentUrl":"https:\/\/schulen-rapperswil.ch\/primarstufe\/wp-content\/uploads\/2024\/02\/Schule-Rapperswil-BE-Primarschule-Rabe-Integrative-Schule-03.svg"},{"@type":"BreadcrumbList","@id":"https:\/\/schulen-rapperswil.ch\/primarstufe\/portrait\/integrative-schule\/#breadcrumb","itemListElement":[{"@type":"ListItem","position":1,"name":"Startseite","item":"https:\/\/schulen-rapperswil.ch\/primarstufe\/"},{"@type":"ListItem","position":2,"name":"Portrait","item":"https:\/\/schulen-rapperswil.ch\/primarstufe\/portrait\/"},{"@type":"ListItem","position":3,"name":"Integrative Schule\u00a0\u00a0"}]},{"@type":"WebSite","@id":"https:\/\/schulen-rapperswil.ch\/primarstufe\/#website","url":"https:\/\/schulen-rapperswil.ch\/primarstufe\/","name":"Schulen Rapperswil","description":"Primarstufe","publisher":{"@id":"https:\/\/schulen-rapperswil.ch\/primarstufe\/#organization"},"potentialAction":[{"@type":"SearchAction","target":{"@type":"EntryPoint","urlTemplate":"https:\/\/schulen-rapperswil.ch\/primarstufe\/?s={search_term_string}"},"query-input":{"@type":"PropertyValueSpecification","valueRequired":true,"valueName":"search_term_string"}}],"inLanguage":"de"},{"@type":"Organization","@id":"https:\/\/schulen-rapperswil.ch\/primarstufe\/#organization","name":"Schulen Rapperswil Primarschule","url":"https:\/\/schulen-rapperswil.ch\/primarstufe\/","logo":{"@type":"ImageObject","inLanguage":"de","@id":"https:\/\/schulen-rapperswil.ch\/primarstufe\/#\/schema\/logo\/image\/","url":"https:\/\/schulen-rapperswil.ch\/primarstufe\/wp-content\/uploads\/2024\/02\/Schule-Rapperswil-BE-Primarschule-Logo-1.svg","contentUrl":"https:\/\/schulen-rapperswil.ch\/primarstufe\/wp-content\/uploads\/2024\/02\/Schule-Rapperswil-BE-Primarschule-Logo-1.svg","caption":"Schulen Rapperswil Primarschule"},"image":{"@id":"https:\/\/schulen-rapperswil.ch\/primarstufe\/#\/schema\/logo\/image\/"}}]}},"_links":{"self":[{"href":"https:\/\/schulen-rapperswil.ch\/primarstufe\/wp-json\/wp\/v2\/pages\/887","targetHints":{"allow":["GET"]}}],"collection":[{"href":"https:\/\/schulen-rapperswil.ch\/primarstufe\/wp-json\/wp\/v2\/pages"}],"about":[{"href":"https:\/\/schulen-rapperswil.ch\/primarstufe\/wp-json\/wp\/v2\/types\/page"}],"author":[{"embeddable":true,"href":"https:\/\/schulen-rapperswil.ch\/primarstufe\/wp-json\/wp\/v2\/users\/1"}],"replies":[{"embeddable":true,"href":"https:\/\/schulen-rapperswil.ch\/primarstufe\/wp-json\/wp\/v2\/comments?post=887"}],"version-history":[{"count":73,"href":"https:\/\/schulen-rapperswil.ch\/primarstufe\/wp-json\/wp\/v2\/pages\/887\/revisions"}],"predecessor-version":[{"id":2480,"href":"https:\/\/schulen-rapperswil.ch\/primarstufe\/wp-json\/wp\/v2\/pages\/887\/revisions\/2480"}],"up":[{"embeddable":true,"href":"https:\/\/schulen-rapperswil.ch\/primarstufe\/wp-json\/wp\/v2\/pages\/547"}],"wp:attachment":[{"href":"https:\/\/schulen-rapperswil.ch\/primarstufe\/wp-json\/wp\/v2\/media?parent=887"}],"curies":[{"name":"wp","href":"https:\/\/api.w.org\/{rel}","templated":true}]}}